{"id":406,"date":"2025-02-17T08:32:53","date_gmt":"2025-02-17T08:32:53","guid":{"rendered":"https:\/\/romainvest.es\/?page_id=406"},"modified":"2025-05-02T09:20:19","modified_gmt":"2025-05-02T09:20:19","slug":"arquitectura-y-construccion","status":"publish","type":"page","link":"https:\/\/romainvest.es\/ca\/arquitectura-y-construccion\/","title":{"rendered":"Arquitectura i Construcci\u00f3"},"content":{"rendered":"<div data-elementor-type=\"wp-page\" data-elementor-id=\"406\" class=\"elementor elementor-406\" data-elementor-post-type=\"page\">\n\t\t\t\t<div class=\"elementor-element elementor-element-9715cac e-flex e-con-boxed e-con e-parent\" data-id=\"9715cac\" data-element_type=\"container\" data-settings=\"{&quot;background_background&quot;:&quot;classic&quot;}\">\n\t\t\t\t\t<div class=\"e-con-inner\">\n\t\t\t\t<div class=\"elementor-element elementor-element-09d789e elementor-widget elementor-widget-heading\" data-id=\"09d789e\" data-element_type=\"widget\" data-widget_type=\"heading.default\">\n\t\t\t\t\t<h1 class=\"elementor-heading-title elementor-size-default\">Arquitectura<\/h1>\t\t\t\t<\/div>\n\t\t\t\t\t<\/div>\n\t\t\t\t<\/div>\n\t\t<div class=\"elementor-element elementor-element-410237d e-flex e-con-boxed e-con e-parent\" data-id=\"410237d\" data-element_type=\"container\" data-settings=\"{&quot;background_background&quot;:&quot;classic&quot;}\">\n\t\t\t\t\t<div class=\"e-con-inner\">\n\t\t<div class=\"elementor-element elementor-element-191d7df e-con-full e-flex e-con e-child\" data-id=\"191d7df\" data-element_type=\"container\">\n\t\t<div class=\"elementor-element elementor-element-bc7153c e-con-full e-flex e-con e-child\" data-id=\"bc7153c\" data-element_type=\"container\">\n\t\t<div class=\"elementor-element elementor-element-67e5f18 e-con-full e-flex e-con e-child\" data-id=\"67e5f18\" data-element_type=\"container\">\n\t\t<div class=\"elementor-element elementor-element-a04ceef e-con-full e-flex e-con e-child\" data-id=\"a04ceef\" data-element_type=\"container\">\n\t\t\t\t<div class=\"elementor-element elementor-element-8c266e9 elementor-widget elementor-widget-heading\" data-id=\"8c266e9\" data-element_type=\"widget\" data-widget_type=\"heading.default\">\n\t\t\t\t\t<h3 class=\"elementor-heading-title elementor-size-default\">Disseny i desenvolupament d\u2019espais<\/h3>\t\t\t\t<\/div>\n\t\t\t\t<div class=\"elementor-element elementor-element-9b8d356 elementor-widget elementor-widget-heading\" data-id=\"9b8d356\" data-element_type=\"widget\" data-widget_type=\"heading.default\">\n\t\t\t\t\t<h2 class=\"elementor-heading-title elementor-size-default\">Arquitectura i Construcci\u00f3<\/h2>\t\t\t\t<\/div>\n\t\t\t\t<\/div>\n\t\t\t\t<div class=\"elementor-element elementor-element-b7c6054 elementor-widget elementor-widget-text-editor\" data-id=\"b7c6054\" data-element_type=\"widget\" data-widget_type=\"text-editor.default\">\n\t\t\t\t\t\t\t\t\t<p data-start=\"267\" data-end=\"553\">El nostre servei d\u2019arquitectura i construcci\u00f3 abasta des de la conceptualitzaci\u00f3 d\u2019idees fins a la materialitzaci\u00f3 de projectes d\u2019alt nivell. Estem especialitzats en el disseny d\u2019espais funcionals, est\u00e8ticament atractius i adaptats a les necessitats espec\u00edfiques de cada client.<\/p><p data-start=\"555\" data-end=\"849\">Treballem amb un equip multidisciplinari format per arquitectes, enginyers i dissenyadors que garanteixen l\u2019execuci\u00f3 eficient de cada projecte. Utilitzem tecnologia capdavantera i materials d\u2019\u00faltima generaci\u00f3 per construir estructures segures, sostenibles i d\u2019alt rendiment.<\/p><p data-start=\"851\" data-end=\"1185\">A m\u00e9s, ens centrem en l\u2019efici\u00e8ncia energ\u00e8tica, l\u2019optimitzaci\u00f3 de l\u2019espai i l\u2019harmonia amb l\u2019entorn, assegurant que cada edificaci\u00f3 compleixi els est\u00e0ndards m\u00e9s alts de qualitat. Des de resid\u00e8ncies privades fins a edificis comercials i urbanitzacions, executem cada obra amb un comprom\u00eds absolut amb l\u2019excel\u00b7l\u00e8ncia.<\/p>\t\t\t\t\t\t\t\t<\/div>\n\t\t\t\t<\/div>\n\t\t<div class=\"elementor-element elementor-element-0b14292 e-con-full e-flex e-con e-child\" data-id=\"0b14292\" data-element_type=\"container\">\n\t\t\t\t<div class=\"elementor-element elementor-element-b77e32c animated-fast elementor-invisible elementor-widget elementor-widget-image\" data-id=\"b77e32c\" data-element_type=\"widget\" data-settings=\"{&quot;_animation&quot;:&quot;fadeInLeft&quot;}\" data-widget_type=\"image.default\">\n\t\t\t\t\t\t\t\t\t\t\t\t\t\t\t<img alt=\"\" fetchpriority=\"high\" decoding=\"async\" width=\"683\" height=\"1024\" src=\"https:\/\/romainvest.es\/wp-content\/uploads\/2025\/04\/madalin-rNpNbhgCVo0-unsplash-683x1024.webp\" class=\"attachment-large size-large wp-image-520\" srcset=\"https:\/\/romainvest.es\/wp-content\/uploads\/2025\/04\/madalin-rNpNbhgCVo0-unsplash-683x1024.webp 683w, https:\/\/romainvest.es\/wp-content\/uploads\/2025\/04\/madalin-rNpNbhgCVo0-unsplash-200x300.webp 200w, https:\/\/romainvest.es\/wp-content\/uploads\/2025\/04\/madalin-rNpNbhgCVo0-unsplash-768x1152.webp 768w, https:\/\/romainvest.es\/wp-content\/uploads\/2025\/04\/madalin-rNpNbhgCVo0-unsplash.webp 900w\" sizes=\"(max-width: 683px) 100vw, 683px\" \/>\t\t\t\t\t\t\t\t\t\t\t\t\t\t\t<\/div>\n\t\t\t\t<\/div>\n\t\t\t\t<\/div>\n\t\t\t\t<\/div>\n\t\t\t\t\t<\/div>\n\t\t\t\t<\/div>\n\t\t<div class=\"elementor-element elementor-element-4f37594 e-flex e-con-boxed e-con e-parent\" data-id=\"4f37594\" data-element_type=\"container\">\n\t\t\t\t\t<div class=\"e-con-inner\">\n\t\t\t\t<div class=\"elementor-element elementor-element-c77d385 elementor-widget elementor-widget-n-accordion\" data-id=\"c77d385\" data-element_type=\"widget\" data-settings=\"{&quot;default_state&quot;:&quot;expanded&quot;,&quot;max_items_expended&quot;:&quot;one&quot;,&quot;n_accordion_animation_duration&quot;:{&quot;unit&quot;:&quot;ms&quot;,&quot;size&quot;:400,&quot;sizes&quot;:[]}}\" data-widget_type=\"nested-accordion.default\">\n\t\t\t\t\t\t\t<div class=\"e-n-accordion\" aria-label=\"Accordion. Open links with Enter or Space, close with Escape, and navigate with Arrow Keys\">\n\t\t\t\t\t\t<details id=\"e-n-accordion-item-2090\" class=\"e-n-accordion-item\" open>\n\t\t\t\t<summary class=\"e-n-accordion-item-title\" data-accordion-index=\"1\" tabindex=\"0\" aria-expanded=\"true\" aria-controls=\"e-n-accordion-item-2090\" >\n\t\t\t\t\t<span class='e-n-accordion-item-title-header'><div class=\"e-n-accordion-item-title-text\"> Quin tipus de projectes desenvolupen? <\/div><\/span>\n\t\t\t\t\t\t\t<span class='e-n-accordion-item-title-icon'>\n\t\t\t<span class='e-opened' ><svg aria-hidden=\"true\" class=\"e-font-icon-svg e-fas-angle-down\" viewbox=\"0 0 320 512\" xmlns=\"http:\/\/www.w3.org\/2000\/svg\"><path d=\"M143 352.3L7 216.3c-9.4-9.4-9.4-24.6 0-33.9l22.6-22.6c9.4-9.4 24.6-9.4 33.9 0l96.4 96.4 96.4-96.4c9.4-9.4 24.6-9.4 33.9 0l22.6 22.6c9.4 9.4 9.4 24.6 0 33.9l-136 136c-9.2 9.4-24.4 9.4-33.8 0z\"><\/path><\/svg><\/span>\n\t\t\t<span class='e-closed'><svg aria-hidden=\"true\" class=\"e-font-icon-svg e-fas-angle-up\" viewbox=\"0 0 320 512\" xmlns=\"http:\/\/www.w3.org\/2000\/svg\"><path d=\"M177 159.7l136 136c9.4 9.4 9.4 24.6 0 33.9l-22.6 22.6c-9.4 9.4-24.6 9.4-33.9 0L160 255.9l-96.4 96.4c-9.4 9.4-24.6 9.4-33.9 0L7 329.7c-9.4-9.4-9.4-24.6 0-33.9l136-136c9.4-9.5 24.6-9.5 34-.1z\"><\/path><\/svg><\/span>\n\t\t<\/span>\n\n\t\t\t\t\t\t<\/summary>\n\t\t\t\t<div role=\"region\" aria-labelledby=\"e-n-accordion-item-2090\" class=\"elementor-element elementor-element-c136249 e-con-full e-flex e-con e-child\" data-id=\"c136249\" data-element_type=\"container\">\n\t\t\t\t<div class=\"elementor-element elementor-element-629df7f elementor-widget elementor-widget-text-editor\" data-id=\"629df7f\" data-element_type=\"widget\" data-widget_type=\"text-editor.default\">\n\t\t\t\t\t\t\t\t\t<p>Desenvolupem una \u00e0mplia gamma de projectes, des de resid\u00e8ncies privades fins a edificis comercials i urbanitzacions. Cada projecte es dissenya i executa segons les necessitats espec\u00edfiques del client, mantenint sempre els est\u00e0ndards de qualitat m\u00e9s alts.<\/p>\t\t\t\t\t\t\t\t<\/div>\n\t\t\t\t<\/div>\n\t\t\t\t\t<\/details>\n\t\t\t\t\t\t<details id=\"e-n-accordion-item-2091\" class=\"e-n-accordion-item\" >\n\t\t\t\t<summary class=\"e-n-accordion-item-title\" data-accordion-index=\"2\" tabindex=\"-1\" aria-expanded=\"false\" aria-controls=\"e-n-accordion-item-2091\" >\n\t\t\t\t\t<span class='e-n-accordion-item-title-header'><div class=\"e-n-accordion-item-title-text\"> Com est\u00e0 compost el vostre equip de treball? <\/div><\/span>\n\t\t\t\t\t\t\t<span class='e-n-accordion-item-title-icon'>\n\t\t\t<span class='e-opened' ><svg aria-hidden=\"true\" class=\"e-font-icon-svg e-fas-angle-down\" viewbox=\"0 0 320 512\" xmlns=\"http:\/\/www.w3.org\/2000\/svg\"><path d=\"M143 352.3L7 216.3c-9.4-9.4-9.4-24.6 0-33.9l22.6-22.6c9.4-9.4 24.6-9.4 33.9 0l96.4 96.4 96.4-96.4c9.4-9.4 24.6-9.4 33.9 0l22.6 22.6c9.4 9.4 9.4 24.6 0 33.9l-136 136c-9.2 9.4-24.4 9.4-33.8 0z\"><\/path><\/svg><\/span>\n\t\t\t<span class='e-closed'><svg aria-hidden=\"true\" class=\"e-font-icon-svg e-fas-angle-up\" viewbox=\"0 0 320 512\" xmlns=\"http:\/\/www.w3.org\/2000\/svg\"><path d=\"M177 159.7l136 136c9.4 9.4 9.4 24.6 0 33.9l-22.6 22.6c-9.4 9.4-24.6 9.4-33.9 0L160 255.9l-96.4 96.4c-9.4 9.4-24.6 9.4-33.9 0L7 329.7c-9.4-9.4-9.4-24.6 0-33.9l136-136c9.4-9.5 24.6-9.5 34-.1z\"><\/path><\/svg><\/span>\n\t\t<\/span>\n\n\t\t\t\t\t\t<\/summary>\n\t\t\t\t<div role=\"region\" aria-labelledby=\"e-n-accordion-item-2091\" class=\"elementor-element elementor-element-8c258b1 e-con-full e-flex e-con e-child\" data-id=\"8c258b1\" data-element_type=\"container\">\n\t\t\t\t<div class=\"elementor-element elementor-element-623db71 elementor-widget elementor-widget-text-editor\" data-id=\"623db71\" data-element_type=\"widget\" data-widget_type=\"text-editor.default\">\n\t\t\t\t\t\t\t\t\t<p>Comptem amb un equip multidisciplinari format per arquitectes, enginyers i dissenyadors especialitzats. Aquesta diversitat professional ens permet abordar cada projecte des de diferents perspectives i garantir resultats \u00f2ptims.<\/p>\t\t\t\t\t\t\t\t<\/div>\n\t\t\t\t<\/div>\n\t\t\t\t\t<\/details>\n\t\t\t\t\t\t<details id=\"e-n-accordion-item-2092\" class=\"e-n-accordion-item\" >\n\t\t\t\t<summary class=\"e-n-accordion-item-title\" data-accordion-index=\"3\" tabindex=\"-1\" aria-expanded=\"false\" aria-controls=\"e-n-accordion-item-2092\" >\n\t\t\t\t\t<span class='e-n-accordion-item-title-header'><div class=\"e-n-accordion-item-title-text\"> Quines tecnologies utilitzeu als vostres projectes? <\/div><\/span>\n\t\t\t\t\t\t\t<span class='e-n-accordion-item-title-icon'>\n\t\t\t<span class='e-opened' ><svg aria-hidden=\"true\" class=\"e-font-icon-svg e-fas-angle-down\" viewbox=\"0 0 320 512\" xmlns=\"http:\/\/www.w3.org\/2000\/svg\"><path d=\"M143 352.3L7 216.3c-9.4-9.4-9.4-24.6 0-33.9l22.6-22.6c9.4-9.4 24.6-9.4 33.9 0l96.4 96.4 96.4-96.4c9.4-9.4 24.6-9.4 33.9 0l22.6 22.6c9.4 9.4 9.4 24.6 0 33.9l-136 136c-9.2 9.4-24.4 9.4-33.8 0z\"><\/path><\/svg><\/span>\n\t\t\t<span class='e-closed'><svg aria-hidden=\"true\" class=\"e-font-icon-svg e-fas-angle-up\" viewbox=\"0 0 320 512\" xmlns=\"http:\/\/www.w3.org\/2000\/svg\"><path d=\"M177 159.7l136 136c9.4 9.4 9.4 24.6 0 33.9l-22.6 22.6c-9.4 9.4-24.6 9.4-33.9 0L160 255.9l-96.4 96.4c-9.4 9.4-24.6 9.4-33.9 0L7 329.7c-9.4-9.4-9.4-24.6 0-33.9l136-136c9.4-9.5 24.6-9.5 34-.1z\"><\/path><\/svg><\/span>\n\t\t<\/span>\n\n\t\t\t\t\t\t<\/summary>\n\t\t\t\t<div role=\"region\" aria-labelledby=\"e-n-accordion-item-2092\" class=\"elementor-element elementor-element-5c70262 e-con-full e-flex e-con e-child\" data-id=\"5c70262\" data-element_type=\"container\">\n\t\t\t\t<div class=\"elementor-element elementor-element-b5b28eb elementor-widget elementor-widget-text-editor\" data-id=\"b5b28eb\" data-element_type=\"widget\" data-widget_type=\"text-editor.default\">\n\t\t\t\t\t\t\t\t\t<p>Implementem tecnologia capdavantera i materials d\u2019\u00faltima generaci\u00f3 en tots els nostres projectes. Aix\u00f2 ens permet crear estructures m\u00e9s segures, eficients i duradores.<\/p>\t\t\t\t\t\t\t\t<\/div>\n\t\t\t\t<\/div>\n\t\t\t\t\t<\/details>\n\t\t\t\t\t<\/div>\n\t\t\t\t\t\t<\/div>\n\t\t\t\t\t<\/div>\n\t\t\t\t<\/div>\n\t\t\t\t<\/div>","protected":false},"excerpt":{"rendered":"<p>Arquitectura Dise\u00f1o y desarrollo de espacios Arquitectura y Construcci\u00f3n Nuestro servicio de arquitectura y construcci\u00f3n abarca desde la conceptualizaci\u00f3n de ideas hasta la materializaci\u00f3n de proyectos de alto nivel. Nos especializamos en el dise\u00f1o de espacios funcionales, est\u00e9ticamente atractivos y adaptados a las necesidades espec\u00edficas de cada cliente. Trabajamos con un equipo multidisciplinario compuesto por [&hellip;]<\/p>","protected":false},"author":1,"featured_media":0,"parent":0,"menu_order":0,"comment_status":"closed","ping_status":"closed","template":"","meta":{"_acf_changed":false,"_seopress_robots_primary_cat":"","_seopress_titles_title":"","_seopress_titles_desc":"","_seopress_robots_index":"","footnotes":""},"class_list":["post-406","page","type-page","status-publish","hentry"],"acf":[],"_links":{"self":[{"href":"https:\/\/romainvest.es\/ca\/wp-json\/wp\/v2\/pages\/406","targetHints":{"allow":["GET"]}}],"collection":[{"href":"https:\/\/romainvest.es\/ca\/wp-json\/wp\/v2\/pages"}],"about":[{"href":"https:\/\/romainvest.es\/ca\/wp-json\/wp\/v2\/types\/page"}],"author":[{"embeddable":true,"href":"https:\/\/romainvest.es\/ca\/wp-json\/wp\/v2\/users\/1"}],"replies":[{"embeddable":true,"href":"https:\/\/romainvest.es\/ca\/wp-json\/wp\/v2\/comments?post=406"}],"version-history":[{"count":0,"href":"https:\/\/romainvest.es\/ca\/wp-json\/wp\/v2\/pages\/406\/revisions"}],"wp:attachment":[{"href":"https:\/\/romainvest.es\/ca\/wp-json\/wp\/v2\/media?parent=406"}],"curies":[{"name":"wp","href":"https:\/\/api.w.org\/{rel}","templated":true}]}}