{"id":418,"date":"2025-02-17T08:45:53","date_gmt":"2025-02-17T08:45:53","guid":{"rendered":"https:\/\/romainvest.es\/?page_id=418"},"modified":"2025-05-02T09:22:05","modified_gmt":"2025-05-02T09:22:05","slug":"control-y-gestion-de-obras","status":"publish","type":"page","link":"https:\/\/romainvest.es\/ca\/control-y-gestion-de-obras\/","title":{"rendered":"Control i Gesti\u00f3 d\u2019Obres"},"content":{"rendered":"<div data-elementor-type=\"wp-page\" data-elementor-id=\"418\" class=\"elementor elementor-418\" data-elementor-post-type=\"page\">\n\t\t\t\t<div class=\"elementor-element elementor-element-756ad14 e-flex e-con-boxed e-con e-parent\" data-id=\"756ad14\" data-element_type=\"container\" data-settings=\"{&quot;background_background&quot;:&quot;classic&quot;}\">\n\t\t\t\t\t<div class=\"e-con-inner\">\n\t\t\t\t<div class=\"elementor-element elementor-element-118b79d elementor-widget elementor-widget-heading\" data-id=\"118b79d\" data-element_type=\"widget\" data-widget_type=\"heading.default\">\n\t\t\t\t\t<h1 class=\"elementor-heading-title elementor-size-default\">Control i Gesti\u00f3 d\u2019Obres\n<\/h1>\t\t\t\t<\/div>\n\t\t\t\t\t<\/div>\n\t\t\t\t<\/div>\n\t\t<div class=\"elementor-element elementor-element-67928f8 e-flex e-con-boxed e-con e-parent\" data-id=\"67928f8\" data-element_type=\"container\" data-settings=\"{&quot;background_background&quot;:&quot;classic&quot;}\">\n\t\t\t\t\t<div class=\"e-con-inner\">\n\t\t<div class=\"elementor-element elementor-element-d28dacd e-con-full e-flex e-con e-child\" data-id=\"d28dacd\" data-element_type=\"container\">\n\t\t<div class=\"elementor-element elementor-element-f539a48 e-con-full e-flex e-con e-child\" data-id=\"f539a48\" data-element_type=\"container\">\n\t\t<div class=\"elementor-element elementor-element-a81c0b1 e-con-full e-flex e-con e-child\" data-id=\"a81c0b1\" data-element_type=\"container\">\n\t\t<div class=\"elementor-element elementor-element-6470447 e-con-full e-flex e-con e-child\" data-id=\"6470447\" data-element_type=\"container\">\n\t\t\t\t<div class=\"elementor-element elementor-element-8891648 elementor-widget elementor-widget-heading\" data-id=\"8891648\" data-element_type=\"widget\" data-widget_type=\"heading.default\">\n\t\t\t\t\t<h3 class=\"elementor-heading-title elementor-size-default\">Supervisi\u00f3 professional per a projectes amb \u00e8xit<\/h3>\t\t\t\t<\/div>\n\t\t\t\t<div class=\"elementor-element elementor-element-846e58d elementor-widget elementor-widget-heading\" data-id=\"846e58d\" data-element_type=\"widget\" data-widget_type=\"heading.default\">\n\t\t\t\t\t<h2 class=\"elementor-heading-title elementor-size-default\">Control i Gesti\u00f3 d\u2019Obres\n<\/h2>\t\t\t\t<\/div>\n\t\t\t\t<\/div>\n\t\t\t\t<div class=\"elementor-element elementor-element-9779733 elementor-widget elementor-widget-text-editor\" data-id=\"9779733\" data-element_type=\"widget\" data-widget_type=\"text-editor.default\">\n\t\t\t\t\t\t\t\t\t<p data-start=\"2237\" data-end=\"2580\">La correcta gesti\u00f3 d\u2019una obra \u00e9s fonamental per evitar imprevistos, garantir el compliment dels terminis i optimitzar els costos. Ens especialitzem en la planificaci\u00f3, supervisi\u00f3 i control de cada etapa del proc\u00e9s constructiu, assegurant que tot es dugui a terme conforme a la normativa vigent i als est\u00e0ndards de qualitat establerts.<\/p><p data-start=\"2582\" data-end=\"2856\">Coordinem els diferents equips de treball, gestionem prove\u00efdors i realitzem auditories cont\u00ednues per garantir la correcta execuci\u00f3 de l\u2019obra. A m\u00e9s, duem a terme un control pressupostari detallat, optimitzant els recursos i evitant sobrecostos innecessaris.<\/p><p data-start=\"2858\" data-end=\"3062\">El nostre enfocament proactiu i la nostra experi\u00e8ncia en gesti\u00f3 de projectes ens permeten minimitzar riscos i garantir l\u2019\u00e8xit de cada construcci\u00f3, oferint tranquil\u00b7litat i confian\u00e7a als nostres clients.<\/p>\t\t\t\t\t\t\t\t<\/div>\n\t\t\t\t<\/div>\n\t\t<div class=\"elementor-element elementor-element-ab20997 e-con-full e-flex e-con e-child\" data-id=\"ab20997\" data-element_type=\"container\">\n\t\t\t\t<div class=\"elementor-element elementor-element-a565853 animated-fast elementor-invisible elementor-widget elementor-widget-image\" data-id=\"a565853\" data-element_type=\"widget\" data-settings=\"{&quot;_animation&quot;:&quot;fadeInLeft&quot;}\" data-widget_type=\"image.default\">\n\t\t\t\t\t\t\t\t\t\t\t\t\t\t\t<img alt=\"\" fetchpriority=\"high\" decoding=\"async\" width=\"800\" height=\"601\" src=\"https:\/\/romainvest.es\/wp-content\/uploads\/2025\/04\/view-cala-s-almunia-mallorca-spain.webp\" class=\"attachment-large size-large wp-image-530\" srcset=\"https:\/\/romainvest.es\/wp-content\/uploads\/2025\/04\/view-cala-s-almunia-mallorca-spain.webp 900w, https:\/\/romainvest.es\/wp-content\/uploads\/2025\/04\/view-cala-s-almunia-mallorca-spain-300x225.webp 300w, https:\/\/romainvest.es\/wp-content\/uploads\/2025\/04\/view-cala-s-almunia-mallorca-spain-768x577.webp 768w\" sizes=\"(max-width: 800px) 100vw, 800px\" \/>\t\t\t\t\t\t\t\t\t\t\t\t\t\t\t<\/div>\n\t\t\t\t<\/div>\n\t\t\t\t<\/div>\n\t\t\t\t<\/div>\n\t\t\t\t\t<\/div>\n\t\t\t\t<\/div>\n\t\t<div class=\"elementor-element elementor-element-55f1062 e-flex e-con-boxed e-con e-parent\" data-id=\"55f1062\" data-element_type=\"container\">\n\t\t\t\t\t<div class=\"e-con-inner\">\n\t\t\t\t<div class=\"elementor-element elementor-element-76cffd8 elementor-widget elementor-widget-n-accordion\" data-id=\"76cffd8\" data-element_type=\"widget\" data-settings=\"{&quot;default_state&quot;:&quot;expanded&quot;,&quot;max_items_expended&quot;:&quot;one&quot;,&quot;n_accordion_animation_duration&quot;:{&quot;unit&quot;:&quot;ms&quot;,&quot;size&quot;:400,&quot;sizes&quot;:[]}}\" data-widget_type=\"nested-accordion.default\">\n\t\t\t\t\t\t\t<div class=\"e-n-accordion\" aria-label=\"Accordion. Open links with Enter or Space, close with Escape, and navigate with Arrow Keys\">\n\t\t\t\t\t\t<details id=\"e-n-accordion-item-1240\" class=\"e-n-accordion-item\" open>\n\t\t\t\t<summary class=\"e-n-accordion-item-title\" data-accordion-index=\"1\" tabindex=\"0\" aria-expanded=\"true\" aria-controls=\"e-n-accordion-item-1240\" >\n\t\t\t\t\t<span class='e-n-accordion-item-title-header'><div class=\"e-n-accordion-item-title-text\"> Quin tipus de projectes desenvolupen? <\/div><\/span>\n\t\t\t\t\t\t\t<span class='e-n-accordion-item-title-icon'>\n\t\t\t<span class='e-opened' ><svg aria-hidden=\"true\" class=\"e-font-icon-svg e-fas-angle-down\" viewbox=\"0 0 320 512\" xmlns=\"http:\/\/www.w3.org\/2000\/svg\"><path d=\"M143 352.3L7 216.3c-9.4-9.4-9.4-24.6 0-33.9l22.6-22.6c9.4-9.4 24.6-9.4 33.9 0l96.4 96.4 96.4-96.4c9.4-9.4 24.6-9.4 33.9 0l22.6 22.6c9.4 9.4 9.4 24.6 0 33.9l-136 136c-9.2 9.4-24.4 9.4-33.8 0z\"><\/path><\/svg><\/span>\n\t\t\t<span class='e-closed'><svg aria-hidden=\"true\" class=\"e-font-icon-svg e-fas-angle-up\" viewbox=\"0 0 320 512\" xmlns=\"http:\/\/www.w3.org\/2000\/svg\"><path d=\"M177 159.7l136 136c9.4 9.4 9.4 24.6 0 33.9l-22.6 22.6c-9.4 9.4-24.6 9.4-33.9 0L160 255.9l-96.4 96.4c-9.4 9.4-24.6 9.4-33.9 0L7 329.7c-9.4-9.4-9.4-24.6 0-33.9l136-136c9.4-9.5 24.6-9.5 34-.1z\"><\/path><\/svg><\/span>\n\t\t<\/span>\n\n\t\t\t\t\t\t<\/summary>\n\t\t\t\t<div role=\"region\" aria-labelledby=\"e-n-accordion-item-1240\" class=\"elementor-element elementor-element-362b1c2 e-con-full e-flex e-con e-child\" data-id=\"362b1c2\" data-element_type=\"container\">\n\t\t\t\t<div class=\"elementor-element elementor-element-50d2322 elementor-widget elementor-widget-text-editor\" data-id=\"50d2322\" data-element_type=\"widget\" data-widget_type=\"text-editor.default\">\n\t\t\t\t\t\t\t\t\t<p>Desenvolupem una \u00e0mplia gamma de projectes, des de resid\u00e8ncies privades fins a edificis comercials i urbanitzacions. Cada projecte es dissenya i executa segons les necessitats espec\u00edfiques del client, mantenint sempre els est\u00e0ndards de qualitat m\u00e9s alts.<\/p>\t\t\t\t\t\t\t\t<\/div>\n\t\t\t\t<\/div>\n\t\t\t\t\t<\/details>\n\t\t\t\t\t\t<details id=\"e-n-accordion-item-1241\" class=\"e-n-accordion-item\" >\n\t\t\t\t<summary class=\"e-n-accordion-item-title\" data-accordion-index=\"2\" tabindex=\"-1\" aria-expanded=\"false\" aria-controls=\"e-n-accordion-item-1241\" >\n\t\t\t\t\t<span class='e-n-accordion-item-title-header'><div class=\"e-n-accordion-item-title-text\"> Com est\u00e0 compost el vostre equip de treball? <\/div><\/span>\n\t\t\t\t\t\t\t<span class='e-n-accordion-item-title-icon'>\n\t\t\t<span class='e-opened' ><svg aria-hidden=\"true\" class=\"e-font-icon-svg e-fas-angle-down\" viewbox=\"0 0 320 512\" xmlns=\"http:\/\/www.w3.org\/2000\/svg\"><path d=\"M143 352.3L7 216.3c-9.4-9.4-9.4-24.6 0-33.9l22.6-22.6c9.4-9.4 24.6-9.4 33.9 0l96.4 96.4 96.4-96.4c9.4-9.4 24.6-9.4 33.9 0l22.6 22.6c9.4 9.4 9.4 24.6 0 33.9l-136 136c-9.2 9.4-24.4 9.4-33.8 0z\"><\/path><\/svg><\/span>\n\t\t\t<span class='e-closed'><svg aria-hidden=\"true\" class=\"e-font-icon-svg e-fas-angle-up\" viewbox=\"0 0 320 512\" xmlns=\"http:\/\/www.w3.org\/2000\/svg\"><path d=\"M177 159.7l136 136c9.4 9.4 9.4 24.6 0 33.9l-22.6 22.6c-9.4 9.4-24.6 9.4-33.9 0L160 255.9l-96.4 96.4c-9.4 9.4-24.6 9.4-33.9 0L7 329.7c-9.4-9.4-9.4-24.6 0-33.9l136-136c9.4-9.5 24.6-9.5 34-.1z\"><\/path><\/svg><\/span>\n\t\t<\/span>\n\n\t\t\t\t\t\t<\/summary>\n\t\t\t\t<div role=\"region\" aria-labelledby=\"e-n-accordion-item-1241\" class=\"elementor-element elementor-element-5057c66 e-con-full e-flex e-con e-child\" data-id=\"5057c66\" data-element_type=\"container\">\n\t\t\t\t<div class=\"elementor-element elementor-element-6a16e2d elementor-widget elementor-widget-text-editor\" data-id=\"6a16e2d\" data-element_type=\"widget\" data-widget_type=\"text-editor.default\">\n\t\t\t\t\t\t\t\t\t<p>Comptem amb un equip multidisciplinari format per arquitectes, enginyers i dissenyadors especialitzats. Aquesta diversitat professional ens permet abordar cada projecte des de diferents perspectives i garantir resultats \u00f2ptims.<\/p>\t\t\t\t\t\t\t\t<\/div>\n\t\t\t\t<\/div>\n\t\t\t\t\t<\/details>\n\t\t\t\t\t\t<details id=\"e-n-accordion-item-1242\" class=\"e-n-accordion-item\" >\n\t\t\t\t<summary class=\"e-n-accordion-item-title\" data-accordion-index=\"3\" tabindex=\"-1\" aria-expanded=\"false\" aria-controls=\"e-n-accordion-item-1242\" >\n\t\t\t\t\t<span class='e-n-accordion-item-title-header'><div class=\"e-n-accordion-item-title-text\"> Quines tecnologies utilitzeu als vostres projectes? <\/div><\/span>\n\t\t\t\t\t\t\t<span class='e-n-accordion-item-title-icon'>\n\t\t\t<span class='e-opened' ><svg aria-hidden=\"true\" class=\"e-font-icon-svg e-fas-angle-down\" viewbox=\"0 0 320 512\" xmlns=\"http:\/\/www.w3.org\/2000\/svg\"><path d=\"M143 352.3L7 216.3c-9.4-9.4-9.4-24.6 0-33.9l22.6-22.6c9.4-9.4 24.6-9.4 33.9 0l96.4 96.4 96.4-96.4c9.4-9.4 24.6-9.4 33.9 0l22.6 22.6c9.4 9.4 9.4 24.6 0 33.9l-136 136c-9.2 9.4-24.4 9.4-33.8 0z\"><\/path><\/svg><\/span>\n\t\t\t<span class='e-closed'><svg aria-hidden=\"true\" class=\"e-font-icon-svg e-fas-angle-up\" viewbox=\"0 0 320 512\" xmlns=\"http:\/\/www.w3.org\/2000\/svg\"><path d=\"M177 159.7l136 136c9.4 9.4 9.4 24.6 0 33.9l-22.6 22.6c-9.4 9.4-24.6 9.4-33.9 0L160 255.9l-96.4 96.4c-9.4 9.4-24.6 9.4-33.9 0L7 329.7c-9.4-9.4-9.4-24.6 0-33.9l136-136c9.4-9.5 24.6-9.5 34-.1z\"><\/path><\/svg><\/span>\n\t\t<\/span>\n\n\t\t\t\t\t\t<\/summary>\n\t\t\t\t<div role=\"region\" aria-labelledby=\"e-n-accordion-item-1242\" class=\"elementor-element elementor-element-7ad2488 e-con-full e-flex e-con e-child\" data-id=\"7ad2488\" data-element_type=\"container\">\n\t\t\t\t<div class=\"elementor-element elementor-element-76d386c elementor-widget elementor-widget-text-editor\" data-id=\"76d386c\" data-element_type=\"widget\" data-widget_type=\"text-editor.default\">\n\t\t\t\t\t\t\t\t\t<p>Implementem tecnologia capdavantera i materials d\u2019\u00faltima generaci\u00f3 en tots els nostres projectes. Aix\u00f2 ens permet crear estructures m\u00e9s segures, eficients i duradores.<\/p>\t\t\t\t\t\t\t\t<\/div>\n\t\t\t\t<\/div>\n\t\t\t\t\t<\/details>\n\t\t\t\t\t<\/div>\n\t\t\t\t\t\t<\/div>\n\t\t\t\t\t<\/div>\n\t\t\t\t<\/div>\n\t\t\t\t<\/div>","protected":false},"excerpt":{"rendered":"<p>Control y Gesti\u00f3n de Obras Supervisi\u00f3n profesional para proyectos exitosos Control y Gesti\u00f3n de Obras La correcta gesti\u00f3n de una obra es fundamental para evitar imprevistos, garantizar el cumplimiento de los plazos y optimizar costos. Nos especializamos en la planificaci\u00f3n, supervisi\u00f3n y control de cada etapa del proceso constructivo, asegurando que todo se realice conforme [&hellip;]<\/p>","protected":false},"author":1,"featured_media":0,"parent":0,"menu_order":0,"comment_status":"closed","ping_status":"closed","template":"","meta":{"_acf_changed":false,"_seopress_robots_primary_cat":"","_seopress_titles_title":"","_seopress_titles_desc":"","_seopress_robots_index":"","footnotes":""},"class_list":["post-418","page","type-page","status-publish","hentry"],"acf":[],"_links":{"self":[{"href":"https:\/\/romainvest.es\/ca\/wp-json\/wp\/v2\/pages\/418","targetHints":{"allow":["GET"]}}],"collection":[{"href":"https:\/\/romainvest.es\/ca\/wp-json\/wp\/v2\/pages"}],"about":[{"href":"https:\/\/romainvest.es\/ca\/wp-json\/wp\/v2\/types\/page"}],"author":[{"embeddable":true,"href":"https:\/\/romainvest.es\/ca\/wp-json\/wp\/v2\/users\/1"}],"replies":[{"embeddable":true,"href":"https:\/\/romainvest.es\/ca\/wp-json\/wp\/v2\/comments?post=418"}],"version-history":[{"count":0,"href":"https:\/\/romainvest.es\/ca\/wp-json\/wp\/v2\/pages\/418\/revisions"}],"wp:attachment":[{"href":"https:\/\/romainvest.es\/ca\/wp-json\/wp\/v2\/media?parent=418"}],"curies":[{"name":"wp","href":"https:\/\/api.w.org\/{rel}","templated":true}]}}