{"id":444,"date":"2025-02-17T08:53:30","date_gmt":"2025-02-17T08:53:30","guid":{"rendered":"https:\/\/romainvest.es\/?page_id=444"},"modified":"2025-05-02T09:26:38","modified_gmt":"2025-05-02T09:26:38","slug":"gestion-turistica","status":"publish","type":"page","link":"https:\/\/romainvest.es\/ca\/gestion-turistica\/","title":{"rendered":"Gesti\u00f3 tur\u00edstica"},"content":{"rendered":"<div data-elementor-type=\"wp-page\" data-elementor-id=\"444\" class=\"elementor elementor-444\" data-elementor-post-type=\"page\">\n\t\t\t\t<div class=\"elementor-element elementor-element-f19cf0d e-flex e-con-boxed e-con e-parent\" data-id=\"f19cf0d\" data-element_type=\"container\" data-settings=\"{&quot;background_background&quot;:&quot;classic&quot;}\">\n\t\t\t\t\t<div class=\"e-con-inner\">\n\t\t\t\t<div class=\"elementor-element elementor-element-f2ae1b8 elementor-widget elementor-widget-heading\" data-id=\"f2ae1b8\" data-element_type=\"widget\" data-widget_type=\"heading.default\">\n\t\t\t\t\t<h1 class=\"elementor-heading-title elementor-size-default\">Gesti\u00f3 tur\u00edstica<\/h1>\t\t\t\t<\/div>\n\t\t\t\t\t<\/div>\n\t\t\t\t<\/div>\n\t\t<div class=\"elementor-element elementor-element-fe8ee5a e-flex e-con-boxed e-con e-parent\" data-id=\"fe8ee5a\" data-element_type=\"container\" data-settings=\"{&quot;background_background&quot;:&quot;classic&quot;}\">\n\t\t\t\t\t<div class=\"e-con-inner\">\n\t\t<div class=\"elementor-element elementor-element-5a9b00f e-con-full e-flex e-con e-child\" data-id=\"5a9b00f\" data-element_type=\"container\">\n\t\t<div class=\"elementor-element elementor-element-3dc2d93 e-con-full e-flex e-con e-child\" data-id=\"3dc2d93\" data-element_type=\"container\">\n\t\t<div class=\"elementor-element elementor-element-30c222a e-con-full e-flex e-con e-child\" data-id=\"30c222a\" data-element_type=\"container\">\n\t\t<div class=\"elementor-element elementor-element-ea2f9bc e-con-full e-flex e-con e-child\" data-id=\"ea2f9bc\" data-element_type=\"container\">\n\t\t\t\t<div class=\"elementor-element elementor-element-de5fc20 elementor-widget elementor-widget-heading\" data-id=\"de5fc20\" data-element_type=\"widget\" data-widget_type=\"heading.default\">\n\t\t\t\t\t<h3 class=\"elementor-heading-title elementor-size-default\">Solucions per maximitzar el rendiment dels allotjaments tur\u00edstics<\/h3>\t\t\t\t<\/div>\n\t\t\t\t<div class=\"elementor-element elementor-element-9c4c795 elementor-widget elementor-widget-heading\" data-id=\"9c4c795\" data-element_type=\"widget\" data-widget_type=\"heading.default\">\n\t\t\t\t\t<h2 class=\"elementor-heading-title elementor-size-default\">Solucions per maximitzar el rendiment dels allotjaments tur\u00edstics<\/h2>\t\t\t\t<\/div>\n\t\t\t\t<\/div>\n\t\t\t\t<div class=\"elementor-element elementor-element-4af6a41 elementor-widget elementor-widget-text-editor\" data-id=\"4af6a41\" data-element_type=\"widget\" data-widget_type=\"text-editor.default\">\n\t\t\t\t\t\t\t\t\t<p data-start=\"5786\" data-end=\"6006\">Oferim un servei integral per a la gesti\u00f3 d\u2019hotels, hostals i apartaments tur\u00edstics. Ens encarreguem de la comercialitzaci\u00f3, l\u2019atenci\u00f3 al client, l\u2019optimitzaci\u00f3 de preus i la millora de l\u2019experi\u00e8ncia de l\u2019hoste.<\/p><p data-start=\"6008\" data-end=\"6265\">Apliquem estrat\u00e8gies digitals per augmentar la visibilitat a les plataformes de reserves i a les xarxes socials. A m\u00e9s, gestionem el manteniment de les instal\u00b7lacions i la qualitat del servei per garantir alts nivells de satisfacci\u00f3 i fidelitzaci\u00f3.<\/p><p data-start=\"6267\" data-end=\"6446\">El nostre enfocament es basa en l\u2019optimitzaci\u00f3 de la rendibilitat, aplicant eines de revenue management i an\u00e0lisi de mercat per maximitzar l\u2019ocupaci\u00f3 i els ingressos.<\/p>\t\t\t\t\t\t\t\t<\/div>\n\t\t\t\t<\/div>\n\t\t<div class=\"elementor-element elementor-element-2566e5e e-con-full e-flex e-con e-child\" data-id=\"2566e5e\" data-element_type=\"container\">\n\t\t\t\t<div class=\"elementor-element elementor-element-0f9ecac animated-fast elementor-invisible elementor-widget elementor-widget-image\" data-id=\"0f9ecac\" data-element_type=\"widget\" data-settings=\"{&quot;_animation&quot;:&quot;fadeInLeft&quot;}\" data-widget_type=\"image.default\">\n\t\t\t\t\t\t\t\t\t\t\t\t\t\t\t<img alt=\"\" fetchpriority=\"high\" decoding=\"async\" width=\"800\" height=\"534\" src=\"https:\/\/romainvest.es\/wp-content\/uploads\/2025\/04\/015.jpg\" class=\"attachment-large size-large wp-image-525\" srcset=\"https:\/\/romainvest.es\/wp-content\/uploads\/2025\/04\/015.jpg 1024w, https:\/\/romainvest.es\/wp-content\/uploads\/2025\/04\/015-300x200.jpg 300w, https:\/\/romainvest.es\/wp-content\/uploads\/2025\/04\/015-768x512.jpg 768w\" sizes=\"(max-width: 800px) 100vw, 800px\" \/>\t\t\t\t\t\t\t\t\t\t\t\t\t\t\t<\/div>\n\t\t\t\t<\/div>\n\t\t\t\t<\/div>\n\t\t\t\t<\/div>\n\t\t\t\t\t<\/div>\n\t\t\t\t<\/div>\n\t\t<div class=\"elementor-element elementor-element-9b4bcd7 e-flex e-con-boxed e-con e-parent\" data-id=\"9b4bcd7\" data-element_type=\"container\">\n\t\t\t\t\t<div class=\"e-con-inner\">\n\t\t\t\t<div class=\"elementor-element elementor-element-0cfaaf7 elementor-widget elementor-widget-n-accordion\" data-id=\"0cfaaf7\" data-element_type=\"widget\" data-settings=\"{&quot;default_state&quot;:&quot;expanded&quot;,&quot;max_items_expended&quot;:&quot;one&quot;,&quot;n_accordion_animation_duration&quot;:{&quot;unit&quot;:&quot;ms&quot;,&quot;size&quot;:400,&quot;sizes&quot;:[]}}\" data-widget_type=\"nested-accordion.default\">\n\t\t\t\t\t\t\t<div class=\"e-n-accordion\" aria-label=\"Accordion. Open links with Enter or Space, close with Escape, and navigate with Arrow Keys\">\n\t\t\t\t\t\t<details id=\"e-n-accordion-item-1360\" class=\"e-n-accordion-item\" open>\n\t\t\t\t<summary class=\"e-n-accordion-item-title\" data-accordion-index=\"1\" tabindex=\"0\" aria-expanded=\"true\" aria-controls=\"e-n-accordion-item-1360\" >\n\t\t\t\t\t<span class='e-n-accordion-item-title-header'><div class=\"e-n-accordion-item-title-text\"> Quin tipus de projectes desenvolupen? <\/div><\/span>\n\t\t\t\t\t\t\t<span class='e-n-accordion-item-title-icon'>\n\t\t\t<span class='e-opened' ><svg aria-hidden=\"true\" class=\"e-font-icon-svg e-fas-angle-down\" viewbox=\"0 0 320 512\" xmlns=\"http:\/\/www.w3.org\/2000\/svg\"><path d=\"M143 352.3L7 216.3c-9.4-9.4-9.4-24.6 0-33.9l22.6-22.6c9.4-9.4 24.6-9.4 33.9 0l96.4 96.4 96.4-96.4c9.4-9.4 24.6-9.4 33.9 0l22.6 22.6c9.4 9.4 9.4 24.6 0 33.9l-136 136c-9.2 9.4-24.4 9.4-33.8 0z\"><\/path><\/svg><\/span>\n\t\t\t<span class='e-closed'><svg aria-hidden=\"true\" class=\"e-font-icon-svg e-fas-angle-up\" viewbox=\"0 0 320 512\" xmlns=\"http:\/\/www.w3.org\/2000\/svg\"><path d=\"M177 159.7l136 136c9.4 9.4 9.4 24.6 0 33.9l-22.6 22.6c-9.4 9.4-24.6 9.4-33.9 0L160 255.9l-96.4 96.4c-9.4 9.4-24.6 9.4-33.9 0L7 329.7c-9.4-9.4-9.4-24.6 0-33.9l136-136c9.4-9.5 24.6-9.5 34-.1z\"><\/path><\/svg><\/span>\n\t\t<\/span>\n\n\t\t\t\t\t\t<\/summary>\n\t\t\t\t<div role=\"region\" aria-labelledby=\"e-n-accordion-item-1360\" class=\"elementor-element elementor-element-d87e249 e-con-full e-flex e-con e-child\" data-id=\"d87e249\" data-element_type=\"container\">\n\t\t\t\t<div class=\"elementor-element elementor-element-a43fece elementor-widget elementor-widget-text-editor\" data-id=\"a43fece\" data-element_type=\"widget\" data-widget_type=\"text-editor.default\">\n\t\t\t\t\t\t\t\t\t<p>Desenvolupem una \u00e0mplia gamma de projectes, des de resid\u00e8ncies privades fins a edificis comercials i urbanitzacions. Cada projecte es dissenya i executa segons les necessitats espec\u00edfiques del client, mantenint sempre els est\u00e0ndards de qualitat m\u00e9s alts.<\/p>\t\t\t\t\t\t\t\t<\/div>\n\t\t\t\t<\/div>\n\t\t\t\t\t<\/details>\n\t\t\t\t\t\t<details id=\"e-n-accordion-item-1361\" class=\"e-n-accordion-item\" >\n\t\t\t\t<summary class=\"e-n-accordion-item-title\" data-accordion-index=\"2\" tabindex=\"-1\" aria-expanded=\"false\" aria-controls=\"e-n-accordion-item-1361\" >\n\t\t\t\t\t<span class='e-n-accordion-item-title-header'><div class=\"e-n-accordion-item-title-text\"> Com est\u00e0 compost el vostre equip de treball? <\/div><\/span>\n\t\t\t\t\t\t\t<span class='e-n-accordion-item-title-icon'>\n\t\t\t<span class='e-opened' ><svg aria-hidden=\"true\" class=\"e-font-icon-svg e-fas-angle-down\" viewbox=\"0 0 320 512\" xmlns=\"http:\/\/www.w3.org\/2000\/svg\"><path d=\"M143 352.3L7 216.3c-9.4-9.4-9.4-24.6 0-33.9l22.6-22.6c9.4-9.4 24.6-9.4 33.9 0l96.4 96.4 96.4-96.4c9.4-9.4 24.6-9.4 33.9 0l22.6 22.6c9.4 9.4 9.4 24.6 0 33.9l-136 136c-9.2 9.4-24.4 9.4-33.8 0z\"><\/path><\/svg><\/span>\n\t\t\t<span class='e-closed'><svg aria-hidden=\"true\" class=\"e-font-icon-svg e-fas-angle-up\" viewbox=\"0 0 320 512\" xmlns=\"http:\/\/www.w3.org\/2000\/svg\"><path d=\"M177 159.7l136 136c9.4 9.4 9.4 24.6 0 33.9l-22.6 22.6c-9.4 9.4-24.6 9.4-33.9 0L160 255.9l-96.4 96.4c-9.4 9.4-24.6 9.4-33.9 0L7 329.7c-9.4-9.4-9.4-24.6 0-33.9l136-136c9.4-9.5 24.6-9.5 34-.1z\"><\/path><\/svg><\/span>\n\t\t<\/span>\n\n\t\t\t\t\t\t<\/summary>\n\t\t\t\t<div role=\"region\" aria-labelledby=\"e-n-accordion-item-1361\" class=\"elementor-element elementor-element-7782961 e-con-full e-flex e-con e-child\" data-id=\"7782961\" data-element_type=\"container\">\n\t\t\t\t<div class=\"elementor-element elementor-element-17c4618 elementor-widget elementor-widget-text-editor\" data-id=\"17c4618\" data-element_type=\"widget\" data-widget_type=\"text-editor.default\">\n\t\t\t\t\t\t\t\t\t<p>Comptem amb un equip multidisciplinari format per arquitectes, enginyers i dissenyadors especialitzats. Aquesta diversitat professional ens permet abordar cada projecte des de diferents perspectives i garantir resultats \u00f2ptims.<\/p>\t\t\t\t\t\t\t\t<\/div>\n\t\t\t\t<\/div>\n\t\t\t\t\t<\/details>\n\t\t\t\t\t\t<details id=\"e-n-accordion-item-1362\" class=\"e-n-accordion-item\" >\n\t\t\t\t<summary class=\"e-n-accordion-item-title\" data-accordion-index=\"3\" tabindex=\"-1\" aria-expanded=\"false\" aria-controls=\"e-n-accordion-item-1362\" >\n\t\t\t\t\t<span class='e-n-accordion-item-title-header'><div class=\"e-n-accordion-item-title-text\"> Quines tecnologies utilitzeu als vostres projectes? <\/div><\/span>\n\t\t\t\t\t\t\t<span class='e-n-accordion-item-title-icon'>\n\t\t\t<span class='e-opened' ><svg aria-hidden=\"true\" class=\"e-font-icon-svg e-fas-angle-down\" viewbox=\"0 0 320 512\" xmlns=\"http:\/\/www.w3.org\/2000\/svg\"><path d=\"M143 352.3L7 216.3c-9.4-9.4-9.4-24.6 0-33.9l22.6-22.6c9.4-9.4 24.6-9.4 33.9 0l96.4 96.4 96.4-96.4c9.4-9.4 24.6-9.4 33.9 0l22.6 22.6c9.4 9.4 9.4 24.6 0 33.9l-136 136c-9.2 9.4-24.4 9.4-33.8 0z\"><\/path><\/svg><\/span>\n\t\t\t<span class='e-closed'><svg aria-hidden=\"true\" class=\"e-font-icon-svg e-fas-angle-up\" viewbox=\"0 0 320 512\" xmlns=\"http:\/\/www.w3.org\/2000\/svg\"><path d=\"M177 159.7l136 136c9.4 9.4 9.4 24.6 0 33.9l-22.6 22.6c-9.4 9.4-24.6 9.4-33.9 0L160 255.9l-96.4 96.4c-9.4 9.4-24.6 9.4-33.9 0L7 329.7c-9.4-9.4-9.4-24.6 0-33.9l136-136c9.4-9.5 24.6-9.5 34-.1z\"><\/path><\/svg><\/span>\n\t\t<\/span>\n\n\t\t\t\t\t\t<\/summary>\n\t\t\t\t<div role=\"region\" aria-labelledby=\"e-n-accordion-item-1362\" class=\"elementor-element elementor-element-f61e372 e-con-full e-flex e-con e-child\" data-id=\"f61e372\" data-element_type=\"container\">\n\t\t\t\t<div class=\"elementor-element elementor-element-2792bf8 elementor-widget elementor-widget-text-editor\" data-id=\"2792bf8\" data-element_type=\"widget\" data-widget_type=\"text-editor.default\">\n\t\t\t\t\t\t\t\t\t<p>Implementem tecnologia capdavantera i materials d\u2019\u00faltima generaci\u00f3 en tots els nostres projectes. Aix\u00f2 ens permet crear estructures m\u00e9s segures, eficients i duradores.<\/p>\t\t\t\t\t\t\t\t<\/div>\n\t\t\t\t<\/div>\n\t\t\t\t\t<\/details>\n\t\t\t\t\t<\/div>\n\t\t\t\t\t\t<\/div>\n\t\t\t\t\t<\/div>\n\t\t\t\t<\/div>\n\t\t\t\t<\/div>","protected":false},"excerpt":{"rendered":"<p>Gesti\u00f3n Tur\u00edstica Soluciones para maximizar el rendimiento de alojamientos tur\u00edsticos Gesti\u00f3n Tur\u00edstica y Hotelera Ofrecemos un servicio integral para la gesti\u00f3n de hoteles, hostales y apartamentos tur\u00edsticos. Nos encargamos de la comercializaci\u00f3n, atenci\u00f3n al cliente, optimizaci\u00f3n de precios y mejora de la experiencia del hu\u00e9sped. Implementamos estrategias digitales para aumentar la visibilidad en plataformas de [&hellip;]<\/p>","protected":false},"author":1,"featured_media":0,"parent":0,"menu_order":0,"comment_status":"closed","ping_status":"closed","template":"","meta":{"_acf_changed":false,"_seopress_robots_primary_cat":"","_seopress_titles_title":"","_seopress_titles_desc":"","_seopress_robots_index":"","footnotes":""},"class_list":["post-444","page","type-page","status-publish","hentry"],"acf":[],"_links":{"self":[{"href":"https:\/\/romainvest.es\/ca\/wp-json\/wp\/v2\/pages\/444","targetHints":{"allow":["GET"]}}],"collection":[{"href":"https:\/\/romainvest.es\/ca\/wp-json\/wp\/v2\/pages"}],"about":[{"href":"https:\/\/romainvest.es\/ca\/wp-json\/wp\/v2\/types\/page"}],"author":[{"embeddable":true,"href":"https:\/\/romainvest.es\/ca\/wp-json\/wp\/v2\/users\/1"}],"replies":[{"embeddable":true,"href":"https:\/\/romainvest.es\/ca\/wp-json\/wp\/v2\/comments?post=444"}],"version-history":[{"count":0,"href":"https:\/\/romainvest.es\/ca\/wp-json\/wp\/v2\/pages\/444\/revisions"}],"wp:attachment":[{"href":"https:\/\/romainvest.es\/ca\/wp-json\/wp\/v2\/media?parent=444"}],"curies":[{"name":"wp","href":"https:\/\/api.w.org\/{rel}","templated":true}]}}