{"id":53,"date":"2025-02-13T15:13:15","date_gmt":"2025-02-13T15:13:15","guid":{"rendered":"https:\/\/romainvest.es\/aviso-legal\/"},"modified":"2025-02-17T08:14:11","modified_gmt":"2025-02-17T08:14:11","slug":"aviso-legal","status":"publish","type":"page","link":"https:\/\/romainvest.es\/ca\/aviso-legal\/","title":{"rendered":"Av\u00eds Legal"},"content":{"rendered":"<div data-elementor-type=\"wp-page\" data-elementor-id=\"53\" class=\"elementor elementor-53\" data-elementor-post-type=\"page\">\n\t\t\t\t\t\t<section class=\"elementor-section elementor-top-section elementor-element elementor-element-25cc1494 elementor-section-boxed elementor-section-height-default elementor-section-height-default\" data-id=\"25cc1494\" data-element_type=\"section\">\n\t\t\t\t\t\t<div class=\"elementor-container elementor-column-gap-default\">\n\t\t\t\t\t<div class=\"elementor-column elementor-col-100 elementor-top-column elementor-element elementor-element-711ca4d4\" data-id=\"711ca4d4\" data-element_type=\"column\">\n\t\t\t<div class=\"elementor-widget-wrap elementor-element-populated\">\n\t\t\t\t\t\t<div class=\"elementor-element elementor-element-28c70a39 elementor-widget elementor-widget-text-editor\" data-id=\"28c70a39\" data-element_type=\"widget\" data-widget_type=\"text-editor.default\">\n\t\t\t\t\t\t\t\t\t<h2 data-start=\"114\" data-end=\"155\"><strong data-start=\"117\" data-end=\"153\">AV\u00cdS LEGAL I CONDICIONS D\u2019\u00daS<\/strong><\/h2>\n<h3 data-start=\"157\" data-end=\"190\"><strong data-start=\"161\" data-end=\"188\">Compliment de la LSSI<\/strong><\/h3>\n<p data-start=\"191\" data-end=\"499\">En compliment de la Llei 34\/2002, de 11 de juliol, de serveis de la societat de la informaci\u00f3 i de comer\u00e7 electr\u00f2nic (LSSICE), el responsable d\u2019aquest lloc web posa a disposici\u00f3 dels usuaris el present document amb l\u2019objectiu d\u2019informar sobre les condicions d\u2019\u00fas i el compliment normatiu.<\/p>\n<p data-start=\"501\" data-end=\"787\">En accedir i navegar per aquest lloc web, l\u2019usuari accepta els termes i condicions aqu\u00ed establerts, aix\u00ed com qualsevol altra normativa aplicable. El titular del lloc web es reserva el dret de modificar la informaci\u00f3 sense av\u00eds previ, considerant-se suficient la seva publicaci\u00f3 al web.<\/p>\n<h3 data-start=\"789\" data-end=\"826\"><strong data-start=\"793\" data-end=\"824\">Informaci\u00f3 del Responsable<\/strong><\/h3>\n<ul data-start=\"827\" data-end=\"1121\">\n<li data-start=\"827\" data-end=\"871\"><strong data-start=\"829\" data-end=\"851\">Nom de domini:<\/strong>&nbsp;romainvest.es<\/li>\n<li data-start=\"872\" data-end=\"902\"><strong data-start=\"874\" data-end=\"895\">Nom comercial:<\/strong> ROMA<\/li>\n<li data-start=\"903\" data-end=\"950\"><strong data-start=\"905\" data-end=\"922\">Ra\u00f3 social:<\/strong> ROMA INVEST PARTNERS S.A.<\/li>\n<li data-start=\"951\" data-end=\"972\"><strong data-start=\"953\" data-end=\"961\">CIF:<\/strong>&nbsp;A55368047<\/li>\n<li data-start=\"973\" data-end=\"1041\"><strong data-start=\"975\" data-end=\"996\">Domicili social:<\/strong> Calle Nord n\u00fam. 1, (17490), Llan\u00e7\u00e0, Gerona<\/li>\n<li data-start=\"1042\" data-end=\"1069\"><strong data-start=\"1044\" data-end=\"1057\">Tel\u00e8fon<\/strong> 633106477<\/li>\n<li data-start=\"1070\" data-end=\"1121\"><strong data-start=\"1072\" data-end=\"1095\">Correu electr\u00f2nic<\/strong> <a rel=\"noopener\" data-start=\"1096\" data-end=\"1119\">joan.romagosa@gmail.com<\/a><\/li>\n<\/ul>\n<h3 data-start=\"1123\" data-end=\"1167\"><strong data-start=\"1127\" data-end=\"1165\">Propietat Intel\u00b7lectual i Industrial<\/strong><\/h3>\n<p data-start=\"1168\" data-end=\"1494\">Tots els elements d\u2019aquest lloc web, incloent-hi el disseny, logotips, textos, imatges i codi font, s\u00f3n propietat del titular o compten amb l\u2019autoritzaci\u00f3 expressa dels seus respectius propietaris. Es prohibeix la reproducci\u00f3, distribuci\u00f3, modificaci\u00f3 o \u00fas amb finalitats comercials sense el consentiment expr\u00e9s del titular.<\/p>\n<p data-start=\"1496\" data-end=\"1782\">Qualsevol contingut de tercers que aparegui en aquest lloc web pertany als seus respectius propietaris, que s\u00f3n responsables de qualsevol possible controv\u00e8rsia derivada del seu \u00fas. L\u2019esment o inclusi\u00f3 d\u2019aquests continguts no implica cap suport, patrocini ni associaci\u00f3 amb els mateixos.<\/p>\n<h3 data-start=\"1784\" data-end=\"1823\"><strong data-start=\"1788\" data-end=\"1821\">Responsabilitat del Contingut<\/strong><\/h3>\n<p data-start=\"1824\" data-end=\"1994\">El titular del lloc web no es responsabilitza de la informaci\u00f3 publicada per tercers a la p\u00e0gina ni de qualsevol alteraci\u00f3 del contingut realitzada per agents externs.<\/p>\n<p data-start=\"1996\" data-end=\"2261\">Es treballa per garantir que el lloc web funcioni correctament i es mantingui accessible en tot moment. Tanmateix, no es pot garantir l\u2019abs\u00e8ncia d\u2019errors t\u00e8cnics, interrupcions del servei o esdeveniments de for\u00e7a major que puguin afectar l\u2019acc\u00e9s al lloc web.<\/p>\n<h3 data-start=\"2263\" data-end=\"2287\"><strong data-start=\"2267\" data-end=\"2285\">\u00das de galetes<\/strong><\/h3>\n<p data-start=\"2288\" data-end=\"2497\">Aquest lloc web pot emprar galetes t\u00e8cniques per millorar l\u2019experi\u00e8ncia de navegaci\u00f3 i optimitzar el funcionament del lloc. Aquestes galetes s\u00f3n temporals i no emmagatzemen informaci\u00f3 personal de l\u2019usuari.<\/p>\n<p data-start=\"2499\" data-end=\"2634\">L\u2019usuari pot configurar el seu navegador per bloquejar o eliminar les galetes, tot i que aix\u00f2 podria afectar la funcionalitat del lloc web.<\/p>\n<h3 data-start=\"2636\" data-end=\"2665\"><strong data-start=\"2640\" data-end=\"2663\">Pol\u00edtica d\u2019enlla\u00e7os<\/strong><\/h3>\n<p data-start=\"2666\" data-end=\"2879\">Des d\u2019aquest lloc web, \u00e9s possible que es redirigeixi a llocs de tercers. At\u00e8s que el titular no pot controlar els continguts d\u2019aquests llocs, no s\u2019assumeix cap responsabilitat per la informaci\u00f3 que puguin contenir.<\/p>\n<h3 data-start=\"2881\" data-end=\"2917\"><strong data-start=\"2885\" data-end=\"2915\">Adreces IP i Seguretat<\/strong><\/h3>\n<p data-start=\"2918\" data-end=\"3173\">Els servidors del lloc web poden registrar autom\u00e0ticament l\u2019adre\u00e7a IP i altres dades t\u00e8cniques de l\u2019usuari amb finalitats estad\u00edstiques i de seguretat. Aquesta informaci\u00f3 s\u2019utilitza exclusivament per analitzar el tr\u00e0nsit i millorar l\u2019experi\u00e8ncia de l\u2019usuari.<\/p>\n<h3 data-start=\"3175\" data-end=\"3221\"><strong data-start=\"3179\" data-end=\"3219\">Legislaci\u00f3 aplicable i jurisdicci\u00f3<\/strong><\/h3>\n<p data-start=\"3222\" data-end=\"3421\">Per a qualsevol controv\u00e8rsia relacionada amb el lloc web o les seves activitats, s\u2019aplicar\u00e0 la legislaci\u00f3 espanyola, i seran competents els jutjats i tribunals m\u00e9s propers al domicili del titular.<\/p>\t\t\t\t\t\t\t\t<\/div>\n\t\t\t\t\t<\/div>\n\t\t<\/div>\n\t\t\t\t\t<\/div>\n\t\t<\/section>\n\t\t\t\t<\/div>","protected":false},"excerpt":{"rendered":"<p>AVISO LEGAL Y CONDICIONES DE USO Cumplimiento de la LSSI En cumplimiento con la Ley 34\/2002 del 11 de julio, de Servicios de la Sociedad de la Informaci\u00f3n y de Comercio Electr\u00f3nico (LSSICE), el responsable de este sitio web pone a disposici\u00f3n de los usuarios el presente documento con el objetivo de informar sobre las [&hellip;]<\/p>","protected":false},"author":1,"featured_media":0,"parent":0,"menu_order":0,"comment_status":"closed","ping_status":"closed","template":"","meta":{"_acf_changed":false,"_seopress_robots_primary_cat":"","_seopress_titles_title":"","_seopress_titles_desc":"","_seopress_robots_index":"","footnotes":""},"class_list":["post-53","page","type-page","status-publish","hentry"],"acf":[],"_links":{"self":[{"href":"https:\/\/romainvest.es\/ca\/wp-json\/wp\/v2\/pages\/53","targetHints":{"allow":["GET"]}}],"collection":[{"href":"https:\/\/romainvest.es\/ca\/wp-json\/wp\/v2\/pages"}],"about":[{"href":"https:\/\/romainvest.es\/ca\/wp-json\/wp\/v2\/types\/page"}],"author":[{"embeddable":true,"href":"https:\/\/romainvest.es\/ca\/wp-json\/wp\/v2\/users\/1"}],"replies":[{"embeddable":true,"href":"https:\/\/romainvest.es\/ca\/wp-json\/wp\/v2\/comments?post=53"}],"version-history":[{"count":0,"href":"https:\/\/romainvest.es\/ca\/wp-json\/wp\/v2\/pages\/53\/revisions"}],"wp:attachment":[{"href":"https:\/\/romainvest.es\/ca\/wp-json\/wp\/v2\/media?parent=53"}],"curies":[{"name":"wp","href":"https:\/\/api.w.org\/{rel}","templated":true}]}}