{"id":56,"date":"2025-02-13T15:13:15","date_gmt":"2025-02-13T15:13:15","guid":{"rendered":"https:\/\/romainvest.es\/politica-de-cookies\/"},"modified":"2025-02-19T12:51:22","modified_gmt":"2025-02-19T12:51:22","slug":"politica-de-cookies","status":"publish","type":"page","link":"https:\/\/romainvest.es\/ca\/politica-de-cookies\/","title":{"rendered":"Pol\u00edtica de galetes"},"content":{"rendered":"<div data-elementor-type=\"wp-page\" data-elementor-id=\"56\" class=\"elementor elementor-56\" data-elementor-post-type=\"page\">\n\t\t\t\t\t\t<section class=\"elementor-section elementor-top-section elementor-element elementor-element-98a76e5 elementor-section-boxed elementor-section-height-default elementor-section-height-default\" data-id=\"98a76e5\" data-element_type=\"section\">\n\t\t\t\t\t\t<div class=\"elementor-container elementor-column-gap-default\">\n\t\t\t\t\t<div class=\"elementor-column elementor-col-100 elementor-top-column elementor-element elementor-element-6012dff1\" data-id=\"6012dff1\" data-element_type=\"column\">\n\t\t\t<div class=\"elementor-widget-wrap elementor-element-populated\">\n\t\t\t\t\t\t<div class=\"elementor-element elementor-element-16d934a9 elementor-widget elementor-widget-text-editor\" data-id=\"16d934a9\" data-element_type=\"widget\" data-widget_type=\"text-editor.default\">\n\t\t\t\t\t\t\t\t\t<h2 data-start=\"146\" data-end=\"170\"><strong data-start=\"149\" data-end=\"168\">1. INTRODUCCI\u00d3<\/strong><\/h2><p data-start=\"172\" data-end=\"441\">En compliment de la <strong data-start=\"195\" data-end=\"284\">Llei de Serveis de la Societat de la Informaci\u00f3 i de Comer\u00e7 Electr\u00f2nic (LSSICE)<\/strong> i el <strong data-start=\"290\" data-end=\"314\">Reial decret llei 13\/2012<\/strong>, aquest lloc web sol\u00b7licita el consentiment expr\u00e9s de l\u2019usuari abans de la instal\u00b7laci\u00f3 de galetes no essencials al seu dispositiu.<\/p><h2 data-start=\"443\" data-end=\"476\"><strong data-start=\"446\" data-end=\"474\">2. QU\u00c8 S\u00d3N LES GALETES?<\/strong><\/h2><p data-start=\"478\" data-end=\"726\">Les <strong data-start=\"482\" data-end=\"493\">galetes<\/strong> s\u00f3n petits fitxers de text que un lloc web desa al navegador de l\u2019usuari. Aquests fitxers permeten recordar informaci\u00f3 sobre la navegaci\u00f3 per millorar l\u2019experi\u00e8ncia de l\u2019usuari i facilitar determinades funcionalitats.<\/p><p data-start=\"728\" data-end=\"849\">Existeixen tecnologies similars, com <strong data-start=\"764\" data-end=\"813\">p\u00edxels, objectes compartits locals o galetes flash<\/strong>, que compleixen funcions similars.<\/p><h2 data-start=\"851\" data-end=\"905\"><strong data-start=\"854\" data-end=\"903\">3. GALETES SOTMESES A REGULACI\u00d3 I EXCEPCIONS<\/strong><\/h2><p data-start=\"907\" data-end=\"1027\">Segons la normativa de la <strong data-start=\"932\" data-end=\"949\">Uni\u00f3 Europea<\/strong>, es requereix el <strong data-start=\"966\" data-end=\"996\">consentiment de l\u2019usuari<\/strong> per a les galetes seg\u00fcents:<\/p><p data-start=\"1029\" data-end=\"1103\"><img decoding=\"async\" class=\"emoji\" role=\"img\" draggable=\"false\" src=\"https:\/\/s.w.org\/images\/core\/emoji\/15.0.3\/svg\/2714.svg\" alt=\"\u2714\" \/> <strong data-start=\"1031\" data-end=\"1055\">Galetes d\u2019anal\u00edtica<\/strong><br data-start=\"1055\" data-end=\"1058\" \/><img decoding=\"async\" class=\"emoji\" role=\"img\" draggable=\"false\" src=\"https:\/\/s.w.org\/images\/core\/emoji\/15.0.3\/svg\/2714.svg\" alt=\"\u2714\" \/> <strong data-start=\"1060\" data-end=\"1101\">Galetes publicit\u00e0ries i d\u2019afiliaci\u00f3<\/strong><\/p><p data-start=\"1105\" data-end=\"1230\">No requereixen consentiment les galetes <strong data-start=\"1145\" data-end=\"1171\">t\u00e8cniques i funcionals<\/strong>, ja que s\u00f3n essencials per al funcionament del lloc web.<\/p><h2 data-start=\"1232\" data-end=\"1279\"><strong data-start=\"1235\" data-end=\"1277\">4. TIPUS DE GALETES SEGONS LA SEVA FINALITAT<\/strong><\/h2><table data-start=\"1281\" data-end=\"2064\"><thead data-start=\"1281\" data-end=\"1321\"><tr data-start=\"1281\" data-end=\"1321\"><th data-start=\"1281\" data-end=\"1302\"><strong data-start=\"1283\" data-end=\"1301\">Tipus de galeta<\/strong><\/th><th data-start=\"1302\" data-end=\"1321\"><strong data-start=\"1304\" data-end=\"1317\">Finalitat<\/strong><\/th><\/tr><\/thead><tbody data-start=\"1400\" data-end=\"2064\"><tr data-start=\"1400\" data-end=\"1497\"><td><strong data-start=\"1402\" data-end=\"1428\">T\u00e8cniques i funcionals<\/strong><\/td><td>Permeten la navegaci\u00f3 i l\u2019\u00fas de les opcions del lloc web.<\/td><\/tr><tr data-start=\"1498\" data-end=\"1586\"><td><strong data-start=\"1500\" data-end=\"1514\">Anal\u00edtiques<\/strong><\/td><td>Analitzen el comportament de l\u2019usuari per millorar el lloc web.<\/td><\/tr><tr data-start=\"1587\" data-end=\"1702\"><td><strong data-start=\"1589\" data-end=\"1606\">Publicit\u00e0ries<\/strong><\/td><td>Gestionen la publicitat al lloc web en funci\u00f3 del contingut o la freq\u00fc\u00e8ncia de visualitzaci\u00f3.<\/td><\/tr><tr data-start=\"1703\" data-end=\"1803\"><td><strong data-start=\"1705\" data-end=\"1734\">Publicitat comportamental<\/strong><\/td><td>Personalitzen la publicitat segons les prefer\u00e8ncies de l\u2019usuari.<\/td><\/tr><tr data-start=\"1804\" data-end=\"1872\"><td><strong data-start=\"1806\" data-end=\"1818\">Socials<\/strong><\/td><td>Permeten compartir contingut a les xarxes socials.<\/td><\/tr><tr data-start=\"1873\" data-end=\"1969\"><td><strong data-start=\"1875\" data-end=\"1888\">D\u2019afiliaci\u00f3<\/strong><\/td><td>Rastreig de visites d\u2019altres llocs amb els quals hi ha acords d\u2019afiliaci\u00f3.<\/td><\/tr><tr data-start=\"1970\" data-end=\"2064\"><td><strong data-start=\"1972\" data-end=\"1985\">Seguretat<\/strong><\/td><td>Protegeixen les dades emmagatzemades a les galetes contra atacs maliciosos.<\/td><\/tr><\/tbody><\/table><h2 data-start=\"2066\" data-end=\"2113\"><strong data-start=\"2069\" data-end=\"2111\">5. TIPUS DE GALETES SEGONS LA SEVA PROPIETAT<\/strong><\/h2><ul data-start=\"2115\" data-end=\"2257\"><li data-start=\"2115\" data-end=\"2184\"><strong data-start=\"2117\" data-end=\"2137\">Galetes pr\u00f2pies:<\/strong> Gestionades directament per aquest lloc web.<\/li><li data-start=\"2185\" data-end=\"2257\"><strong data-start=\"2187\" data-end=\"2211\">Galetes de tercers:<\/strong> Gestionades per altres prove\u00efdors externs.<\/li><\/ul><h2 data-start=\"2259\" data-end=\"2294\"><strong data-start=\"2262\" data-end=\"2292\">6. DURADA DE LES GALETES<\/strong><\/h2><ul data-start=\"2296\" data-end=\"2468\"><li data-start=\"2296\" data-end=\"2358\"><strong data-start=\"2298\" data-end=\"2320\">Galetes de sessi\u00f3:<\/strong> S\u2019eliminen en tancar el navegador.<\/li><li data-start=\"2359\" data-end=\"2468\"><strong data-start=\"2361\" data-end=\"2386\">Galetes persistents:<\/strong> Romanen al dispositiu fins a la seva data de caducitat o eliminaci\u00f3 manual.<\/li><\/ul><h2 data-start=\"2470\" data-end=\"2513\"><strong data-start=\"2473\" data-end=\"2511\">7. TRACTAMENT DE DADES PERSONALS<\/strong><\/h2><p data-start=\"2515\" data-end=\"2591\">El responsable del tractament de les dades personals \u00e9s<\/p><ul data-start=\"2593\" data-end=\"2740\"><li data-start=\"2593\" data-end=\"2626\"><strong data-start=\"2595\" data-end=\"2624\">ROMA INVEST PARTNERS S.A.<\/strong><\/li><li data-start=\"2627\" data-end=\"2688\"><strong data-start=\"2629\" data-end=\"2643\">Domicili:<\/strong> Calle Nord n\u00fam. 1, (17490), Llan\u00e7\u00e0, Gerona<\/li><li data-start=\"2689\" data-end=\"2740\"><strong data-start=\"2691\" data-end=\"2714\">Correu electr\u00f2nic<\/strong> <a rel=\"noopener\" data-start=\"2715\" data-end=\"2738\">joan.romagosa@gmail.com<\/a><\/li><\/ul><h3 data-start=\"2742\" data-end=\"2776\"><strong data-start=\"2746\" data-end=\"2774\">Finalitat i legitimaci\u00f3<\/strong><\/h3><p data-start=\"2778\" data-end=\"3031\"><img decoding=\"async\" class=\"emoji\" role=\"img\" draggable=\"false\" src=\"https:\/\/s.w.org\/images\/core\/emoji\/15.0.3\/svg\/2714.svg\" alt=\"\u2714\" \/> El tractament es realitza sobre la base del <strong data-start=\"2821\" data-end=\"2851\">consentiment de l\u2019usuari<\/strong> (Art. 6.1 GDPR).<br data-start=\"2868\" data-end=\"2871\" \/><img decoding=\"async\" class=\"emoji\" role=\"img\" draggable=\"false\" src=\"https:\/\/s.w.org\/images\/core\/emoji\/15.0.3\/svg\/2714.svg\" alt=\"\u2714\" \/> Les dades recollides es conservaran segons la durada de cada galeta.<br data-start=\"2941\" data-end=\"2944\" \/><img decoding=\"async\" class=\"emoji\" role=\"img\" draggable=\"false\" src=\"https:\/\/s.w.org\/images\/core\/emoji\/15.0.3\/svg\/2714.svg\" alt=\"\u2714\" \/> No es cediran dades a tercers, excepte en el cas de galetes de tercers o per obligaci\u00f3 legal.<\/p><h3 data-start=\"3033\" data-end=\"3063\"><strong data-start=\"3037\" data-end=\"3061\">Drets de l\u2019usuari<\/strong><\/h3><p data-start=\"3065\" data-end=\"3094\">L\u2019usuari t\u00e9 dret a:<\/p><p data-start=\"3096\" data-end=\"3337\"><img decoding=\"async\" class=\"emoji\" role=\"img\" draggable=\"false\" src=\"https:\/\/s.w.org\/images\/core\/emoji\/15.0.3\/svg\/2705.svg\" alt=\"\u2705\" \/> Accedir, rectificar, portar i suprimir les seves dades.<br data-start=\"3147\" data-end=\"3150\" \/><img decoding=\"async\" class=\"emoji\" role=\"img\" draggable=\"false\" src=\"https:\/\/s.w.org\/images\/core\/emoji\/15.0.3\/svg\/2705.svg\" alt=\"\u2705\" \/> Limitar o oposar-se al tractament.<br data-start=\"3186\" data-end=\"3189\" \/><img decoding=\"async\" class=\"emoji\" role=\"img\" draggable=\"false\" src=\"https:\/\/s.w.org\/images\/core\/emoji\/15.0.3\/svg\/2705.svg\" alt=\"\u2705\" \/> Retirar el seu consentiment en qualsevol moment.<br data-start=\"3238\" data-end=\"3241\" \/><img decoding=\"async\" class=\"emoji\" role=\"img\" draggable=\"false\" src=\"https:\/\/s.w.org\/images\/core\/emoji\/15.0.3\/svg\/2705.svg\" alt=\"\u2705\" \/> Presentar una reclamaci\u00f3 davant l\u2019Ag\u00e8ncia Espanyola de Protecci\u00f3 de Dades (<strong data-start=\"3318\" data-end=\"3333\"><a href=\"http:\/\/www.aepd.es\" target=\"_new\" rel=\"noopener\" data-start=\"3320\" data-end=\"3331\">www.aepd.es<\/a><\/strong>).<\/p><p data-start=\"3339\" data-end=\"3416\">Per exercir aquests drets, pot escriure a: <strong data-start=\"3386\" data-end=\"3413\"><a rel=\"noopener\" data-start=\"3388\" data-end=\"3411\">joan.romagosa@gmail.com<\/a><\/strong>.<\/p><h2 data-start=\"3418\" data-end=\"3466\"><strong data-start=\"3421\" data-end=\"3464\">8. GALETES UTILITZADES EN AQUEST LLOC WEB<\/strong><\/h2><p data-start=\"3468\" data-end=\"3629\">Des d\u2019aquest panell, l\u2019usuari pot configurar quines galetes permet instal\u00b7lar al seu navegador, excepte les galetes t\u00e8cniques, que s\u00f3n essencials per a la navegaci\u00f3.<\/p><h3 data-start=\"3631\" data-end=\"3684\"><strong data-start=\"3635\" data-end=\"3682\">Galetes pr\u00f2pies (controlades per l\u2019editor)<\/strong><\/h3><table data-start=\"3686\" data-end=\"3990\"><thead data-start=\"3686\" data-end=\"3749\"><tr data-start=\"3686\" data-end=\"3749\"><th data-start=\"3686\" data-end=\"3702\"><strong data-start=\"3688\" data-end=\"3701\">Propietat<\/strong><\/th><th data-start=\"3702\" data-end=\"3715\"><strong data-start=\"3704\" data-end=\"3714\">Galeta<\/strong><\/th><th data-start=\"3715\" data-end=\"3731\"><strong data-start=\"3717\" data-end=\"3730\">Finalitat<\/strong><\/th><th data-start=\"3731\" data-end=\"3749\"><strong data-start=\"3733\" data-end=\"3745\">Durada<\/strong><\/th><\/tr><\/thead><tbody data-start=\"3809\" data-end=\"3990\"><tr data-start=\"3809\" data-end=\"3911\"><td>romainvest.es<\/td><td>wp_woocommerce_session_[ID]<\/td><td>Necess\u00e0ria per a funcions del lloc web<\/td><td>2 dies<\/td><\/tr><tr data-start=\"3912\" data-end=\"3990\"><td>gstatic.com<\/td><td>CONSENT<\/td><td>Rastrejador de consentiment de Google<\/td><td>17 a\u00f1os<\/td><\/tr><\/tbody><\/table><h3 data-start=\"3992\" data-end=\"4021\"><strong data-start=\"3996\" data-end=\"4019\">Galetes de tercers<\/strong><\/h3><p data-start=\"4023\" data-end=\"4200\">Els prove\u00efdors de serveis poden modificar les seves pol\u00edtiques en qualsevol moment. A continuaci\u00f3, s\u2019indiquen els principals prove\u00efdors externs utilitzats en aquest lloc web:<\/p><table data-start=\"4202\" data-end=\"4395\"><thead data-start=\"4202\" data-end=\"4250\"><tr data-start=\"4202\" data-end=\"4250\"><th data-start=\"4202\" data-end=\"4218\"><strong data-start=\"4204\" data-end=\"4217\">Prove\u00efdor<\/strong><\/th><th data-start=\"4218\" data-end=\"4250\"><strong data-start=\"4220\" data-end=\"4246\">Pol\u00edtica de privacitat<\/strong><\/th><\/tr><\/thead><tbody data-start=\"4297\" data-end=\"4395\"><tr data-start=\"4297\" data-end=\"4395\"><td><strong data-start=\"4299\" data-end=\"4309\">Google<\/strong><\/td><td><a href=\"https:\/\/privacy.google.com\/take-control.html\" target=\"_new\" rel=\"noopener\" data-start=\"4312\" data-end=\"4391\">Control de privacitat i galetes<\/a><\/td><\/tr><\/tbody><\/table><h2 data-start=\"4397\" data-end=\"4443\"><strong data-start=\"4400\" data-end=\"4441\">9. GESTI\u00d3 DE GALETES AL NAVEGADOR<\/strong><\/h2><h3 data-start=\"4445\" data-end=\"4475\"><strong data-start=\"4449\" data-end=\"4473\">Opcions disponibles<\/strong><\/h3><p data-start=\"4477\" data-end=\"4734\"><img decoding=\"async\" class=\"emoji\" role=\"img\" draggable=\"false\" src=\"https:\/\/s.w.org\/images\/core\/emoji\/15.0.3\/svg\/1f539.svg\" alt=\"\ud83d\udd39\" \/> <strong data-start=\"4480\" data-end=\"4500\">Eliminar galetes<\/strong>: Es poden esborrar des de la configuraci\u00f3 del navegador.<br data-start=\"4556\" data-end=\"4559\" \/><img decoding=\"async\" class=\"emoji\" role=\"img\" draggable=\"false\" src=\"https:\/\/s.w.org\/images\/core\/emoji\/15.0.3\/svg\/1f539.svg\" alt=\"\ud83d\udd39\" \/> <strong data-start=\"4562\" data-end=\"4595\">Gestionar galetes espec\u00edfiques<\/strong>: Ajustant les prefer\u00e8ncies de cada lloc web.<br data-start=\"4642\" data-end=\"4645\" \/><img decoding=\"async\" class=\"emoji\" role=\"img\" draggable=\"false\" src=\"https:\/\/s.w.org\/images\/core\/emoji\/15.0.3\/svg\/1f539.svg\" alt=\"\ud83d\udd39\" \/> <strong data-start=\"4648\" data-end=\"4668\">Bloquejar galetes<\/strong>: Pot afectar el funcionament correcte d\u2019alguns serveis.<\/p><h3 data-start=\"4736\" data-end=\"4797\"><strong data-start=\"4740\" data-end=\"4795\">Com eliminar galetes als navegadors m\u00e9s utilitzats:<\/strong><\/h3><ul data-start=\"4799\" data-end=\"5371\"><li data-start=\"4799\" data-end=\"4896\"><strong data-start=\"4801\" data-end=\"4812\">Chrome:<\/strong> <a href=\"http:\/\/support.google.com\/chrome\/answer\/95647?hl=es\" target=\"_new\" rel=\"noopener\" data-start=\"4813\" data-end=\"4894\">Eliminar galetes a Google Chrome:<\/a><\/li><li data-start=\"4897\" data-end=\"5045\"><strong data-start=\"4899\" data-end=\"4921\">Internet Explorer:<\/strong> <a href=\"https:\/\/support.microsoft.com\/es-es\/help\/278835\/how-to-delete-cookie-files-in-internet-explorer\" target=\"_new\" rel=\"noopener\" data-start=\"4922\" data-end=\"5043\">Eliminar galetes a IE<\/a><\/li><li data-start=\"5046\" data-end=\"5149\"><strong data-start=\"5048\" data-end=\"5060\">Firefox:<\/strong> <a href=\"https:\/\/www.mozilla.org\/es-ES\/privacy\/websites\/#cookies\" target=\"_new\" rel=\"noopener\" data-start=\"5061\" data-end=\"5147\">Eliminar galetes a FIREFOX<\/a><\/li><li data-start=\"5150\" data-end=\"5254\"><strong data-start=\"5152\" data-end=\"5163\">Safari:<\/strong> <a href=\"https:\/\/support.apple.com\/es-es\/guide\/safari\/sfri11471\/mac\" target=\"_new\" rel=\"noopener\" data-start=\"5164\" data-end=\"5252\">Eliminar galetes a SAFARI<\/a><\/li><li data-start=\"5255\" data-end=\"5371\"><strong data-start=\"5257\" data-end=\"5267\">Opera:<\/strong> <a href=\"https:\/\/help.opera.com\/en\/latest\/security-and-privacy\/#clearBrowsingData\" target=\"_new\" rel=\"noopener\" data-start=\"5268\" data-end=\"5369\">Eliminar galetes a Opera<\/a><\/li><\/ul>\t\t\t\t\t\t\t\t<\/div>\n\t\t\t\t\t<\/div>\n\t\t<\/div>\n\t\t\t\t\t<\/div>\n\t\t<\/section>\n\t\t\t\t<\/div>","protected":false},"excerpt":{"rendered":"<p>1. INTRODUCCI\u00d3N En cumplimiento con la Ley de Servicios de la Sociedad de la Informaci\u00f3n y del Comercio Electr\u00f3nico (LSSICE) y el Real Decreto 13\/2012, esta web solicita el consentimiento expreso del usuario antes de la instalaci\u00f3n de cookies no esenciales en su dispositivo. 2. \u00bfQU\u00c9 SON LAS COOKIES? Las cookies son peque\u00f1os archivos de [&hellip;]<\/p>","protected":false},"author":1,"featured_media":0,"parent":0,"menu_order":0,"comment_status":"closed","ping_status":"closed","template":"","meta":{"_acf_changed":false,"_seopress_robots_primary_cat":"","_seopress_titles_title":"","_seopress_titles_desc":"","_seopress_robots_index":"","footnotes":""},"class_list":["post-56","page","type-page","status-publish","hentry"],"acf":[],"_links":{"self":[{"href":"https:\/\/romainvest.es\/ca\/wp-json\/wp\/v2\/pages\/56","targetHints":{"allow":["GET"]}}],"collection":[{"href":"https:\/\/romainvest.es\/ca\/wp-json\/wp\/v2\/pages"}],"about":[{"href":"https:\/\/romainvest.es\/ca\/wp-json\/wp\/v2\/types\/page"}],"author":[{"embeddable":true,"href":"https:\/\/romainvest.es\/ca\/wp-json\/wp\/v2\/users\/1"}],"replies":[{"embeddable":true,"href":"https:\/\/romainvest.es\/ca\/wp-json\/wp\/v2\/comments?post=56"}],"version-history":[{"count":0,"href":"https:\/\/romainvest.es\/ca\/wp-json\/wp\/v2\/pages\/56\/revisions"}],"wp:attachment":[{"href":"https:\/\/romainvest.es\/ca\/wp-json\/wp\/v2\/media?parent=56"}],"curies":[{"name":"wp","href":"https:\/\/api.w.org\/{rel}","templated":true}]}}