{"id":66,"date":"2025-02-13T15:13:18","date_gmt":"2025-02-13T15:13:18","guid":{"rendered":"https:\/\/romainvest.es\/politica-de-privacidad\/"},"modified":"2025-02-17T08:15:25","modified_gmt":"2025-02-17T08:15:25","slug":"politica-de-privacidad","status":"publish","type":"page","link":"https:\/\/romainvest.es\/ca\/politica-de-privacidad\/","title":{"rendered":"Pol\u00edtica de privacitat"},"content":{"rendered":"<div data-elementor-type=\"wp-page\" data-elementor-id=\"66\" class=\"elementor elementor-66\" data-elementor-post-type=\"page\">\n\t\t\t\t\t\t<section class=\"elementor-section elementor-top-section elementor-element elementor-element-6d77be0c elementor-section-boxed elementor-section-height-default elementor-section-height-default\" data-id=\"6d77be0c\" data-element_type=\"section\">\n\t\t\t\t\t\t<div class=\"elementor-container elementor-column-gap-default\">\n\t\t\t\t\t<div class=\"elementor-column elementor-col-100 elementor-top-column elementor-element elementor-element-5ad964c0\" data-id=\"5ad964c0\" data-element_type=\"column\">\n\t\t\t<div class=\"elementor-widget-wrap elementor-element-populated\">\n\t\t\t\t\t\t<div class=\"elementor-element elementor-element-7fcc4237 elementor-widget elementor-widget-text-editor\" data-id=\"7fcc4237\" data-element_type=\"widget\" data-widget_type=\"text-editor.default\">\n\t\t\t\t\t\t\t\t\t<h2 data-start=\"148\" data-end=\"182\"><strong data-start=\"151\" data-end=\"180\">1. INFORMACI\u00d3 A L'USUARI<\/strong><\/h2>\n<h3 data-start=\"184\" data-end=\"259\"><strong data-start=\"188\" data-end=\"257\">Qui \u00e9s el responsable del tractament de les teves dades personals?<\/strong><\/h3>\n<p data-start=\"260\" data-end=\"515\">El responsable del tractament de les dades personals \u00e9s <strong data-start=\"318\" data-end=\"347\">ROMA INVEST PARTNERS S.A.<\/strong> (d\u2019ara endavant, \u00abel RESPONSABLE\u00bb), qui garanteix que les dades seran tractades d\u2019acord amb la <strong data-start=\"438\" data-end=\"466\">Reglament (UE) 2016\/679<\/strong> (GDPR) y la <strong data-start=\"479\" data-end=\"502\">Llei Org\u00e0nica 3\/2018<\/strong> (LOPDGDD).<\/p>\n<ul data-start=\"517\" data-end=\"705\">\n<li data-start=\"517\" data-end=\"563\"><strong data-start=\"519\" data-end=\"535\">Responsable:<\/strong> ROMA INVEST PARTNERS S.A.<\/li>\n<li data-start=\"564\" data-end=\"625\"><strong data-start=\"566\" data-end=\"580\">Domicili:<\/strong> Calle Nord n\u00fam. 1, (17490), Llan\u00e7\u00e0, Gerona<\/li>\n<li data-start=\"626\" data-end=\"653\"><strong data-start=\"628\" data-end=\"641\">Tel\u00e8fon<\/strong> 633106477<\/li>\n<li data-start=\"654\" data-end=\"705\"><strong data-start=\"656\" data-end=\"679\">Correu electr\u00f2nic<\/strong> <a rel=\"noopener\" data-start=\"680\" data-end=\"703\">joan.romagosa@gmail.com<\/a><\/li>\n<\/ul>\n<h2 data-start=\"707\" data-end=\"753\"><strong data-start=\"710\" data-end=\"751\">2. FINALITAT DEL TRACTAMENT DE DADES<\/strong><\/h2>\n<p data-start=\"755\" data-end=\"830\">Les dades personals de l\u2019usuari seran tractades amb les finalitats seg\u00fcents:<\/p>\n<ul data-start=\"832\" data-end=\"1511\">\n<li data-start=\"832\" data-end=\"933\"><strong data-start=\"834\" data-end=\"857\">Relaci\u00f3 comercial:<\/strong> Gestionar la relaci\u00f3 amb l\u2019usuari i prestar els serveis sol\u00b7licitats.<\/li>\n<li data-start=\"934\" data-end=\"1203\"><strong data-start=\"936\" data-end=\"967\">Comunicacions comercials:<\/strong> Enviament de publicitat i promocions per correu electr\u00f2nic, SMS, xarxes socials o altres mitjans digitals o f\u00edsics. Aquestes comunicacions seran exclusivament del RESPONSABLE o dels seus col\u00b7laboradors, sense que tercers accedeixin a les dades.<\/li>\n<li data-start=\"1204\" data-end=\"1256\"><strong data-start=\"1206\" data-end=\"1254\">Estudis de mercat i an\u00e0lisis estad\u00edstiques.<\/strong><\/li>\n<li data-start=\"1257\" data-end=\"1393\"><strong data-start=\"1259\" data-end=\"1298\">Gesti\u00f3 de consultes i sol\u00b7licituds:<\/strong> Respondre a les peticions de l\u2019usuari a trav\u00e9s dels mitjans de contacte disponibles al lloc web.<\/li>\n<li data-start=\"1394\" data-end=\"1511\"><strong data-start=\"1396\" data-end=\"1420\">Butllet\u00ed informatiu:<\/strong> Enviament de novetats, ofertes i promocions relacionades amb l\u2019activitat del RESPONSABLE.<\/li>\n<\/ul>\n<h2 data-start=\"1513\" data-end=\"1557\"><strong data-start=\"1516\" data-end=\"1555\">3. LEGITIMACI\u00d3 PER AL TRACTAMENT<\/strong><\/h2>\n<p data-start=\"1559\" data-end=\"1623\">El tractament de les dades es basa en l\u2019article 6 del RGPD:<\/p>\n<ul data-start=\"1625\" data-end=\"1872\">\n<li data-start=\"1625\" data-end=\"1730\"><strong data-start=\"1627\" data-end=\"1658\">Consentiment de l\u2019usuari:<\/strong> Per a l\u2019enviament de comunicacions comercials i el butllet\u00ed informatiu.<\/li>\n<li data-start=\"1731\" data-end=\"1872\"><strong data-start=\"1733\" data-end=\"1770\">Inter\u00e8s leg\u00edtim del RESPONSABLE:<\/strong> Per a estudis de mercat, an\u00e0lisis estad\u00edstiques i gesti\u00f3 de sol\u00b7licituds realitzades per l\u2019usuari.<\/li>\n<\/ul>\n<h2 data-start=\"1874\" data-end=\"1911\"><strong data-start=\"1877\" data-end=\"1909\">4. CONSERVACI\u00d3 DE LES DADES<\/strong><\/h2>\n<p data-start=\"1913\" data-end=\"2160\">Les dades personals es conservaran durant el temps necessari per complir amb la finalitat del tractament. Un cop complert aquest prop\u00f2sit, seran eliminades aplicant mesures de seguretat que garanteixin la seva anonimitzaci\u00f3 o destrucci\u00f3 total.<\/p>\n<h2 data-start=\"2162\" data-end=\"2200\"><strong data-start=\"2165\" data-end=\"2198\">5. DESTINATARIS DE LES DADES<\/strong><\/h2>\n<p data-start=\"2202\" data-end=\"2459\">No es preveu la cessi\u00f3 de dades personals a tercers, excepte que sigui necessari per a la prestaci\u00f3 de serveis espec\u00edfics. En aquest cas, els prove\u00efdors estaran subjectes a contractes de confidencialitat i tractament de dades conforme a la normativa vigent.<\/p>\n<h2 data-start=\"2461\" data-end=\"2493\"><strong data-start=\"2464\" data-end=\"2491\">6. DRETS DE L\u2019USUARI<\/strong><\/h2>\n<p data-start=\"2495\" data-end=\"2524\">L\u2019usuari t\u00e9 dret a:<\/p>\n<ul data-start=\"2526\" data-end=\"2849\">\n<li data-start=\"2526\" data-end=\"2581\"><strong data-start=\"2528\" data-end=\"2557\">Retirar el seu consentiment<\/strong> en qualsevol moment.<\/li>\n<li data-start=\"2582\" data-end=\"2639\"><strong data-start=\"2584\" data-end=\"2637\">Accedir, rectificar, portar i suprimir les seves dades.<\/strong><\/li>\n<li data-start=\"2640\" data-end=\"2699\"><strong data-start=\"2642\" data-end=\"2697\">Sol\u00b7licitar la limitaci\u00f3 o oposici\u00f3 al tractament.<\/strong><\/li>\n<li data-start=\"2700\" data-end=\"2849\"><strong data-start=\"2702\" data-end=\"2793\">Presentar una reclamaci\u00f3 davant l\u2019Ag\u00e8ncia Espanyola de Protecci\u00f3 de Dades (<a href=\"http:\/\/www.aepd.es\" target=\"_new\" rel=\"noopener\" data-start=\"2779\" data-end=\"2790\">www.aepd.es<\/a>)<\/strong> si considera que els seus drets no han estat respectats.<\/li>\n<\/ul>\n<p data-start=\"2851\" data-end=\"2973\">Per exercir aquests drets, pot adre\u00e7ar-se al RESPONSABLE a trav\u00e9s del correu electr\u00f2nic: <strong data-start=\"2944\" data-end=\"2971\"><a rel=\"noopener\" data-start=\"2946\" data-end=\"2969\">joan.romagosa@gmail.com<\/a><\/strong><\/p>\n<h2 data-start=\"2975\" data-end=\"3036\"><strong data-start=\"2978\" data-end=\"3034\">7. CAR\u00c0CTER OBLIGATORI DE LA INFORMACI\u00d3 FACILITADA<\/strong><\/h2>\n<p data-start=\"3038\" data-end=\"3285\">Les dades marcades amb un <strong data-start=\"3064\" data-end=\"3081\">asterisc (*)<\/strong> als formularis del lloc web s\u00f3n obligatoris per poder gestionar correctament les sol\u00b7licituds. La manca d\u2019aquestes dades pot impedir la prestaci\u00f3 de serveis o l\u2019acc\u00e9s a determinades funcionalitats.<\/p>\n<p data-start=\"3287\" data-end=\"3377\">L\u2019usuari \u00e9s responsable de proporcionar informaci\u00f3 vera\u00e7 i de mantenir-la actualitzada.<\/p>\n<h2 data-start=\"3379\" data-end=\"3411\"><strong data-start=\"3382\" data-end=\"3409\">8. MESURES DE SEGURETAT<\/strong><\/h2>\n<p data-start=\"3413\" data-end=\"3634\">El RESPONSABLE garanteix l\u2019aplicaci\u00f3 de totes les mesures t\u00e8cniques i organitzatives necess\u00e0ries per complir amb el RGPD i la LOPDGDD, assegurant la confidencialitat, integritat i disponibilitat de les dades personals.<\/p>\n<p data-start=\"3636\" data-end=\"3788\">Per a qualsevol dubte o informaci\u00f3 addicional sobre la protecci\u00f3 de dades, pot contactar amb el RESPONSABLE al correu <strong data-start=\"3758\" data-end=\"3785\"><a rel=\"noopener\" data-start=\"3760\" data-end=\"3783\">joan.romagosa@gmail.com<\/a><\/strong>.<\/p>\t\t\t\t\t\t\t\t<\/div>\n\t\t\t\t\t<\/div>\n\t\t<\/div>\n\t\t\t\t\t<\/div>\n\t\t<\/section>\n\t\t\t\t<\/div>","protected":false},"excerpt":{"rendered":"<p>1. INFORMACI\u00d3N AL USUARIO \u00bfQui\u00e9n es el responsable del tratamiento de tus datos personales? El responsable del tratamiento de los datos personales es ROMA INVEST PARTNERS S.A. (en adelante, \u00abel RESPONSABLE\u00bb), quien garantiza que los datos ser\u00e1n tratados conforme al Reglamento (UE) 2016\/679 (GDPR) y la Ley Org\u00e1nica 3\/2018 (LOPDGDD). Responsable: ROMA INVEST PARTNERS S.A. [&hellip;]<\/p>","protected":false},"author":1,"featured_media":0,"parent":0,"menu_order":0,"comment_status":"closed","ping_status":"closed","template":"","meta":{"_acf_changed":false,"_seopress_robots_primary_cat":"","_seopress_titles_title":"","_seopress_titles_desc":"","_seopress_robots_index":"","footnotes":""},"class_list":["post-66","page","type-page","status-publish","hentry"],"acf":[],"_links":{"self":[{"href":"https:\/\/romainvest.es\/ca\/wp-json\/wp\/v2\/pages\/66","targetHints":{"allow":["GET"]}}],"collection":[{"href":"https:\/\/romainvest.es\/ca\/wp-json\/wp\/v2\/pages"}],"about":[{"href":"https:\/\/romainvest.es\/ca\/wp-json\/wp\/v2\/types\/page"}],"author":[{"embeddable":true,"href":"https:\/\/romainvest.es\/ca\/wp-json\/wp\/v2\/users\/1"}],"replies":[{"embeddable":true,"href":"https:\/\/romainvest.es\/ca\/wp-json\/wp\/v2\/comments?post=66"}],"version-history":[{"count":0,"href":"https:\/\/romainvest.es\/ca\/wp-json\/wp\/v2\/pages\/66\/revisions"}],"wp:attachment":[{"href":"https:\/\/romainvest.es\/ca\/wp-json\/wp\/v2\/media?parent=66"}],"curies":[{"name":"wp","href":"https:\/\/api.w.org\/{rel}","templated":true}]}}