{"id":680,"date":"2025-04-30T07:38:28","date_gmt":"2025-04-30T07:38:28","guid":{"rendered":"https:\/\/romainvest.es\/?page_id=680"},"modified":"2025-05-02T10:13:42","modified_gmt":"2025-05-02T10:13:42","slug":"arquitectura-en-alt-emporda","status":"publish","type":"page","link":"https:\/\/romainvest.es\/ca\/arquitectura-en-alt-emporda\/","title":{"rendered":"Arquitectura a l\u2019Alt Empord\u00e0"},"content":{"rendered":"<div data-elementor-type=\"wp-page\" data-elementor-id=\"680\" class=\"elementor elementor-680\" data-elementor-post-type=\"page\">\n\t\t\t\t<div class=\"elementor-element elementor-element-b8e49cd e-flex e-con-boxed e-con e-parent\" data-id=\"b8e49cd\" data-element_type=\"container\" data-settings=\"{&quot;background_background&quot;:&quot;classic&quot;}\">\n\t\t\t\t\t<div class=\"e-con-inner\">\n\t\t\t\t<div class=\"elementor-element elementor-element-8228ec7 elementor-widget elementor-widget-heading\" data-id=\"8228ec7\" data-element_type=\"widget\" data-widget_type=\"heading.default\">\n\t\t\t\t\t<h1 class=\"elementor-heading-title elementor-size-default\">Arquitectura a l\u2019Alt Empord\u00e0<\/h1>\t\t\t\t<\/div>\n\t\t\t\t\t<\/div>\n\t\t\t\t<\/div>\n\t\t<div class=\"elementor-element elementor-element-82a7219 e-flex e-con-boxed e-con e-child\" data-id=\"82a7219\" data-element_type=\"container\">\n\t\t\t\t\t<div class=\"e-con-inner\">\n\t\t\t\t<div class=\"elementor-element elementor-element-29e3e2c elementor-widget elementor-widget-heading\" data-id=\"29e3e2c\" data-element_type=\"widget\" data-widget_type=\"heading.default\">\n\t\t\t\t\t<h3 class=\"elementor-heading-title elementor-size-default\">Dissenys arquitect\u00f2nics que conviuen amb la hist\u00f2ria\n<\/h3>\t\t\t\t<\/div>\n\t\t\t\t<div class=\"elementor-element elementor-element-7c54dba elementor-widget elementor-widget-heading\" data-id=\"7c54dba\" data-element_type=\"widget\" data-widget_type=\"heading.default\">\n\t\t\t\t\t<h2 class=\"elementor-heading-title elementor-size-default\">Espais habitables amb car\u00e0cter propi\n\n<\/h2>\t\t\t\t<\/div>\n\t\t\t\t<div class=\"elementor-element elementor-element-f7a9a94 elementor-widget-divider--view-line elementor-widget elementor-widget-divider\" data-id=\"f7a9a94\" data-element_type=\"widget\" data-widget_type=\"divider.default\">\n\t\t\t\t\t\t\t<div class=\"elementor-divider\">\n\t\t\t<span class=\"elementor-divider-separator\">\n\t\t\t\t\t\t<\/span>\n\t\t<\/div>\n\t\t\t\t\t\t<\/div>\n\t\t\t\t<div class=\"elementor-element elementor-element-7f75ffe elementor-widget elementor-widget-text-editor\" data-id=\"7f75ffe\" data-element_type=\"widget\" data-widget_type=\"text-editor.default\">\n\t\t\t\t\t\t\t\t\t<p class=\"\" data-start=\"728\" data-end=\"1145\">A l\u2019Alt Empord\u00e0 desenvolupem projectes residencials que capturen l\u2019ess\u00e8ncia del lloc: l\u00ednies pures, materials honestos i una obertura constant al paisatge. Inspirats per la llum, la topografia i el llegat cultural, els nostres habitatges dialoguen amb l\u2019entorn sense renunciar a la innovaci\u00f3 ni al confort. Aqu\u00ed, l\u2019arquitectura no nom\u00e9s protegeix, sin\u00f3 que emmarca l\u2019experi\u00e8ncia de viure en un territori amb identitat.<\/p>\t\t\t\t\t\t\t\t<\/div>\n\t\t\t\t\t<\/div>\n\t\t\t\t<\/div>\n\t\t<div class=\"elementor-element elementor-element-698c130 e-con-full e-flex e-con e-child\" data-id=\"698c130\" data-element_type=\"container\">\n\t\t<div class=\"elementor-element elementor-element-237ef1b e-con-full e-flex e-con e-child\" data-id=\"237ef1b\" data-element_type=\"container\">\n\t\t<div class=\"elementor-element elementor-element-092d6e8 e-con-full e-flex e-con e-child\" data-id=\"092d6e8\" data-element_type=\"container\">\n\t\t\t\t<div class=\"elementor-element elementor-element-79b27ea marquee-animation elementor-widget elementor-widget-image-carousel\" data-id=\"79b27ea\" data-element_type=\"widget\" data-settings=\"{&quot;slides_to_show&quot;:&quot;3&quot;,&quot;navigation&quot;:&quot;none&quot;,&quot;autoplay_speed&quot;:0,&quot;speed&quot;:8000,&quot;slides_to_show_tablet&quot;:&quot;2&quot;,&quot;autoplay&quot;:&quot;yes&quot;,&quot;infinite&quot;:&quot;yes&quot;,&quot;image_spacing_custom&quot;:{&quot;unit&quot;:&quot;px&quot;,&quot;size&quot;:20,&quot;sizes&quot;:[]},&quot;image_spacing_custom_tablet&quot;:{&quot;unit&quot;:&quot;px&quot;,&quot;size&quot;:&quot;&quot;,&quot;sizes&quot;:[]},&quot;image_spacing_custom_mobile&quot;:{&quot;unit&quot;:&quot;px&quot;,&quot;size&quot;:&quot;&quot;,&quot;sizes&quot;:[]}}\" data-widget_type=\"image-carousel.default\">\n\t\t\t\t\t\t\t<div class=\"elementor-image-carousel-wrapper swiper\" role=\"region\" aria-roledescription=\"carousel\" aria-label=\"Image Carousel\" dir=\"ltr\">\n\t\t\t<div class=\"elementor-image-carousel swiper-wrapper\" aria-live=\"off\">\n\t\t\t\t\t\t\t\t<div class=\"swiper-slide\" role=\"group\" aria-roledescription=\"slide\" aria-label=\"1 de 6\"><figure class=\"swiper-slide-inner\"><img decoding=\"async\" class=\"swiper-slide-image\" src=\"https:\/\/romainvest.es\/wp-content\/uploads\/2025\/04\/alexander-starcew-mAevlVrAfb0-unsplash.webp\" alt=\"alexander-starcew-mAevlVrAfb0-unsplash\" \/><\/figure><\/div><div class=\"swiper-slide\" role=\"group\" aria-roledescription=\"slide\" aria-label=\"2 de 6\"><figure class=\"swiper-slide-inner\"><img decoding=\"async\" class=\"swiper-slide-image\" src=\"https:\/\/romainvest.es\/wp-content\/uploads\/2025\/04\/unnamed.jpg\" alt=\"unnamed\" \/><\/figure><\/div><div class=\"swiper-slide\" role=\"group\" aria-roledescription=\"slide\" aria-label=\"3 de 6\"><figure class=\"swiper-slide-inner\"><img decoding=\"async\" class=\"swiper-slide-image\" src=\"https:\/\/romainvest.es\/wp-content\/uploads\/2025\/04\/old-buildings-port-evening.webp\" alt=\"old-buildings-port-evening\" \/><\/figure><\/div><div class=\"swiper-slide\" role=\"group\" aria-roledescription=\"slide\" aria-label=\"4 de 6\"><figure class=\"swiper-slide-inner\"><img decoding=\"async\" class=\"swiper-slide-image\" src=\"https:\/\/romainvest.es\/wp-content\/uploads\/2025\/04\/shani-tripathi-KAtTKAhr3To-unsplash.webp\" alt=\"shani-tripathi-KAtTKAhr3To-unsplash\" \/><\/figure><\/div><div class=\"swiper-slide\" role=\"group\" aria-roledescription=\"slide\" aria-label=\"5 de 6\"><figure class=\"swiper-slide-inner\"><img decoding=\"async\" class=\"swiper-slide-image\" src=\"https:\/\/romainvest.es\/wp-content\/uploads\/2025\/04\/nathan-marshall-om-aglYnMMk-unsplash.webp\" alt=\"nathan-marshall-om-aglYnMMk-unsplash\" \/><\/figure><\/div><div class=\"swiper-slide\" role=\"group\" aria-roledescription=\"slide\" aria-label=\"6 de 6\"><figure class=\"swiper-slide-inner\"><img decoding=\"async\" class=\"swiper-slide-image\" src=\"https:\/\/romainvest.es\/wp-content\/uploads\/2025\/04\/madalin-rNpNbhgCVo0-unsplash.webp\" alt=\"madalin-rNpNbhgCVo0-unsplash\" \/><\/figure><\/div>\t\t\t<\/div>\n\t\t\t\t\t\t\t\n\t\t\t\t\t\t\t\t\t<\/div>\n\t\t\t\t\t\t<\/div>\n\t\t\t\t<\/div>\n\t\t\t\t<\/div>\n\t\t\t\t<\/div>\n\t\t\t\t<\/div>","protected":false},"excerpt":{"rendered":"<p>Arquitectura en Alt Empord\u00e0 Dise\u00f1os arquitect\u00f3nicos que conviven con la historia Espacios habitables con car\u00e1cter propio En Alt Empord\u00e0 desarrollamos proyectos residenciales que capturan la esencia del lugar: l\u00edneas puras, materiales honestos y una apertura constante al paisaje. Inspirados por la luz, la topograf\u00eda y el legado cultural, nuestras viviendas dialogan con su entorno sin [&hellip;]<\/p>","protected":false},"author":1,"featured_media":0,"parent":0,"menu_order":0,"comment_status":"closed","ping_status":"closed","template":"","meta":{"_acf_changed":false,"_seopress_robots_primary_cat":"","_seopress_titles_title":"%%post_title%% %%sep%% %%sitetitle%%","_seopress_titles_desc":"En Alt Empord\u00e0 dise\u00f1amos viviendas con identidad, que dialogan con el paisaje y la historia, combinando l\u00edneas puras, confort e innovaci\u00f3n arquitect\u00f3nica.","_seopress_robots_index":"","footnotes":""},"class_list":["post-680","page","type-page","status-publish","hentry"],"acf":[],"_links":{"self":[{"href":"https:\/\/romainvest.es\/ca\/wp-json\/wp\/v2\/pages\/680","targetHints":{"allow":["GET"]}}],"collection":[{"href":"https:\/\/romainvest.es\/ca\/wp-json\/wp\/v2\/pages"}],"about":[{"href":"https:\/\/romainvest.es\/ca\/wp-json\/wp\/v2\/types\/page"}],"author":[{"embeddable":true,"href":"https:\/\/romainvest.es\/ca\/wp-json\/wp\/v2\/users\/1"}],"replies":[{"embeddable":true,"href":"https:\/\/romainvest.es\/ca\/wp-json\/wp\/v2\/comments?post=680"}],"version-history":[{"count":0,"href":"https:\/\/romainvest.es\/ca\/wp-json\/wp\/v2\/pages\/680\/revisions"}],"wp:attachment":[{"href":"https:\/\/romainvest.es\/ca\/wp-json\/wp\/v2\/media?parent=680"}],"curies":[{"name":"wp","href":"https:\/\/api.w.org\/{rel}","templated":true}]}}