{"id":44,"date":"2025-02-13T15:13:14","date_gmt":"2025-02-13T15:13:14","guid":{"rendered":"https:\/\/romainvest.es\/sobre-nosotros\/"},"modified":"2025-05-02T09:56:37","modified_gmt":"2025-05-02T09:56:37","slug":"sobre-nosotros","status":"publish","type":"page","link":"https:\/\/romainvest.es\/en\/sobre-nosotros\/","title":{"rendered":"ABOUT US"},"content":{"rendered":"<div data-elementor-type=\"wp-page\" data-elementor-id=\"44\" class=\"elementor elementor-44\" data-elementor-post-type=\"page\">\n\t\t\t\t<div class=\"elementor-element elementor-element-f5e1214 e-flex e-con-boxed e-con e-parent\" data-id=\"f5e1214\" data-element_type=\"container\" data-settings=\"{&quot;background_background&quot;:&quot;classic&quot;}\">\n\t\t\t\t\t<div class=\"e-con-inner\">\n\t\t\t\t<div class=\"elementor-element elementor-element-6a97a22 elementor-widget elementor-widget-heading\" data-id=\"6a97a22\" data-element_type=\"widget\" data-widget_type=\"heading.default\">\n\t\t\t\t\t<h1 class=\"elementor-heading-title elementor-size-default\">About US<\/h1>\t\t\t\t<\/div>\n\t\t\t\t\t<\/div>\n\t\t\t\t<\/div>\n\t\t<div class=\"elementor-element elementor-element-745ff11 e-flex e-con-boxed e-con e-parent\" data-id=\"745ff11\" data-element_type=\"container\" data-settings=\"{&quot;background_background&quot;:&quot;classic&quot;}\">\n\t\t\t\t\t<div class=\"e-con-inner\">\n\t\t<div class=\"elementor-element elementor-element-8794b3b e-con-full e-flex e-con e-child\" data-id=\"8794b3b\" data-element_type=\"container\">\n\t\t<div class=\"elementor-element elementor-element-d534524 e-con-full e-flex e-con e-child\" data-id=\"d534524\" data-element_type=\"container\">\n\t\t\t\t<div class=\"elementor-element elementor-element-7833c25 elementor-widget elementor-widget-heading\" data-id=\"7833c25\" data-element_type=\"widget\" data-widget_type=\"heading.default\">\n\t\t\t\t\t<h3 class=\"elementor-heading-title elementor-size-default\">Commitment, Innovation and Quality<\/h3>\t\t\t\t<\/div>\n\t\t\t\t<div class=\"elementor-element elementor-element-9800bc6 elementor-widget elementor-widget-heading\" data-id=\"9800bc6\" data-element_type=\"widget\" data-widget_type=\"heading.default\">\n\t\t\t\t\t<h2 class=\"elementor-heading-title elementor-size-default\">OUR ESSENCE<\/h2>\t\t\t\t<\/div>\n\t\t\t\t<div class=\"elementor-element elementor-element-209d698 elementor-widget-divider--view-line elementor-widget elementor-widget-divider\" data-id=\"209d698\" data-element_type=\"widget\" data-widget_type=\"divider.default\">\n\t\t\t\t\t\t\t<div class=\"elementor-divider\">\n\t\t\t<span class=\"elementor-divider-separator\">\n\t\t\t\t\t\t<\/span>\n\t\t<\/div>\n\t\t\t\t\t\t<\/div>\n\t\t\t\t<\/div>\n\t\t\t\t<div class=\"elementor-element elementor-element-f703129 elementor-widget elementor-widget-text-editor\" data-id=\"f703129\" data-element_type=\"widget\" data-widget_type=\"text-editor.default\">\n\t\t\t\t\t\t\t\t\t<p class=\"my-0 translation-block\">At <strong data-start=\"117\" data-end=\"146\">Roma Invest Partners S.A.<\/strong>, we design and manage projects with an innovative vision and a strong commitment to sustainability. We believe in quality, transparency and client satisfaction, values that guide us in every step of the process. Our objective is to create functional, aesthetic and efficient spaces that add value and improve quality of life. More than building, we transform ideas into realities that endure.<\/p>\t\t\t\t\t\t\t\t<\/div>\n\t\t\t\t<\/div>\n\t\t<div class=\"elementor-element elementor-element-67bb61a e-con-full e-flex e-con e-child\" data-id=\"67bb61a\" data-element_type=\"container\" data-settings=\"{&quot;background_background&quot;:&quot;classic&quot;}\">\n\t\t\t\t<div class=\"elementor-element elementor-element-1ba5caa elementor-widget elementor-widget-image\" data-id=\"1ba5caa\" data-element_type=\"widget\" data-widget_type=\"image.default\">\n\t\t\t\t\t\t\t\t\t\t\t\t\t\t\t<img alt=\"\" fetchpriority=\"high\" decoding=\"async\" width=\"800\" height=\"533\" src=\"https:\/\/romainvest.es\/wp-content\/uploads\/2025\/04\/architecture-morocco-style-1.webp\" class=\"attachment-large size-large wp-image-541\" srcset=\"https:\/\/romainvest.es\/wp-content\/uploads\/2025\/04\/architecture-morocco-style-1.webp 900w, https:\/\/romainvest.es\/wp-content\/uploads\/2025\/04\/architecture-morocco-style-1-300x200.webp 300w, https:\/\/romainvest.es\/wp-content\/uploads\/2025\/04\/architecture-morocco-style-1-768x512.webp 768w\" sizes=\"(max-width: 800px) 100vw, 800px\" \/>\t\t\t\t\t\t\t\t\t\t\t\t\t\t\t<\/div>\n\t\t\t\t<\/div>\n\t\t\t\t\t<\/div>\n\t\t\t\t<\/div>\n\t\t<div class=\"elementor-element elementor-element-d074375 e-flex e-con-boxed e-con e-parent\" data-id=\"d074375\" data-element_type=\"container\" data-settings=\"{&quot;background_background&quot;:&quot;classic&quot;}\">\n\t\t\t\t\t<div class=\"e-con-inner\">\n\t\t<div class=\"elementor-element elementor-element-0e15994 e-con-full e-flex e-con e-child\" data-id=\"0e15994\" data-element_type=\"container\">\n\t\t<div class=\"elementor-element elementor-element-bcf8dcc e-con-full e-flex e-con e-child\" data-id=\"bcf8dcc\" data-element_type=\"container\">\n\t\t\t\t<div class=\"elementor-element elementor-element-f82f029 elementor-widget elementor-widget-heading\" data-id=\"f82f029\" data-element_type=\"widget\" data-widget_type=\"heading.default\">\n\t\t\t\t\t<h3 class=\"elementor-heading-title elementor-size-default\">Experience That Supports Us<\/h3>\t\t\t\t<\/div>\n\t\t\t\t<div class=\"elementor-element elementor-element-10d35ea elementor-widget elementor-widget-heading\" data-id=\"10d35ea\" data-element_type=\"widget\" data-widget_type=\"heading.default\">\n\t\t\t\t\t<h2 class=\"elementor-heading-title elementor-size-default\">OUR TRAJECTORY<\/h2>\t\t\t\t<\/div>\n\t\t\t\t<div class=\"elementor-element elementor-element-a500ae9 elementor-widget-divider--view-line elementor-widget elementor-widget-divider\" data-id=\"a500ae9\" data-element_type=\"widget\" data-widget_type=\"divider.default\">\n\t\t\t\t\t\t\t<div class=\"elementor-divider\">\n\t\t\t<span class=\"elementor-divider-separator\">\n\t\t\t\t\t\t<\/span>\n\t\t<\/div>\n\t\t\t\t\t\t<\/div>\n\t\t\t\t<\/div>\n\t\t\t\t<div class=\"elementor-element elementor-element-71f2e78 elementor-widget elementor-widget-text-editor\" data-id=\"71f2e78\" data-element_type=\"widget\" data-widget_type=\"text-editor.default\">\n\t\t\t\t\t\t\t\t\t<p class=\"my-0 translation-block\">With <strong>+30\u00a0years of experience <\/strong>, at <strong data-start=\"729\" data-end=\"758\">Roma Invest Partners S.A.<\/strong> we have developed 658 projects and worked with 349 clients, establishing ourselves as leaders in architecture, construction, real estate management, interior design and tourism. Our team of experts brings creativity and efficiency to each project, adapting to the needs of each client. We believe in continuous improvement, innovation and commitment to excellence, ensuring comprehensive and personalized solutions.<\/p>\t\t\t\t\t\t\t\t<\/div>\n\t\t\t\t<\/div>\n\t\t<div class=\"elementor-element elementor-element-c782455 e-con-full e-flex e-con e-child\" data-id=\"c782455\" data-element_type=\"container\" data-settings=\"{&quot;background_background&quot;:&quot;classic&quot;}\">\n\t\t\t\t<div class=\"elementor-element elementor-element-b05dbb5 elementor-widget elementor-widget-image\" data-id=\"b05dbb5\" data-element_type=\"widget\" data-widget_type=\"image.default\">\n\t\t\t\t\t\t\t\t\t\t\t\t\t\t\t<img alt=\"\" decoding=\"async\" width=\"800\" height=\"534\" src=\"https:\/\/romainvest.es\/wp-content\/uploads\/2025\/04\/015.jpg\" class=\"attachment-large size-large wp-image-525\" srcset=\"https:\/\/romainvest.es\/wp-content\/uploads\/2025\/04\/015.jpg 1024w, https:\/\/romainvest.es\/wp-content\/uploads\/2025\/04\/015-300x200.jpg 300w, https:\/\/romainvest.es\/wp-content\/uploads\/2025\/04\/015-768x512.jpg 768w\" sizes=\"(max-width: 800px) 100vw, 800px\" \/>\t\t\t\t\t\t\t\t\t\t\t\t\t\t\t<\/div>\n\t\t\t\t<\/div>\n\t\t\t\t\t<\/div>\n\t\t\t\t<\/div>\n\t\t\t\t<\/div>","protected":false},"excerpt":{"rendered":"<p>Sobre nosotros Compromiso, Innovaci\u00f3n y Calidad Nuestra Esencia En Roma Invest Partners S.A., dise\u00f1amos y gestionamos proyectos con una visi\u00f3n innovadora y un fuerte compromiso con la sostenibilidad. Creemos en la calidad, la transparencia y la satisfacci\u00f3n del cliente, valores que nos gu\u00edan en cada paso del proceso. Nuestro objetivo es crear espacios funcionales, est\u00e9ticos [&hellip;]<\/p>","protected":false},"author":1,"featured_media":0,"parent":0,"menu_order":0,"comment_status":"closed","ping_status":"closed","template":"","meta":{"_acf_changed":false,"_seopress_robots_primary_cat":"","_seopress_titles_title":"","_seopress_titles_desc":"Contamos con m\u00e1s de 30 a\u00f1os de experiencia en arquitectura, construcci\u00f3n e inmobiliaria. Creamos espacios sostenibles, funcionales y a medida para cada cliente.","_seopress_robots_index":"","footnotes":""},"class_list":["post-44","page","type-page","status-publish","hentry"],"acf":[],"_links":{"self":[{"href":"https:\/\/romainvest.es\/en\/wp-json\/wp\/v2\/pages\/44","targetHints":{"allow":["GET"]}}],"collection":[{"href":"https:\/\/romainvest.es\/en\/wp-json\/wp\/v2\/pages"}],"about":[{"href":"https:\/\/romainvest.es\/en\/wp-json\/wp\/v2\/types\/page"}],"author":[{"embeddable":true,"href":"https:\/\/romainvest.es\/en\/wp-json\/wp\/v2\/users\/1"}],"replies":[{"embeddable":true,"href":"https:\/\/romainvest.es\/en\/wp-json\/wp\/v2\/comments?post=44"}],"version-history":[{"count":0,"href":"https:\/\/romainvest.es\/en\/wp-json\/wp\/v2\/pages\/44\/revisions"}],"wp:attachment":[{"href":"https:\/\/romainvest.es\/en\/wp-json\/wp\/v2\/media?parent=44"}],"curies":[{"name":"wp","href":"https:\/\/api.w.org\/{rel}","templated":true}]}}