{"id":464,"date":"2025-02-17T08:59:55","date_gmt":"2025-02-17T08:59:55","guid":{"rendered":"https:\/\/romainvest.es\/?page_id=464"},"modified":"2025-05-02T09:24:46","modified_gmt":"2025-05-02T09:24:46","slug":"gestion-de-redes-sociales","status":"publish","type":"page","link":"https:\/\/romainvest.es\/en\/gestion-de-redes-sociales\/","title":{"rendered":"Social Media Management"},"content":{"rendered":"<div data-elementor-type=\"wp-page\" data-elementor-id=\"464\" class=\"elementor elementor-464\" data-elementor-post-type=\"page\">\n\t\t\t\t<div class=\"elementor-element elementor-element-e74b7c6 e-flex e-con-boxed e-con e-parent\" data-id=\"e74b7c6\" data-element_type=\"container\" data-settings=\"{&quot;background_background&quot;:&quot;classic&quot;}\">\n\t\t\t\t\t<div class=\"e-con-inner\">\n\t\t\t\t<div class=\"elementor-element elementor-element-239f2ed elementor-widget elementor-widget-heading\" data-id=\"239f2ed\" data-element_type=\"widget\" data-widget_type=\"heading.default\">\n\t\t\t\t\t<h1 class=\"elementor-heading-title elementor-size-default\">Social Media Management<\/h1>\t\t\t\t<\/div>\n\t\t\t\t\t<\/div>\n\t\t\t\t<\/div>\n\t\t<div class=\"elementor-element elementor-element-7bbd3c0 e-flex e-con-boxed e-con e-parent\" data-id=\"7bbd3c0\" data-element_type=\"container\" data-settings=\"{&quot;background_background&quot;:&quot;classic&quot;}\">\n\t\t\t\t\t<div class=\"e-con-inner\">\n\t\t<div class=\"elementor-element elementor-element-7bebe4b e-con-full e-flex e-con e-child\" data-id=\"7bebe4b\" data-element_type=\"container\">\n\t\t<div class=\"elementor-element elementor-element-9842233 e-con-full e-flex e-con e-child\" data-id=\"9842233\" data-element_type=\"container\">\n\t\t<div class=\"elementor-element elementor-element-5e419b7 e-con-full e-flex e-con e-child\" data-id=\"5e419b7\" data-element_type=\"container\">\n\t\t<div class=\"elementor-element elementor-element-35d769e e-con-full e-flex e-con e-child\" data-id=\"35d769e\" data-element_type=\"container\">\n\t\t\t\t<div class=\"elementor-element elementor-element-c8a8234 elementor-widget elementor-widget-heading\" data-id=\"c8a8234\" data-element_type=\"widget\" data-widget_type=\"heading.default\">\n\t\t\t\t\t<h3 class=\"elementor-heading-title elementor-size-default\">We connect your brand with the digital world<\/h3>\t\t\t\t<\/div>\n\t\t\t\t<div class=\"elementor-element elementor-element-00a32df elementor-widget elementor-widget-heading\" data-id=\"00a32df\" data-element_type=\"widget\" data-widget_type=\"heading.default\">\n\t\t\t\t\t<h2 class=\"elementor-heading-title elementor-size-default\">Social Media Management<\/h2>\t\t\t\t<\/div>\n\t\t\t\t<\/div>\n\t\t\t\t<div class=\"elementor-element elementor-element-a5765cd elementor-widget elementor-widget-text-editor\" data-id=\"a5765cd\" data-element_type=\"widget\" data-widget_type=\"text-editor.default\">\n\t\t\t\t\t\t\t\t\t<p data-start=\"8263\" data-end=\"8494\">We manage social networks for companies and entrepreneurs, creating attractive content and managing interaction with the audience. We develop strategies to increase engagement and convert followers into loyal customers.<\/p><p data-start=\"8496\" data-end=\"8694\">We take care of content planning, graphic design, copywriting and advertising on platforms such as Instagram, Facebook and LinkedIn, boosting our clients' digital presence.<\/p>\t\t\t\t\t\t\t\t<\/div>\n\t\t\t\t<\/div>\n\t\t<div class=\"elementor-element elementor-element-1245ff6 e-con-full e-flex e-con e-child\" data-id=\"1245ff6\" data-element_type=\"container\">\n\t\t\t\t<div class=\"elementor-element elementor-element-34cba70 animated-fast elementor-invisible elementor-widget elementor-widget-image\" data-id=\"34cba70\" data-element_type=\"widget\" data-settings=\"{&quot;_animation&quot;:&quot;fadeInLeft&quot;}\" data-widget_type=\"image.default\">\n\t\t\t\t\t\t\t\t\t\t\t\t\t\t\t<img alt=\"\" fetchpriority=\"high\" decoding=\"async\" width=\"800\" height=\"851\" src=\"https:\/\/romainvest.es\/wp-content\/uploads\/2025\/04\/alexander-starcew-mAevlVrAfb0-unsplash.webp\" class=\"attachment-large size-large wp-image-517\" srcset=\"https:\/\/romainvest.es\/wp-content\/uploads\/2025\/04\/alexander-starcew-mAevlVrAfb0-unsplash.webp 900w, https:\/\/romainvest.es\/wp-content\/uploads\/2025\/04\/alexander-starcew-mAevlVrAfb0-unsplash-282x300.webp 282w, https:\/\/romainvest.es\/wp-content\/uploads\/2025\/04\/alexander-starcew-mAevlVrAfb0-unsplash-768x817.webp 768w\" sizes=\"(max-width: 800px) 100vw, 800px\" \/>\t\t\t\t\t\t\t\t\t\t\t\t\t\t\t<\/div>\n\t\t\t\t<\/div>\n\t\t\t\t<\/div>\n\t\t\t\t<\/div>\n\t\t\t\t\t<\/div>\n\t\t\t\t<\/div>\n\t\t<div class=\"elementor-element elementor-element-8bc80de e-flex e-con-boxed e-con e-parent\" data-id=\"8bc80de\" data-element_type=\"container\">\n\t\t\t\t\t<div class=\"e-con-inner\">\n\t\t\t\t<div class=\"elementor-element elementor-element-95303ea elementor-widget elementor-widget-n-accordion\" data-id=\"95303ea\" data-element_type=\"widget\" data-settings=\"{&quot;default_state&quot;:&quot;expanded&quot;,&quot;max_items_expended&quot;:&quot;one&quot;,&quot;n_accordion_animation_duration&quot;:{&quot;unit&quot;:&quot;ms&quot;,&quot;size&quot;:400,&quot;sizes&quot;:[]}}\" data-widget_type=\"nested-accordion.default\">\n\t\t\t\t\t\t\t<div class=\"e-n-accordion\" aria-label=\"Accordion. Open links with Enter or Space, close with Escape, and navigate with Arrow Keys\">\n\t\t\t\t\t\t<details id=\"e-n-accordion-item-1560\" class=\"e-n-accordion-item\" open>\n\t\t\t\t<summary class=\"e-n-accordion-item-title\" data-accordion-index=\"1\" tabindex=\"0\" aria-expanded=\"true\" aria-controls=\"e-n-accordion-item-1560\" >\n\t\t\t\t\t<span class='e-n-accordion-item-title-header'><div class=\"e-n-accordion-item-title-text\"> What type of projects do you develop? <\/div><\/span>\n\t\t\t\t\t\t\t<span class='e-n-accordion-item-title-icon'>\n\t\t\t<span class='e-opened' ><svg aria-hidden=\"true\" class=\"e-font-icon-svg e-fas-angle-down\" viewbox=\"0 0 320 512\" xmlns=\"http:\/\/www.w3.org\/2000\/svg\"><path d=\"M143 352.3L7 216.3c-9.4-9.4-9.4-24.6 0-33.9l22.6-22.6c9.4-9.4 24.6-9.4 33.9 0l96.4 96.4 96.4-96.4c9.4-9.4 24.6-9.4 33.9 0l22.6 22.6c9.4 9.4 9.4 24.6 0 33.9l-136 136c-9.2 9.4-24.4 9.4-33.8 0z\"><\/path><\/svg><\/span>\n\t\t\t<span class='e-closed'><svg aria-hidden=\"true\" class=\"e-font-icon-svg e-fas-angle-up\" viewbox=\"0 0 320 512\" xmlns=\"http:\/\/www.w3.org\/2000\/svg\"><path d=\"M177 159.7l136 136c9.4 9.4 9.4 24.6 0 33.9l-22.6 22.6c-9.4 9.4-24.6 9.4-33.9 0L160 255.9l-96.4 96.4c-9.4 9.4-24.6 9.4-33.9 0L7 329.7c-9.4-9.4-9.4-24.6 0-33.9l136-136c9.4-9.5 24.6-9.5 34-.1z\"><\/path><\/svg><\/span>\n\t\t<\/span>\n\n\t\t\t\t\t\t<\/summary>\n\t\t\t\t<div role=\"region\" aria-labelledby=\"e-n-accordion-item-1560\" class=\"elementor-element elementor-element-a6693b7 e-con-full e-flex e-con e-child\" data-id=\"a6693b7\" data-element_type=\"container\">\n\t\t\t\t<div class=\"elementor-element elementor-element-09a5cc7 elementor-widget elementor-widget-text-editor\" data-id=\"09a5cc7\" data-element_type=\"widget\" data-widget_type=\"text-editor.default\">\n\t\t\t\t\t\t\t\t\t<p>We develop a wide range of projects, from private residences to commercial buildings and urban developments. Each project is designed and executed according to the specific needs of the client, always maintaining the highest quality standards.<\/p>\t\t\t\t\t\t\t\t<\/div>\n\t\t\t\t<\/div>\n\t\t\t\t\t<\/details>\n\t\t\t\t\t\t<details id=\"e-n-accordion-item-1561\" class=\"e-n-accordion-item\" >\n\t\t\t\t<summary class=\"e-n-accordion-item-title\" data-accordion-index=\"2\" tabindex=\"-1\" aria-expanded=\"false\" aria-controls=\"e-n-accordion-item-1561\" >\n\t\t\t\t\t<span class='e-n-accordion-item-title-header'><div class=\"e-n-accordion-item-title-text\"> How is your team composed? <\/div><\/span>\n\t\t\t\t\t\t\t<span class='e-n-accordion-item-title-icon'>\n\t\t\t<span class='e-opened' ><svg aria-hidden=\"true\" class=\"e-font-icon-svg e-fas-angle-down\" viewbox=\"0 0 320 512\" xmlns=\"http:\/\/www.w3.org\/2000\/svg\"><path d=\"M143 352.3L7 216.3c-9.4-9.4-9.4-24.6 0-33.9l22.6-22.6c9.4-9.4 24.6-9.4 33.9 0l96.4 96.4 96.4-96.4c9.4-9.4 24.6-9.4 33.9 0l22.6 22.6c9.4 9.4 9.4 24.6 0 33.9l-136 136c-9.2 9.4-24.4 9.4-33.8 0z\"><\/path><\/svg><\/span>\n\t\t\t<span class='e-closed'><svg aria-hidden=\"true\" class=\"e-font-icon-svg e-fas-angle-up\" viewbox=\"0 0 320 512\" xmlns=\"http:\/\/www.w3.org\/2000\/svg\"><path d=\"M177 159.7l136 136c9.4 9.4 9.4 24.6 0 33.9l-22.6 22.6c-9.4 9.4-24.6 9.4-33.9 0L160 255.9l-96.4 96.4c-9.4 9.4-24.6 9.4-33.9 0L7 329.7c-9.4-9.4-9.4-24.6 0-33.9l136-136c9.4-9.5 24.6-9.5 34-.1z\"><\/path><\/svg><\/span>\n\t\t<\/span>\n\n\t\t\t\t\t\t<\/summary>\n\t\t\t\t<div role=\"region\" aria-labelledby=\"e-n-accordion-item-1561\" class=\"elementor-element elementor-element-a142f61 e-con-full e-flex e-con e-child\" data-id=\"a142f61\" data-element_type=\"container\">\n\t\t\t\t<div class=\"elementor-element elementor-element-de2b3ae elementor-widget elementor-widget-text-editor\" data-id=\"de2b3ae\" data-element_type=\"widget\" data-widget_type=\"text-editor.default\">\n\t\t\t\t\t\t\t\t\t<p>We have a multidisciplinary team made up of architects, engineers, and specialized designers. This professional diversity allows us to approach each project from different perspectives and guarantee optimal results.<\/p>\t\t\t\t\t\t\t\t<\/div>\n\t\t\t\t<\/div>\n\t\t\t\t\t<\/details>\n\t\t\t\t\t\t<details id=\"e-n-accordion-item-1562\" class=\"e-n-accordion-item\" >\n\t\t\t\t<summary class=\"e-n-accordion-item-title\" data-accordion-index=\"3\" tabindex=\"-1\" aria-expanded=\"false\" aria-controls=\"e-n-accordion-item-1562\" >\n\t\t\t\t\t<span class='e-n-accordion-item-title-header'><div class=\"e-n-accordion-item-title-text\"> What technologies do you use in your projects? <\/div><\/span>\n\t\t\t\t\t\t\t<span class='e-n-accordion-item-title-icon'>\n\t\t\t<span class='e-opened' ><svg aria-hidden=\"true\" class=\"e-font-icon-svg e-fas-angle-down\" viewbox=\"0 0 320 512\" xmlns=\"http:\/\/www.w3.org\/2000\/svg\"><path d=\"M143 352.3L7 216.3c-9.4-9.4-9.4-24.6 0-33.9l22.6-22.6c9.4-9.4 24.6-9.4 33.9 0l96.4 96.4 96.4-96.4c9.4-9.4 24.6-9.4 33.9 0l22.6 22.6c9.4 9.4 9.4 24.6 0 33.9l-136 136c-9.2 9.4-24.4 9.4-33.8 0z\"><\/path><\/svg><\/span>\n\t\t\t<span class='e-closed'><svg aria-hidden=\"true\" class=\"e-font-icon-svg e-fas-angle-up\" viewbox=\"0 0 320 512\" xmlns=\"http:\/\/www.w3.org\/2000\/svg\"><path d=\"M177 159.7l136 136c9.4 9.4 9.4 24.6 0 33.9l-22.6 22.6c-9.4 9.4-24.6 9.4-33.9 0L160 255.9l-96.4 96.4c-9.4 9.4-24.6 9.4-33.9 0L7 329.7c-9.4-9.4-9.4-24.6 0-33.9l136-136c9.4-9.5 24.6-9.5 34-.1z\"><\/path><\/svg><\/span>\n\t\t<\/span>\n\n\t\t\t\t\t\t<\/summary>\n\t\t\t\t<div role=\"region\" aria-labelledby=\"e-n-accordion-item-1562\" class=\"elementor-element elementor-element-07178af e-con-full e-flex e-con e-child\" data-id=\"07178af\" data-element_type=\"container\">\n\t\t\t\t<div class=\"elementor-element elementor-element-c063203 elementor-widget elementor-widget-text-editor\" data-id=\"c063203\" data-element_type=\"widget\" data-widget_type=\"text-editor.default\">\n\t\t\t\t\t\t\t\t\t<p>We implement cutting-edge technology and state-of-the-art materials in all our projects. This allows us to create structures that are safer, more efficient, and more durable.<\/p>\t\t\t\t\t\t\t\t<\/div>\n\t\t\t\t<\/div>\n\t\t\t\t\t<\/details>\n\t\t\t\t\t<\/div>\n\t\t\t\t\t\t<\/div>\n\t\t\t\t\t<\/div>\n\t\t\t\t<\/div>\n\t\t\t\t<\/div>","protected":false},"excerpt":{"rendered":"<p>Gesti\u00f3n de Redes Sociales Conectamos tu marca con el mundo digital Gesti\u00f3n de Redes Sociales Administramos redes sociales de empresas y emprendedores, creando contenido atractivo y gestionando la interacci\u00f3n con la audiencia. Desarrollamos estrategias para aumentar el engagement y convertir seguidores en clientes fieles. Nos encargamos de la planificaci\u00f3n de contenido, dise\u00f1o gr\u00e1fico, copywriting y [&hellip;]<\/p>","protected":false},"author":1,"featured_media":0,"parent":0,"menu_order":0,"comment_status":"closed","ping_status":"closed","template":"","meta":{"_acf_changed":false,"_seopress_robots_primary_cat":"","_seopress_titles_title":"","_seopress_titles_desc":"","_seopress_robots_index":"","footnotes":""},"class_list":["post-464","page","type-page","status-publish","hentry"],"acf":[],"_links":{"self":[{"href":"https:\/\/romainvest.es\/en\/wp-json\/wp\/v2\/pages\/464","targetHints":{"allow":["GET"]}}],"collection":[{"href":"https:\/\/romainvest.es\/en\/wp-json\/wp\/v2\/pages"}],"about":[{"href":"https:\/\/romainvest.es\/en\/wp-json\/wp\/v2\/types\/page"}],"author":[{"embeddable":true,"href":"https:\/\/romainvest.es\/en\/wp-json\/wp\/v2\/users\/1"}],"replies":[{"embeddable":true,"href":"https:\/\/romainvest.es\/en\/wp-json\/wp\/v2\/comments?post=464"}],"version-history":[{"count":0,"href":"https:\/\/romainvest.es\/en\/wp-json\/wp\/v2\/pages\/464\/revisions"}],"wp:attachment":[{"href":"https:\/\/romainvest.es\/en\/wp-json\/wp\/v2\/media?parent=464"}],"curies":[{"name":"wp","href":"https:\/\/api.w.org\/{rel}","templated":true}]}}