{"id":56,"date":"2025-02-13T15:13:15","date_gmt":"2025-02-13T15:13:15","guid":{"rendered":"https:\/\/romainvest.es\/politica-de-cookies\/"},"modified":"2025-02-19T12:51:22","modified_gmt":"2025-02-19T12:51:22","slug":"politica-de-cookies","status":"publish","type":"page","link":"https:\/\/romainvest.es\/en\/politica-de-cookies\/","title":{"rendered":"Cookies policy"},"content":{"rendered":"<div data-elementor-type=\"wp-page\" data-elementor-id=\"56\" class=\"elementor elementor-56\" data-elementor-post-type=\"page\">\n\t\t\t\t\t\t<section class=\"elementor-section elementor-top-section elementor-element elementor-element-98a76e5 elementor-section-boxed elementor-section-height-default elementor-section-height-default\" data-id=\"98a76e5\" data-element_type=\"section\">\n\t\t\t\t\t\t<div class=\"elementor-container elementor-column-gap-default\">\n\t\t\t\t\t<div class=\"elementor-column elementor-col-100 elementor-top-column elementor-element elementor-element-6012dff1\" data-id=\"6012dff1\" data-element_type=\"column\">\n\t\t\t<div class=\"elementor-widget-wrap elementor-element-populated\">\n\t\t\t\t\t\t<div class=\"elementor-element elementor-element-16d934a9 elementor-widget elementor-widget-text-editor\" data-id=\"16d934a9\" data-element_type=\"widget\" data-widget_type=\"text-editor.default\">\n\t\t\t\t\t\t\t\t\t<h2 data-start=\"146\" data-end=\"170\"><strong data-start=\"149\" data-end=\"168\">1. INTRODUCTION<\/strong><\/h2><p data-start=\"172\" data-end=\"441\">In compliance with the <strong data-start=\"195\" data-end=\"284\">Law on Information Society Services and Electronic Commerce (LSSICE)<\/strong> and the <strong data-start=\"290\" data-end=\"314\">Royal Decree 13\/2012<\/strong>, this website requests the user's express consent prior to the installation of non-essential cookies on the user's device.<\/p><h2 data-start=\"443\" data-end=\"476\"><strong data-start=\"446\" data-end=\"474\">2. WHAT ARE COOKIES?<\/strong><\/h2><p data-start=\"478\" data-end=\"726\">The <strong data-start=\"482\" data-end=\"493\">cookies<\/strong> are small text files that a website stores in the user's browser. These files are used to remember browsing information in order to improve the user's experience and facilitate certain functionalities.<\/p><p data-start=\"728\" data-end=\"849\">Similar technologies exist, such as <strong data-start=\"764\" data-end=\"813\">p\u00edxeles, objetos locales compartidos o flash cookies<\/strong>, which perform similar functions.<\/p><h2 data-start=\"851\" data-end=\"905\"><strong data-start=\"854\" data-end=\"903\">3. COOKIES SUBJECT TO REGULATION AND EXCEPTIONS<\/strong><\/h2><p data-start=\"907\" data-end=\"1027\">According to the regulations of the <strong data-start=\"932\" data-end=\"949\">European Union<\/strong>, user consent is required <strong data-start=\"966\" data-end=\"996\">user consent<\/strong> for the following cookies:<\/p><p data-start=\"1029\" data-end=\"1103\"><img decoding=\"async\" class=\"emoji\" role=\"img\" draggable=\"false\" src=\"https:\/\/s.w.org\/images\/core\/emoji\/15.0.3\/svg\/2714.svg\" alt=\"\u2714\" \/> <strong data-start=\"1031\" data-end=\"1055\">Analytics cookies<\/strong><br data-start=\"1055\" data-end=\"1058\" \/><img decoding=\"async\" class=\"emoji\" role=\"img\" draggable=\"false\" src=\"https:\/\/s.w.org\/images\/core\/emoji\/15.0.3\/svg\/2714.svg\" alt=\"\u2714\" \/> <strong data-start=\"1060\" data-end=\"1101\">Advertising and affiliate cookies<\/strong><\/p><p data-start=\"1105\" data-end=\"1230\">Cookies do not require consent <strong data-start=\"1145\" data-end=\"1171\">technical and functional<\/strong>, as they are essential for the functioning of the website.<\/p><h2 data-start=\"1232\" data-end=\"1279\"><strong data-start=\"1235\" data-end=\"1277\">4. TYPES OF COOKIES ACCORDING TO THEIR PURPOSE<\/strong><\/h2><table data-start=\"1281\" data-end=\"2064\"><thead data-start=\"1281\" data-end=\"1321\"><tr data-start=\"1281\" data-end=\"1321\"><th data-start=\"1281\" data-end=\"1302\"><strong data-start=\"1283\" data-end=\"1301\">Type of cookie<\/strong><\/th><th data-start=\"1302\" data-end=\"1321\"><strong data-start=\"1304\" data-end=\"1317\">Purpose<\/strong><\/th><\/tr><\/thead><tbody data-start=\"1400\" data-end=\"2064\"><tr data-start=\"1400\" data-end=\"1497\"><td><strong data-start=\"1402\" data-end=\"1428\">Technical and functional<\/strong><\/td><td>They allow browsing and the use of the website options.<\/td><\/tr><tr data-start=\"1498\" data-end=\"1586\"><td><strong data-start=\"1500\" data-end=\"1514\">Analyses<\/strong><\/td><td>They analyse user behaviour to improve the website.<\/td><\/tr><tr data-start=\"1587\" data-end=\"1702\"><td><strong data-start=\"1589\" data-end=\"1606\">Advertising<\/strong><\/td><td>Manage web advertising based on content or frequency of viewing.<\/td><\/tr><tr data-start=\"1703\" data-end=\"1803\"><td><strong data-start=\"1705\" data-end=\"1734\">Behavioural advertising<\/strong><\/td><td>They personalise advertising according to the user's preferences.<\/td><\/tr><tr data-start=\"1804\" data-end=\"1872\"><td><strong data-start=\"1806\" data-end=\"1818\">Socials<\/strong><\/td><td>They allow content to be shared on social networks.<\/td><\/tr><tr data-start=\"1873\" data-end=\"1969\"><td><strong data-start=\"1875\" data-end=\"1888\">Affiliates<\/strong><\/td><td>Tracking of visits from other sites with which there are affiliation agreements.<\/td><\/tr><tr data-start=\"1970\" data-end=\"2064\"><td><strong data-start=\"1972\" data-end=\"1985\">Security<\/strong><\/td><td>They protect the data stored in cookies against malicious attacks.<\/td><\/tr><\/tbody><\/table><h2 data-start=\"2066\" data-end=\"2113\"><strong data-start=\"2069\" data-end=\"2111\">5. TYPES OF COOKIES ACCORDING TO THEIR OWNERSHIP<\/strong><\/h2><ul data-start=\"2115\" data-end=\"2257\"><li data-start=\"2115\" data-end=\"2184\"><strong data-start=\"2117\" data-end=\"2137\">Own cookies:<\/strong> Managed directly by this website.<\/li><li data-start=\"2185\" data-end=\"2257\"><strong data-start=\"2187\" data-end=\"2211\">Third-party cookies:<\/strong> Managed by other external providers.<\/li><\/ul><h2 data-start=\"2259\" data-end=\"2294\"><strong data-start=\"2262\" data-end=\"2292\">6. DURATION OF COOKIES<\/strong><\/h2><ul data-start=\"2296\" data-end=\"2468\"><li data-start=\"2296\" data-end=\"2358\"><strong data-start=\"2298\" data-end=\"2320\">Session cookies:<\/strong> They are deleted when the browser is closed.<\/li><li data-start=\"2359\" data-end=\"2468\"><strong data-start=\"2361\" data-end=\"2386\">Persistent cookies:<\/strong> They remain on the device until their expiry date or manual deletion.<\/li><\/ul><h2 data-start=\"2470\" data-end=\"2513\"><strong data-start=\"2473\" data-end=\"2511\">7. PROCESSING OF PERSONAL DATA<\/strong><\/h2><p data-start=\"2515\" data-end=\"2591\">The controller responsible for the processing of personal data is<\/p><ul data-start=\"2593\" data-end=\"2740\"><li data-start=\"2593\" data-end=\"2626\"><strong data-start=\"2595\" data-end=\"2624\">ROMA INVEST PARTNERS S.A.<\/strong><\/li><li data-start=\"2627\" data-end=\"2688\"><strong data-start=\"2629\" data-end=\"2643\">Address:<\/strong> Calle Nord n\u00fam. 1, (17490), Llan\u00e7\u00e0, Gerona<\/li><li data-start=\"2689\" data-end=\"2740\"><strong data-start=\"2691\" data-end=\"2714\">Email<\/strong> <a rel=\"noopener\" data-start=\"2715\" data-end=\"2738\">joan.romagosa@gmail.com<\/a><\/li><\/ul><h3 data-start=\"2742\" data-end=\"2776\"><strong data-start=\"2746\" data-end=\"2774\">Purpose and legitimacy<\/strong><\/h3><p data-start=\"2778\" data-end=\"3031\"><img decoding=\"async\" class=\"emoji\" role=\"img\" draggable=\"false\" src=\"https:\/\/s.w.org\/images\/core\/emoji\/15.0.3\/svg\/2714.svg\" alt=\"\u2714\" \/> Treatment is carried out on the basis of the <strong data-start=\"2821\" data-end=\"2851\">user consent<\/strong> (Art. 6.1 GDPR).<br data-start=\"2868\" data-end=\"2871\" \/><img decoding=\"async\" class=\"emoji\" role=\"img\" draggable=\"false\" src=\"https:\/\/s.w.org\/images\/core\/emoji\/15.0.3\/svg\/2714.svg\" alt=\"\u2714\" \/> The data collected will be retained for the duration of each cookie.<br data-start=\"2941\" data-end=\"2944\" \/><img decoding=\"async\" class=\"emoji\" role=\"img\" draggable=\"false\" src=\"https:\/\/s.w.org\/images\/core\/emoji\/15.0.3\/svg\/2714.svg\" alt=\"\u2714\" \/> No data will be passed on to third parties except in third party cookies or by legal obligation.<\/p><h3 data-start=\"3033\" data-end=\"3063\"><strong data-start=\"3037\" data-end=\"3061\">User rights<\/strong><\/h3><p data-start=\"3065\" data-end=\"3094\">The user has the right to:<\/p><p data-start=\"3096\" data-end=\"3337\"><img decoding=\"async\" class=\"emoji\" role=\"img\" draggable=\"false\" src=\"https:\/\/s.w.org\/images\/core\/emoji\/15.0.3\/svg\/2705.svg\" alt=\"\u2705\" \/> To access, rectify, correct, carry and delete their data.<br data-start=\"3147\" data-end=\"3150\" \/><img decoding=\"async\" class=\"emoji\" role=\"img\" draggable=\"false\" src=\"https:\/\/s.w.org\/images\/core\/emoji\/15.0.3\/svg\/2705.svg\" alt=\"\u2705\" \/> To limit or object to processing.<br data-start=\"3186\" data-end=\"3189\" \/><img decoding=\"async\" class=\"emoji\" role=\"img\" draggable=\"false\" src=\"https:\/\/s.w.org\/images\/core\/emoji\/15.0.3\/svg\/2705.svg\" alt=\"\u2705\" \/> Withdraw your consent at any time.<br data-start=\"3238\" data-end=\"3241\" \/><img decoding=\"async\" class=\"emoji\" role=\"img\" draggable=\"false\" src=\"https:\/\/s.w.org\/images\/core\/emoji\/15.0.3\/svg\/2705.svg\" alt=\"\u2705\" \/> File a complaint with the Spanish Data Protection Agency (<strong data-start=\"3318\" data-end=\"3333\"><a href=\"http:\/\/www.aepd.es\" target=\"_new\" rel=\"noopener\" data-start=\"3320\" data-end=\"3331\">www.aepd.es<\/a><\/strong>).<\/p><p data-start=\"3339\" data-end=\"3416\">To exercise these rights, you can write to: <strong data-start=\"3386\" data-end=\"3413\"><a rel=\"noopener\" data-start=\"3388\" data-end=\"3411\">joan.romagosa@gmail.com<\/a><\/strong>.<\/p><h2 data-start=\"3418\" data-end=\"3466\"><strong data-start=\"3421\" data-end=\"3464\">8. COOKIES USED ON THIS WEBSITE<\/strong><\/h2><p data-start=\"3468\" data-end=\"3629\">From this panel, users can configure which cookies they are allowed to install on their browser, except for technical cookies that are essential for browsing.<\/p><h3 data-start=\"3631\" data-end=\"3684\"><strong data-start=\"3635\" data-end=\"3682\">First party cookies (controlled by the publisher)<\/strong><\/h3><table data-start=\"3686\" data-end=\"3990\"><thead data-start=\"3686\" data-end=\"3749\"><tr data-start=\"3686\" data-end=\"3749\"><th data-start=\"3686\" data-end=\"3702\"><strong data-start=\"3688\" data-end=\"3701\">Property<\/strong><\/th><th data-start=\"3702\" data-end=\"3715\"><strong data-start=\"3704\" data-end=\"3714\">Cookie<\/strong><\/th><th data-start=\"3715\" data-end=\"3731\"><strong data-start=\"3717\" data-end=\"3730\">Purpose<\/strong><\/th><th data-start=\"3731\" data-end=\"3749\"><strong data-start=\"3733\" data-end=\"3745\">Duration<\/strong><\/th><\/tr><\/thead><tbody data-start=\"3809\" data-end=\"3990\"><tr data-start=\"3809\" data-end=\"3911\"><td>romainvest.es<\/td><td>wp_woocommerce_session_[ID]<\/td><td>Necessary for web functions<\/td><td>2 days<\/td><\/tr><tr data-start=\"3912\" data-end=\"3990\"><td>gstatic.com<\/td><td>CONSENT<\/td><td>Google consent tracker<\/td><td>17 a\u00f1os<\/td><\/tr><\/tbody><\/table><h3 data-start=\"3992\" data-end=\"4021\"><strong data-start=\"3996\" data-end=\"4019\">Third-party cookies<\/strong><\/h3><p data-start=\"4023\" data-end=\"4200\">Service providers may change their policies at any time. The main third-party providers used on this website are listed below:<\/p><table data-start=\"4202\" data-end=\"4395\"><thead data-start=\"4202\" data-end=\"4250\"><tr data-start=\"4202\" data-end=\"4250\"><th data-start=\"4202\" data-end=\"4218\"><strong data-start=\"4204\" data-end=\"4217\">Supplier<\/strong><\/th><th data-start=\"4218\" data-end=\"4250\"><strong data-start=\"4220\" data-end=\"4246\">Privacy Policy<\/strong><\/th><\/tr><\/thead><tbody data-start=\"4297\" data-end=\"4395\"><tr data-start=\"4297\" data-end=\"4395\"><td><strong data-start=\"4299\" data-end=\"4309\">Google<\/strong><\/td><td><a href=\"https:\/\/privacy.google.com\/take-control.html\" target=\"_new\" rel=\"noopener\" data-start=\"4312\" data-end=\"4391\">Privacy and cookie control<\/a><\/td><\/tr><\/tbody><\/table><h2 data-start=\"4397\" data-end=\"4443\"><strong data-start=\"4400\" data-end=\"4441\">9. BROWSER COOKIE MANAGEMENT<\/strong><\/h2><h3 data-start=\"4445\" data-end=\"4475\"><strong data-start=\"4449\" data-end=\"4473\">Available options<\/strong><\/h3><p data-start=\"4477\" data-end=\"4734\"><img decoding=\"async\" class=\"emoji\" role=\"img\" draggable=\"false\" src=\"https:\/\/s.w.org\/images\/core\/emoji\/15.0.3\/svg\/1f539.svg\" alt=\"\ud83d\udd39\" \/> <strong data-start=\"4480\" data-end=\"4500\">Delete cookies<\/strong>: They can be deleted from the browser settings.<br data-start=\"4556\" data-end=\"4559\" \/><img decoding=\"async\" class=\"emoji\" role=\"img\" draggable=\"false\" src=\"https:\/\/s.w.org\/images\/core\/emoji\/15.0.3\/svg\/1f539.svg\" alt=\"\ud83d\udd39\" \/> <strong data-start=\"4562\" data-end=\"4595\">Manage specific cookies<\/strong>: Setting the preferences of each website.<br data-start=\"4642\" data-end=\"4645\" \/><img decoding=\"async\" class=\"emoji\" role=\"img\" draggable=\"false\" src=\"https:\/\/s.w.org\/images\/core\/emoji\/15.0.3\/svg\/1f539.svg\" alt=\"\ud83d\udd39\" \/> <strong data-start=\"4648\" data-end=\"4668\">Block cookies<\/strong>: May affect the proper functioning of some services.<\/p><h3 data-start=\"4736\" data-end=\"4797\"><strong data-start=\"4740\" data-end=\"4795\">How to delete cookies in the most used browsers<\/strong><\/h3><ul data-start=\"4799\" data-end=\"5371\"><li data-start=\"4799\" data-end=\"4896\"><strong data-start=\"4801\" data-end=\"4812\">Chrome:<\/strong> <a href=\"http:\/\/support.google.com\/chrome\/answer\/95647?hl=es\" target=\"_new\" rel=\"noopener\" data-start=\"4813\" data-end=\"4894\">Delete cookies in Chrome<\/a><\/li><li data-start=\"4897\" data-end=\"5045\"><strong data-start=\"4899\" data-end=\"4921\">Internet Explorer:<\/strong> <a href=\"https:\/\/support.microsoft.com\/es-es\/help\/278835\/how-to-delete-cookie-files-in-internet-explorer\" target=\"_new\" rel=\"noopener\" data-start=\"4922\" data-end=\"5043\">Delete cookies in IE<\/a><\/li><li data-start=\"5046\" data-end=\"5149\"><strong data-start=\"5048\" data-end=\"5060\">Firefox:<\/strong> <a href=\"https:\/\/www.mozilla.org\/es-ES\/privacy\/websites\/#cookies\" target=\"_new\" rel=\"noopener\" data-start=\"5061\" data-end=\"5147\">Delete cookies in FIREFOX<\/a><\/li><li data-start=\"5150\" data-end=\"5254\"><strong data-start=\"5152\" data-end=\"5163\">Safari:<\/strong> <a href=\"https:\/\/support.apple.com\/es-es\/guide\/safari\/sfri11471\/mac\" target=\"_new\" rel=\"noopener\" data-start=\"5164\" data-end=\"5252\">Delete cookies in SAFARI<\/a><\/li><li data-start=\"5255\" data-end=\"5371\"><strong data-start=\"5257\" data-end=\"5267\">Opera:<\/strong> <a href=\"https:\/\/help.opera.com\/en\/latest\/security-and-privacy\/#clearBrowsingData\" target=\"_new\" rel=\"noopener\" data-start=\"5268\" data-end=\"5369\">Delete cookies in Opera<\/a><\/li><\/ul>\t\t\t\t\t\t\t\t<\/div>\n\t\t\t\t\t<\/div>\n\t\t<\/div>\n\t\t\t\t\t<\/div>\n\t\t<\/section>\n\t\t\t\t<\/div>","protected":false},"excerpt":{"rendered":"<p>1. INTRODUCCI\u00d3N En cumplimiento con la Ley de Servicios de la Sociedad de la Informaci\u00f3n y del Comercio Electr\u00f3nico (LSSICE) y el Real Decreto 13\/2012, esta web solicita el consentimiento expreso del usuario antes de la instalaci\u00f3n de cookies no esenciales en su dispositivo. 2. \u00bfQU\u00c9 SON LAS COOKIES? Las cookies son peque\u00f1os archivos de [&hellip;]<\/p>","protected":false},"author":1,"featured_media":0,"parent":0,"menu_order":0,"comment_status":"closed","ping_status":"closed","template":"","meta":{"_acf_changed":false,"_seopress_robots_primary_cat":"","_seopress_titles_title":"","_seopress_titles_desc":"","_seopress_robots_index":"","footnotes":""},"class_list":["post-56","page","type-page","status-publish","hentry"],"acf":[],"_links":{"self":[{"href":"https:\/\/romainvest.es\/en\/wp-json\/wp\/v2\/pages\/56","targetHints":{"allow":["GET"]}}],"collection":[{"href":"https:\/\/romainvest.es\/en\/wp-json\/wp\/v2\/pages"}],"about":[{"href":"https:\/\/romainvest.es\/en\/wp-json\/wp\/v2\/types\/page"}],"author":[{"embeddable":true,"href":"https:\/\/romainvest.es\/en\/wp-json\/wp\/v2\/users\/1"}],"replies":[{"embeddable":true,"href":"https:\/\/romainvest.es\/en\/wp-json\/wp\/v2\/comments?post=56"}],"version-history":[{"count":0,"href":"https:\/\/romainvest.es\/en\/wp-json\/wp\/v2\/pages\/56\/revisions"}],"wp:attachment":[{"href":"https:\/\/romainvest.es\/en\/wp-json\/wp\/v2\/media?parent=56"}],"curies":[{"name":"wp","href":"https:\/\/api.w.org\/{rel}","templated":true}]}}