{"id":662,"date":"2025-04-30T07:29:14","date_gmt":"2025-04-30T07:29:14","guid":{"rendered":"https:\/\/romainvest.es\/?page_id=662"},"modified":"2025-05-02T10:13:53","modified_gmt":"2025-05-02T10:13:53","slug":"arquitectura-en-baix-emporda","status":"publish","type":"page","link":"https:\/\/romainvest.es\/en\/arquitectura-en-baix-emporda\/","title":{"rendered":"Architecture in Baix Empord\u00e0"},"content":{"rendered":"<div data-elementor-type=\"wp-page\" data-elementor-id=\"662\" class=\"elementor elementor-662\" data-elementor-post-type=\"page\">\n\t\t\t\t<div class=\"elementor-element elementor-element-9c6ba53 e-flex e-con-boxed e-con e-parent\" data-id=\"9c6ba53\" data-element_type=\"container\" data-settings=\"{&quot;background_background&quot;:&quot;classic&quot;}\">\n\t\t\t\t\t<div class=\"e-con-inner\">\n\t\t\t\t<div class=\"elementor-element elementor-element-ffc8e73 elementor-widget elementor-widget-heading\" data-id=\"ffc8e73\" data-element_type=\"widget\" data-widget_type=\"heading.default\">\n\t\t\t\t\t<h1 class=\"elementor-heading-title elementor-size-default\">Architecture in Baix Empord\u00e0<\/h1>\t\t\t\t<\/div>\n\t\t\t\t\t<\/div>\n\t\t\t\t<\/div>\n\t\t<div class=\"elementor-element elementor-element-2f8d581 e-con-full e-flex e-con e-parent\" data-id=\"2f8d581\" data-element_type=\"container\">\n\t\t<div class=\"elementor-element elementor-element-4659253 e-flex e-con-boxed e-con e-child\" data-id=\"4659253\" data-element_type=\"container\">\n\t\t\t\t\t<div class=\"e-con-inner\">\n\t\t\t\t<div class=\"elementor-element elementor-element-b11bc40 elementor-widget elementor-widget-heading\" data-id=\"b11bc40\" data-element_type=\"widget\" data-widget_type=\"heading.default\">\n\t\t\t\t\t<h3 class=\"elementor-heading-title elementor-size-default\">Architectural projects integrated into the rural and coastal landscape of Empord\u00e0.\n\n<\/h3>\t\t\t\t<\/div>\n\t\t\t\t<div class=\"elementor-element elementor-element-861166e elementor-widget elementor-widget-heading\" data-id=\"861166e\" data-element_type=\"widget\" data-widget_type=\"heading.default\">\n\t\t\t\t\t<h2 class=\"elementor-heading-title elementor-size-default\">HOMES THAT BREATHE THE ENVIRONMENT\n<\/h2>\t\t\t\t<\/div>\n\t\t\t\t<div class=\"elementor-element elementor-element-63203ea elementor-widget-divider--view-line elementor-widget elementor-widget-divider\" data-id=\"63203ea\" data-element_type=\"widget\" data-widget_type=\"divider.default\">\n\t\t\t\t\t\t\t<div class=\"elementor-divider\">\n\t\t\t<span class=\"elementor-divider-separator\">\n\t\t\t\t\t\t<\/span>\n\t\t<\/div>\n\t\t\t\t\t\t<\/div>\n\t\t\t\t<div class=\"elementor-element elementor-element-684529d elementor-widget elementor-widget-text-editor\" data-id=\"684529d\" data-element_type=\"widget\" data-widget_type=\"text-editor.default\">\n\t\t\t\t\t\t\t\t\t<p>In Baix Empord\u00e0, we design homes that respect the essence of the territory: local materials, sober forms, and a strong connection between interior and exterior. Each project seeks a balance between tradition and modernity, with sustainable solutions adapted to the Mediterranean climate. From houses among vineyards to villas by the sea, architecture becomes part of the landscape.<\/p>\t\t\t\t\t\t\t\t<\/div>\n\t\t\t\t\t<\/div>\n\t\t\t\t<\/div>\n\t\t<div class=\"elementor-element elementor-element-e2be240 e-con-full e-flex e-con e-child\" data-id=\"e2be240\" data-element_type=\"container\">\n\t\t<div class=\"elementor-element elementor-element-9ae45dc e-con-full e-flex e-con e-child\" data-id=\"9ae45dc\" data-element_type=\"container\">\n\t\t<div class=\"elementor-element elementor-element-05b4038 e-con-full e-flex e-con e-child\" data-id=\"05b4038\" data-element_type=\"container\">\n\t\t\t\t<div class=\"elementor-element elementor-element-8fa62c2 marquee-animation elementor-widget elementor-widget-image-carousel\" data-id=\"8fa62c2\" data-element_type=\"widget\" data-settings=\"{&quot;slides_to_show&quot;:&quot;3&quot;,&quot;navigation&quot;:&quot;none&quot;,&quot;autoplay_speed&quot;:0,&quot;speed&quot;:8000,&quot;slides_to_show_tablet&quot;:&quot;2&quot;,&quot;autoplay&quot;:&quot;yes&quot;,&quot;infinite&quot;:&quot;yes&quot;,&quot;image_spacing_custom&quot;:{&quot;unit&quot;:&quot;px&quot;,&quot;size&quot;:20,&quot;sizes&quot;:[]},&quot;image_spacing_custom_tablet&quot;:{&quot;unit&quot;:&quot;px&quot;,&quot;size&quot;:&quot;&quot;,&quot;sizes&quot;:[]},&quot;image_spacing_custom_mobile&quot;:{&quot;unit&quot;:&quot;px&quot;,&quot;size&quot;:&quot;&quot;,&quot;sizes&quot;:[]}}\" data-widget_type=\"image-carousel.default\">\n\t\t\t\t\t\t\t<div class=\"elementor-image-carousel-wrapper swiper\" role=\"region\" aria-roledescription=\"carousel\" aria-label=\"Image Carousel\" dir=\"ltr\">\n\t\t\t<div class=\"elementor-image-carousel swiper-wrapper\" aria-live=\"off\">\n\t\t\t\t\t\t\t\t<div class=\"swiper-slide\" role=\"group\" aria-roledescription=\"slide\" aria-label=\"1 de 5\"><figure class=\"swiper-slide-inner\"><img decoding=\"async\" class=\"swiper-slide-image\" src=\"https:\/\/romainvest.es\/wp-content\/uploads\/2025\/04\/ChatGPT-Image-30-abr-2025-08_58_32.webp\" alt=\"ChatGPT Image 30 abr 2025, 08_58_32\" \/><\/figure><\/div><div class=\"swiper-slide\" role=\"group\" aria-roledescription=\"slide\" aria-label=\"2 de 5\"><figure class=\"swiper-slide-inner\"><img decoding=\"async\" class=\"swiper-slide-image\" src=\"https:\/\/romainvest.es\/wp-content\/uploads\/2025\/04\/residential-house.webp\" alt=\"residential-house\" \/><\/figure><\/div><div class=\"swiper-slide\" role=\"group\" aria-roledescription=\"slide\" aria-label=\"3 de 5\"><figure class=\"swiper-slide-inner\"><img decoding=\"async\" class=\"swiper-slide-image\" src=\"https:\/\/romainvest.es\/wp-content\/uploads\/2025\/04\/vacation-mykonos-travel-tourism-village-1.webp\" alt=\"vacation-mykonos-travel-tourism-village\" \/><\/figure><\/div><div class=\"swiper-slide\" role=\"group\" aria-roledescription=\"slide\" aria-label=\"4 de 5\"><figure class=\"swiper-slide-inner\"><img decoding=\"async\" class=\"swiper-slide-image\" src=\"https:\/\/romainvest.es\/wp-content\/uploads\/2025\/04\/architecture-morocco-style-1.webp\" alt=\"architecture-morocco-style\" \/><\/figure><\/div><div class=\"swiper-slide\" role=\"group\" aria-roledescription=\"slide\" aria-label=\"5 de 5\"><figure class=\"swiper-slide-inner\"><img decoding=\"async\" class=\"swiper-slide-image\" src=\"https:\/\/romainvest.es\/wp-content\/uploads\/2025\/04\/vacation-mykonos-travel-tourism-village.webp\" alt=\"vacation-mykonos-travel-tourism-village\" \/><\/figure><\/div>\t\t\t<\/div>\n\t\t\t\t\t\t\t\n\t\t\t\t\t\t\t\t\t<\/div>\n\t\t\t\t\t\t<\/div>\n\t\t\t\t<\/div>\n\t\t\t\t<\/div>\n\t\t\t\t<\/div>\n\t\t\t\t<\/div>\n\t\t\t\t<\/div>","protected":false},"excerpt":{"rendered":"<p>Arquitectura en Baix Empord\u00e0 Proyectos arquitect\u00f3nicos integrados en el paisaje rural y costero del Empord\u00e0. Viviendas que respiran el entorno En Baix Empord\u00e0, dise\u00f1amos viviendas que respetan la esencia del territorio: materiales locales, formas sobrias y una fuerte conexi\u00f3n entre interior y exterior. Cada proyecto busca equilibrio entre tradici\u00f3n y contemporaneidad, con soluciones sostenibles adaptadas [&hellip;]<\/p>","protected":false},"author":1,"featured_media":0,"parent":0,"menu_order":0,"comment_status":"closed","ping_status":"closed","template":"","meta":{"_acf_changed":false,"_seopress_robots_primary_cat":"","_seopress_titles_title":"%%post_title%% %%sep%% %%sitetitle%%","_seopress_titles_desc":"En Baix Empord\u00e0 creamos viviendas que respetan el entorno, combinando tradici\u00f3n, sostenibilidad y dise\u00f1o mediterr\u00e1neo integrado en el paisaje.","_seopress_robots_index":"","footnotes":""},"class_list":["post-662","page","type-page","status-publish","hentry"],"acf":[],"_links":{"self":[{"href":"https:\/\/romainvest.es\/en\/wp-json\/wp\/v2\/pages\/662","targetHints":{"allow":["GET"]}}],"collection":[{"href":"https:\/\/romainvest.es\/en\/wp-json\/wp\/v2\/pages"}],"about":[{"href":"https:\/\/romainvest.es\/en\/wp-json\/wp\/v2\/types\/page"}],"author":[{"embeddable":true,"href":"https:\/\/romainvest.es\/en\/wp-json\/wp\/v2\/users\/1"}],"replies":[{"embeddable":true,"href":"https:\/\/romainvest.es\/en\/wp-json\/wp\/v2\/comments?post=662"}],"version-history":[{"count":0,"href":"https:\/\/romainvest.es\/en\/wp-json\/wp\/v2\/pages\/662\/revisions"}],"wp:attachment":[{"href":"https:\/\/romainvest.es\/en\/wp-json\/wp\/v2\/media?parent=662"}],"curies":[{"name":"wp","href":"https:\/\/api.w.org\/{rel}","templated":true}]}}