{"id":406,"date":"2025-02-17T08:32:53","date_gmt":"2025-02-17T08:32:53","guid":{"rendered":"https:\/\/romainvest.es\/?page_id=406"},"modified":"2025-05-02T09:20:19","modified_gmt":"2025-05-02T09:20:19","slug":"arquitectura-y-construccion","status":"publish","type":"page","link":"https:\/\/romainvest.es\/fr\/arquitectura-y-construccion\/","title":{"rendered":"Architecture et Construction"},"content":{"rendered":"<div data-elementor-type=\"wp-page\" data-elementor-id=\"406\" class=\"elementor elementor-406\" data-elementor-post-type=\"page\">\n\t\t\t\t<div class=\"elementor-element elementor-element-9715cac e-flex e-con-boxed e-con e-parent\" data-id=\"9715cac\" data-element_type=\"container\" data-settings=\"{&quot;background_background&quot;:&quot;classic&quot;}\">\n\t\t\t\t\t<div class=\"e-con-inner\">\n\t\t\t\t<div class=\"elementor-element elementor-element-09d789e elementor-widget elementor-widget-heading\" data-id=\"09d789e\" data-element_type=\"widget\" data-widget_type=\"heading.default\">\n\t\t\t\t\t<h1 class=\"elementor-heading-title elementor-size-default\">Architecture<\/h1>\t\t\t\t<\/div>\n\t\t\t\t\t<\/div>\n\t\t\t\t<\/div>\n\t\t<div class=\"elementor-element elementor-element-410237d e-flex e-con-boxed e-con e-parent\" data-id=\"410237d\" data-element_type=\"container\" data-settings=\"{&quot;background_background&quot;:&quot;classic&quot;}\">\n\t\t\t\t\t<div class=\"e-con-inner\">\n\t\t<div class=\"elementor-element elementor-element-191d7df e-con-full e-flex e-con e-child\" data-id=\"191d7df\" data-element_type=\"container\">\n\t\t<div class=\"elementor-element elementor-element-bc7153c e-con-full e-flex e-con e-child\" data-id=\"bc7153c\" data-element_type=\"container\">\n\t\t<div class=\"elementor-element elementor-element-67e5f18 e-con-full e-flex e-con e-child\" data-id=\"67e5f18\" data-element_type=\"container\">\n\t\t<div class=\"elementor-element elementor-element-a04ceef e-con-full e-flex e-con e-child\" data-id=\"a04ceef\" data-element_type=\"container\">\n\t\t\t\t<div class=\"elementor-element elementor-element-8c266e9 elementor-widget elementor-widget-heading\" data-id=\"8c266e9\" data-element_type=\"widget\" data-widget_type=\"heading.default\">\n\t\t\t\t\t<h3 class=\"elementor-heading-title elementor-size-default\">Conception et d\u00e9veloppement d\u2019espaces<\/h3>\t\t\t\t<\/div>\n\t\t\t\t<div class=\"elementor-element elementor-element-9b8d356 elementor-widget elementor-widget-heading\" data-id=\"9b8d356\" data-element_type=\"widget\" data-widget_type=\"heading.default\">\n\t\t\t\t\t<h2 class=\"elementor-heading-title elementor-size-default\">Architecture et Construction<\/h2>\t\t\t\t<\/div>\n\t\t\t\t<\/div>\n\t\t\t\t<div class=\"elementor-element elementor-element-b7c6054 elementor-widget elementor-widget-text-editor\" data-id=\"b7c6054\" data-element_type=\"widget\" data-widget_type=\"text-editor.default\">\n\t\t\t\t\t\t\t\t\t<p data-start=\"267\" data-end=\"553\">Notre service d\u2019architecture et de construction couvre toutes les \u00e9tapes, de la conceptualisation des id\u00e9es \u00e0 la r\u00e9alisation de projets de haut niveau. Nous sommes sp\u00e9cialis\u00e9s dans la conception d\u2019espaces fonctionnels, esth\u00e9tiques et adapt\u00e9s aux besoins sp\u00e9cifiques de chaque client.<\/p><p data-start=\"555\" data-end=\"849\">Nous travaillons avec une \u00e9quipe pluridisciplinaire compos\u00e9e d\u2019architectes, d\u2019ing\u00e9nieurs et de designers qui garantissent l\u2019ex\u00e9cution efficace de chaque projet. Nous utilisons des technologies de pointe et des mat\u00e9riaux de derni\u00e8re g\u00e9n\u00e9ration pour construire des structures s\u00fbres, durables et tr\u00e8s performantes.<\/p><p data-start=\"851\" data-end=\"1185\">De plus, nous mettons l\u2019accent sur l\u2019efficacit\u00e9 \u00e9nerg\u00e9tique, l\u2019optimisation de l\u2019espace et l\u2019harmonie avec l\u2019environnement, en veillant \u00e0 ce que chaque b\u00e2timent respecte les normes de qualit\u00e9 les plus \u00e9lev\u00e9es. Des r\u00e9sidences priv\u00e9es aux b\u00e2timents commerciaux et lotissements, nous r\u00e9alisons chaque ouvrage avec un engagement absolu envers l\u2019excellence.<\/p>\t\t\t\t\t\t\t\t<\/div>\n\t\t\t\t<\/div>\n\t\t<div class=\"elementor-element elementor-element-0b14292 e-con-full e-flex e-con e-child\" data-id=\"0b14292\" data-element_type=\"container\">\n\t\t\t\t<div class=\"elementor-element elementor-element-b77e32c animated-fast elementor-invisible elementor-widget elementor-widget-image\" data-id=\"b77e32c\" data-element_type=\"widget\" data-settings=\"{&quot;_animation&quot;:&quot;fadeInLeft&quot;}\" data-widget_type=\"image.default\">\n\t\t\t\t\t\t\t\t\t\t\t\t\t\t\t<img alt=\"\" fetchpriority=\"high\" decoding=\"async\" width=\"683\" height=\"1024\" src=\"https:\/\/romainvest.es\/wp-content\/uploads\/2025\/04\/madalin-rNpNbhgCVo0-unsplash-683x1024.webp\" class=\"attachment-large size-large wp-image-520\" srcset=\"https:\/\/romainvest.es\/wp-content\/uploads\/2025\/04\/madalin-rNpNbhgCVo0-unsplash-683x1024.webp 683w, https:\/\/romainvest.es\/wp-content\/uploads\/2025\/04\/madalin-rNpNbhgCVo0-unsplash-200x300.webp 200w, https:\/\/romainvest.es\/wp-content\/uploads\/2025\/04\/madalin-rNpNbhgCVo0-unsplash-768x1152.webp 768w, https:\/\/romainvest.es\/wp-content\/uploads\/2025\/04\/madalin-rNpNbhgCVo0-unsplash.webp 900w\" sizes=\"(max-width: 683px) 100vw, 683px\" \/>\t\t\t\t\t\t\t\t\t\t\t\t\t\t\t<\/div>\n\t\t\t\t<\/div>\n\t\t\t\t<\/div>\n\t\t\t\t<\/div>\n\t\t\t\t\t<\/div>\n\t\t\t\t<\/div>\n\t\t<div class=\"elementor-element elementor-element-4f37594 e-flex e-con-boxed e-con e-parent\" data-id=\"4f37594\" data-element_type=\"container\">\n\t\t\t\t\t<div class=\"e-con-inner\">\n\t\t\t\t<div class=\"elementor-element elementor-element-c77d385 elementor-widget elementor-widget-n-accordion\" data-id=\"c77d385\" data-element_type=\"widget\" data-settings=\"{&quot;default_state&quot;:&quot;expanded&quot;,&quot;max_items_expended&quot;:&quot;one&quot;,&quot;n_accordion_animation_duration&quot;:{&quot;unit&quot;:&quot;ms&quot;,&quot;size&quot;:400,&quot;sizes&quot;:[]}}\" data-widget_type=\"nested-accordion.default\">\n\t\t\t\t\t\t\t<div class=\"e-n-accordion\" aria-label=\"Accordion. Open links with Enter or Space, close with Escape, and navigate with Arrow Keys\">\n\t\t\t\t\t\t<details id=\"e-n-accordion-item-2090\" class=\"e-n-accordion-item\" open>\n\t\t\t\t<summary class=\"e-n-accordion-item-title\" data-accordion-index=\"1\" tabindex=\"0\" aria-expanded=\"true\" aria-controls=\"e-n-accordion-item-2090\" >\n\t\t\t\t\t<span class='e-n-accordion-item-title-header'><div class=\"e-n-accordion-item-title-text\"> Quel type de projets d\u00e9veloppez-vous ? <\/div><\/span>\n\t\t\t\t\t\t\t<span class='e-n-accordion-item-title-icon'>\n\t\t\t<span class='e-opened' ><svg aria-hidden=\"true\" class=\"e-font-icon-svg e-fas-angle-down\" viewbox=\"0 0 320 512\" xmlns=\"http:\/\/www.w3.org\/2000\/svg\"><path d=\"M143 352.3L7 216.3c-9.4-9.4-9.4-24.6 0-33.9l22.6-22.6c9.4-9.4 24.6-9.4 33.9 0l96.4 96.4 96.4-96.4c9.4-9.4 24.6-9.4 33.9 0l22.6 22.6c9.4 9.4 9.4 24.6 0 33.9l-136 136c-9.2 9.4-24.4 9.4-33.8 0z\"><\/path><\/svg><\/span>\n\t\t\t<span class='e-closed'><svg aria-hidden=\"true\" class=\"e-font-icon-svg e-fas-angle-up\" viewbox=\"0 0 320 512\" xmlns=\"http:\/\/www.w3.org\/2000\/svg\"><path d=\"M177 159.7l136 136c9.4 9.4 9.4 24.6 0 33.9l-22.6 22.6c-9.4 9.4-24.6 9.4-33.9 0L160 255.9l-96.4 96.4c-9.4 9.4-24.6 9.4-33.9 0L7 329.7c-9.4-9.4-9.4-24.6 0-33.9l136-136c9.4-9.5 24.6-9.5 34-.1z\"><\/path><\/svg><\/span>\n\t\t<\/span>\n\n\t\t\t\t\t\t<\/summary>\n\t\t\t\t<div role=\"region\" aria-labelledby=\"e-n-accordion-item-2090\" class=\"elementor-element elementor-element-c136249 e-con-full e-flex e-con e-child\" data-id=\"c136249\" data-element_type=\"container\">\n\t\t\t\t<div class=\"elementor-element elementor-element-629df7f elementor-widget elementor-widget-text-editor\" data-id=\"629df7f\" data-element_type=\"widget\" data-widget_type=\"text-editor.default\">\n\t\t\t\t\t\t\t\t\t<p>Nous d\u00e9veloppons une large gamme de projets, des r\u00e9sidences priv\u00e9es aux b\u00e2timents commerciaux et aux lotissements. Chaque projet est con\u00e7u et r\u00e9alis\u00e9 selon les besoins sp\u00e9cifiques du client, tout en maintenant les plus hauts standards de qualit\u00e9.<\/p>\t\t\t\t\t\t\t\t<\/div>\n\t\t\t\t<\/div>\n\t\t\t\t\t<\/details>\n\t\t\t\t\t\t<details id=\"e-n-accordion-item-2091\" class=\"e-n-accordion-item\" >\n\t\t\t\t<summary class=\"e-n-accordion-item-title\" data-accordion-index=\"2\" tabindex=\"-1\" aria-expanded=\"false\" aria-controls=\"e-n-accordion-item-2091\" >\n\t\t\t\t\t<span class='e-n-accordion-item-title-header'><div class=\"e-n-accordion-item-title-text\"> Comment est compos\u00e9e votre \u00e9quipe de travail ? <\/div><\/span>\n\t\t\t\t\t\t\t<span class='e-n-accordion-item-title-icon'>\n\t\t\t<span class='e-opened' ><svg aria-hidden=\"true\" class=\"e-font-icon-svg e-fas-angle-down\" viewbox=\"0 0 320 512\" xmlns=\"http:\/\/www.w3.org\/2000\/svg\"><path d=\"M143 352.3L7 216.3c-9.4-9.4-9.4-24.6 0-33.9l22.6-22.6c9.4-9.4 24.6-9.4 33.9 0l96.4 96.4 96.4-96.4c9.4-9.4 24.6-9.4 33.9 0l22.6 22.6c9.4 9.4 9.4 24.6 0 33.9l-136 136c-9.2 9.4-24.4 9.4-33.8 0z\"><\/path><\/svg><\/span>\n\t\t\t<span class='e-closed'><svg aria-hidden=\"true\" class=\"e-font-icon-svg e-fas-angle-up\" viewbox=\"0 0 320 512\" xmlns=\"http:\/\/www.w3.org\/2000\/svg\"><path d=\"M177 159.7l136 136c9.4 9.4 9.4 24.6 0 33.9l-22.6 22.6c-9.4 9.4-24.6 9.4-33.9 0L160 255.9l-96.4 96.4c-9.4 9.4-24.6 9.4-33.9 0L7 329.7c-9.4-9.4-9.4-24.6 0-33.9l136-136c9.4-9.5 24.6-9.5 34-.1z\"><\/path><\/svg><\/span>\n\t\t<\/span>\n\n\t\t\t\t\t\t<\/summary>\n\t\t\t\t<div role=\"region\" aria-labelledby=\"e-n-accordion-item-2091\" class=\"elementor-element elementor-element-8c258b1 e-con-full e-flex e-con e-child\" data-id=\"8c258b1\" data-element_type=\"container\">\n\t\t\t\t<div class=\"elementor-element elementor-element-623db71 elementor-widget elementor-widget-text-editor\" data-id=\"623db71\" data-element_type=\"widget\" data-widget_type=\"text-editor.default\">\n\t\t\t\t\t\t\t\t\t<p>Nous disposons d\u2019une \u00e9quipe pluridisciplinaire compos\u00e9e d\u2019architectes, d\u2019ing\u00e9nieurs et de designers sp\u00e9cialis\u00e9s. Cette diversit\u00e9 professionnelle nous permet d\u2019aborder chaque projet sous diff\u00e9rents angles et de garantir des r\u00e9sultats optimaux.<\/p>\t\t\t\t\t\t\t\t<\/div>\n\t\t\t\t<\/div>\n\t\t\t\t\t<\/details>\n\t\t\t\t\t\t<details id=\"e-n-accordion-item-2092\" class=\"e-n-accordion-item\" >\n\t\t\t\t<summary class=\"e-n-accordion-item-title\" data-accordion-index=\"3\" tabindex=\"-1\" aria-expanded=\"false\" aria-controls=\"e-n-accordion-item-2092\" >\n\t\t\t\t\t<span class='e-n-accordion-item-title-header'><div class=\"e-n-accordion-item-title-text\"> Quelles technologies utilisez-vous dans vos projets ? <\/div><\/span>\n\t\t\t\t\t\t\t<span class='e-n-accordion-item-title-icon'>\n\t\t\t<span class='e-opened' ><svg aria-hidden=\"true\" class=\"e-font-icon-svg e-fas-angle-down\" viewbox=\"0 0 320 512\" xmlns=\"http:\/\/www.w3.org\/2000\/svg\"><path d=\"M143 352.3L7 216.3c-9.4-9.4-9.4-24.6 0-33.9l22.6-22.6c9.4-9.4 24.6-9.4 33.9 0l96.4 96.4 96.4-96.4c9.4-9.4 24.6-9.4 33.9 0l22.6 22.6c9.4 9.4 9.4 24.6 0 33.9l-136 136c-9.2 9.4-24.4 9.4-33.8 0z\"><\/path><\/svg><\/span>\n\t\t\t<span class='e-closed'><svg aria-hidden=\"true\" class=\"e-font-icon-svg e-fas-angle-up\" viewbox=\"0 0 320 512\" xmlns=\"http:\/\/www.w3.org\/2000\/svg\"><path d=\"M177 159.7l136 136c9.4 9.4 9.4 24.6 0 33.9l-22.6 22.6c-9.4 9.4-24.6 9.4-33.9 0L160 255.9l-96.4 96.4c-9.4 9.4-24.6 9.4-33.9 0L7 329.7c-9.4-9.4-9.4-24.6 0-33.9l136-136c9.4-9.5 24.6-9.5 34-.1z\"><\/path><\/svg><\/span>\n\t\t<\/span>\n\n\t\t\t\t\t\t<\/summary>\n\t\t\t\t<div role=\"region\" aria-labelledby=\"e-n-accordion-item-2092\" class=\"elementor-element elementor-element-5c70262 e-con-full e-flex e-con e-child\" data-id=\"5c70262\" data-element_type=\"container\">\n\t\t\t\t<div class=\"elementor-element elementor-element-b5b28eb elementor-widget elementor-widget-text-editor\" data-id=\"b5b28eb\" data-element_type=\"widget\" data-widget_type=\"text-editor.default\">\n\t\t\t\t\t\t\t\t\t<p>Nous mettons en \u0153uvre des technologies de pointe et des mat\u00e9riaux de derni\u00e8re g\u00e9n\u00e9ration dans tous nos projets. Cela nous permet de cr\u00e9er des structures plus s\u00fbres, plus efficaces et plus durables.<\/p>\t\t\t\t\t\t\t\t<\/div>\n\t\t\t\t<\/div>\n\t\t\t\t\t<\/details>\n\t\t\t\t\t<\/div>\n\t\t\t\t\t\t<\/div>\n\t\t\t\t\t<\/div>\n\t\t\t\t<\/div>\n\t\t\t\t<\/div>","protected":false},"excerpt":{"rendered":"<p>Arquitectura Dise\u00f1o y desarrollo de espacios Arquitectura y Construcci\u00f3n Nuestro servicio de arquitectura y construcci\u00f3n abarca desde la conceptualizaci\u00f3n de ideas hasta la materializaci\u00f3n de proyectos de alto nivel. Nos especializamos en el dise\u00f1o de espacios funcionales, est\u00e9ticamente atractivos y adaptados a las necesidades espec\u00edficas de cada cliente. Trabajamos con un equipo multidisciplinario compuesto por [&hellip;]<\/p>","protected":false},"author":1,"featured_media":0,"parent":0,"menu_order":0,"comment_status":"closed","ping_status":"closed","template":"","meta":{"_acf_changed":false,"_seopress_robots_primary_cat":"","_seopress_titles_title":"","_seopress_titles_desc":"","_seopress_robots_index":"","footnotes":""},"class_list":["post-406","page","type-page","status-publish","hentry"],"acf":[],"_links":{"self":[{"href":"https:\/\/romainvest.es\/fr\/wp-json\/wp\/v2\/pages\/406","targetHints":{"allow":["GET"]}}],"collection":[{"href":"https:\/\/romainvest.es\/fr\/wp-json\/wp\/v2\/pages"}],"about":[{"href":"https:\/\/romainvest.es\/fr\/wp-json\/wp\/v2\/types\/page"}],"author":[{"embeddable":true,"href":"https:\/\/romainvest.es\/fr\/wp-json\/wp\/v2\/users\/1"}],"replies":[{"embeddable":true,"href":"https:\/\/romainvest.es\/fr\/wp-json\/wp\/v2\/comments?post=406"}],"version-history":[{"count":0,"href":"https:\/\/romainvest.es\/fr\/wp-json\/wp\/v2\/pages\/406\/revisions"}],"wp:attachment":[{"href":"https:\/\/romainvest.es\/fr\/wp-json\/wp\/v2\/media?parent=406"}],"curies":[{"name":"wp","href":"https:\/\/api.w.org\/{rel}","templated":true}]}}