{"id":423,"date":"2025-02-17T08:47:42","date_gmt":"2025-02-17T08:47:42","guid":{"rendered":"https:\/\/romainvest.es\/?page_id=423"},"modified":"2025-05-02T09:22:30","modified_gmt":"2025-05-02T09:22:30","slug":"interiorismo","status":"publish","type":"page","link":"https:\/\/romainvest.es\/fr\/interiorismo\/","title":{"rendered":"Am\u00e9nagement int\u00e9rieur"},"content":{"rendered":"<div data-elementor-type=\"wp-page\" data-elementor-id=\"423\" class=\"elementor elementor-423\" data-elementor-post-type=\"page\">\n\t\t\t\t<div class=\"elementor-element elementor-element-00c2913 e-flex e-con-boxed e-con e-parent\" data-id=\"00c2913\" data-element_type=\"container\" data-settings=\"{&quot;background_background&quot;:&quot;classic&quot;}\">\n\t\t\t\t\t<div class=\"e-con-inner\">\n\t\t\t\t<div class=\"elementor-element elementor-element-0a60c38 elementor-widget elementor-widget-heading\" data-id=\"0a60c38\" data-element_type=\"widget\" data-widget_type=\"heading.default\">\n\t\t\t\t\t<h1 class=\"elementor-heading-title elementor-size-default\">Am\u00e9nagement int\u00e9rieur<\/h1>\t\t\t\t<\/div>\n\t\t\t\t\t<\/div>\n\t\t\t\t<\/div>\n\t\t<div class=\"elementor-element elementor-element-569ac52 e-flex e-con-boxed e-con e-parent\" data-id=\"569ac52\" data-element_type=\"container\" data-settings=\"{&quot;background_background&quot;:&quot;classic&quot;}\">\n\t\t\t\t\t<div class=\"e-con-inner\">\n\t\t<div class=\"elementor-element elementor-element-41451bb e-con-full e-flex e-con e-child\" data-id=\"41451bb\" data-element_type=\"container\">\n\t\t<div class=\"elementor-element elementor-element-114d9a0 e-con-full e-flex e-con e-child\" data-id=\"114d9a0\" data-element_type=\"container\">\n\t\t<div class=\"elementor-element elementor-element-ed88b97 e-con-full e-flex e-con e-child\" data-id=\"ed88b97\" data-element_type=\"container\">\n\t\t<div class=\"elementor-element elementor-element-d7885e5 e-con-full e-flex e-con e-child\" data-id=\"d7885e5\" data-element_type=\"container\">\n\t\t\t\t<div class=\"elementor-element elementor-element-0b16e46 elementor-widget elementor-widget-heading\" data-id=\"0b16e46\" data-element_type=\"widget\" data-widget_type=\"heading.default\">\n\t\t\t\t\t<h3 class=\"elementor-heading-title elementor-size-default\">Des espaces avec du style, de l'\u00e9quilibre et de la personnalit\u00e9<\/h3>\t\t\t\t<\/div>\n\t\t\t\t<div class=\"elementor-element elementor-element-04aa8bb elementor-widget elementor-widget-heading\" data-id=\"04aa8bb\" data-element_type=\"widget\" data-widget_type=\"heading.default\">\n\t\t\t\t\t<h2 class=\"elementor-heading-title elementor-size-default\">Conception et d\u00e9coration d'int\u00e9rieur\n<\/h2>\t\t\t\t<\/div>\n\t\t\t\t<\/div>\n\t\t\t\t<div class=\"elementor-element elementor-element-c0ff3b9 elementor-widget elementor-widget-text-editor\" data-id=\"c0ff3b9\" data-element_type=\"widget\" data-widget_type=\"text-editor.default\">\n\t\t\t\t\t\t\t\t\t<p data-start=\"3162\" data-end=\"3438\">L'am\u00e9nagement int\u00e9rieur et la d\u00e9coration sont essentiels pour transformer un espace en un environnement fonctionnel, confortable et visuellement attrayant. Dans notre service d'architecture d'int\u00e9rieur, nous travaillons main dans la main avec nos clients pour cr\u00e9er des environnements uniques qui refl\u00e8tent leur style et leur personnalit\u00e9.<\/p><p data-start=\"3440\" data-end=\"3733\">De la s\u00e9lection des couleurs et des mat\u00e9riaux au choix du mobilier et des accessoires d\u00e9coratifs, nous concevons des espaces harmonieux et bien structur\u00e9s. Nous appliquons des principes de conception innovants pour optimiser la distribution et l'utilisation de la lumi\u00e8re, cr\u00e9ant ainsi des environnements accueillants et sophistiqu\u00e9s.<\/p><p data-start=\"3735\" data-end=\"3956\">En outre, nous travaillons avec des fournisseurs de premier ordre pour garantir des finitions de haute qualit\u00e9 et des designs exclusifs. Qu'il s'agisse d'une maison, d'un bureau ou d'une entreprise, nous transformons tout espace en un lieu dot\u00e9 d'une identit\u00e9 propre.<\/p>\t\t\t\t\t\t\t\t<\/div>\n\t\t\t\t<\/div>\n\t\t<div class=\"elementor-element elementor-element-cdeeb41 e-con-full e-flex e-con e-child\" data-id=\"cdeeb41\" data-element_type=\"container\">\n\t\t\t\t<div class=\"elementor-element elementor-element-c4a3a79 animated-fast elementor-invisible elementor-widget elementor-widget-image\" data-id=\"c4a3a79\" data-element_type=\"widget\" data-settings=\"{&quot;_animation&quot;:&quot;fadeInLeft&quot;}\" data-widget_type=\"image.default\">\n\t\t\t\t\t\t\t\t\t\t\t\t\t\t\t<img alt=\"\" fetchpriority=\"high\" decoding=\"async\" width=\"800\" height=\"532\" src=\"https:\/\/romainvest.es\/wp-content\/uploads\/2025\/04\/old-buildings-port-evening.webp\" class=\"attachment-large size-large wp-image-529\" srcset=\"https:\/\/romainvest.es\/wp-content\/uploads\/2025\/04\/old-buildings-port-evening.webp 900w, https:\/\/romainvest.es\/wp-content\/uploads\/2025\/04\/old-buildings-port-evening-300x200.webp 300w, https:\/\/romainvest.es\/wp-content\/uploads\/2025\/04\/old-buildings-port-evening-768x511.webp 768w\" sizes=\"(max-width: 800px) 100vw, 800px\" \/>\t\t\t\t\t\t\t\t\t\t\t\t\t\t\t<\/div>\n\t\t\t\t<\/div>\n\t\t\t\t<\/div>\n\t\t\t\t<\/div>\n\t\t\t\t\t<\/div>\n\t\t\t\t<\/div>\n\t\t<div class=\"elementor-element elementor-element-2e3e175 e-flex e-con-boxed e-con e-parent\" data-id=\"2e3e175\" data-element_type=\"container\">\n\t\t\t\t\t<div class=\"e-con-inner\">\n\t\t\t\t<div class=\"elementor-element elementor-element-cbb2e50 elementor-widget elementor-widget-n-accordion\" data-id=\"cbb2e50\" data-element_type=\"widget\" data-settings=\"{&quot;default_state&quot;:&quot;expanded&quot;,&quot;max_items_expended&quot;:&quot;one&quot;,&quot;n_accordion_animation_duration&quot;:{&quot;unit&quot;:&quot;ms&quot;,&quot;size&quot;:400,&quot;sizes&quot;:[]}}\" data-widget_type=\"nested-accordion.default\">\n\t\t\t\t\t\t\t<div class=\"e-n-accordion\" aria-label=\"Accordion. Open links with Enter or Space, close with Escape, and navigate with Arrow Keys\">\n\t\t\t\t\t\t<details id=\"e-n-accordion-item-2130\" class=\"e-n-accordion-item\" open>\n\t\t\t\t<summary class=\"e-n-accordion-item-title\" data-accordion-index=\"1\" tabindex=\"0\" aria-expanded=\"true\" aria-controls=\"e-n-accordion-item-2130\" >\n\t\t\t\t\t<span class='e-n-accordion-item-title-header'><div class=\"e-n-accordion-item-title-text\"> Quel type de projets d\u00e9veloppez-vous ? <\/div><\/span>\n\t\t\t\t\t\t\t<span class='e-n-accordion-item-title-icon'>\n\t\t\t<span class='e-opened' ><svg aria-hidden=\"true\" class=\"e-font-icon-svg e-fas-angle-down\" viewbox=\"0 0 320 512\" xmlns=\"http:\/\/www.w3.org\/2000\/svg\"><path d=\"M143 352.3L7 216.3c-9.4-9.4-9.4-24.6 0-33.9l22.6-22.6c9.4-9.4 24.6-9.4 33.9 0l96.4 96.4 96.4-96.4c9.4-9.4 24.6-9.4 33.9 0l22.6 22.6c9.4 9.4 9.4 24.6 0 33.9l-136 136c-9.2 9.4-24.4 9.4-33.8 0z\"><\/path><\/svg><\/span>\n\t\t\t<span class='e-closed'><svg aria-hidden=\"true\" class=\"e-font-icon-svg e-fas-angle-up\" viewbox=\"0 0 320 512\" xmlns=\"http:\/\/www.w3.org\/2000\/svg\"><path d=\"M177 159.7l136 136c9.4 9.4 9.4 24.6 0 33.9l-22.6 22.6c-9.4 9.4-24.6 9.4-33.9 0L160 255.9l-96.4 96.4c-9.4 9.4-24.6 9.4-33.9 0L7 329.7c-9.4-9.4-9.4-24.6 0-33.9l136-136c9.4-9.5 24.6-9.5 34-.1z\"><\/path><\/svg><\/span>\n\t\t<\/span>\n\n\t\t\t\t\t\t<\/summary>\n\t\t\t\t<div role=\"region\" aria-labelledby=\"e-n-accordion-item-2130\" class=\"elementor-element elementor-element-4daa475 e-con-full e-flex e-con e-child\" data-id=\"4daa475\" data-element_type=\"container\">\n\t\t\t\t<div class=\"elementor-element elementor-element-57998fa elementor-widget elementor-widget-text-editor\" data-id=\"57998fa\" data-element_type=\"widget\" data-widget_type=\"text-editor.default\">\n\t\t\t\t\t\t\t\t\t<p>Nous d\u00e9veloppons une large gamme de projets, des r\u00e9sidences priv\u00e9es aux b\u00e2timents commerciaux et aux lotissements. Chaque projet est con\u00e7u et r\u00e9alis\u00e9 selon les besoins sp\u00e9cifiques du client, tout en maintenant les plus hauts standards de qualit\u00e9.<\/p>\t\t\t\t\t\t\t\t<\/div>\n\t\t\t\t<\/div>\n\t\t\t\t\t<\/details>\n\t\t\t\t\t\t<details id=\"e-n-accordion-item-2131\" class=\"e-n-accordion-item\" >\n\t\t\t\t<summary class=\"e-n-accordion-item-title\" data-accordion-index=\"2\" tabindex=\"-1\" aria-expanded=\"false\" aria-controls=\"e-n-accordion-item-2131\" >\n\t\t\t\t\t<span class='e-n-accordion-item-title-header'><div class=\"e-n-accordion-item-title-text\"> Comment est compos\u00e9e votre \u00e9quipe de travail ? <\/div><\/span>\n\t\t\t\t\t\t\t<span class='e-n-accordion-item-title-icon'>\n\t\t\t<span class='e-opened' ><svg aria-hidden=\"true\" class=\"e-font-icon-svg e-fas-angle-down\" viewbox=\"0 0 320 512\" xmlns=\"http:\/\/www.w3.org\/2000\/svg\"><path d=\"M143 352.3L7 216.3c-9.4-9.4-9.4-24.6 0-33.9l22.6-22.6c9.4-9.4 24.6-9.4 33.9 0l96.4 96.4 96.4-96.4c9.4-9.4 24.6-9.4 33.9 0l22.6 22.6c9.4 9.4 9.4 24.6 0 33.9l-136 136c-9.2 9.4-24.4 9.4-33.8 0z\"><\/path><\/svg><\/span>\n\t\t\t<span class='e-closed'><svg aria-hidden=\"true\" class=\"e-font-icon-svg e-fas-angle-up\" viewbox=\"0 0 320 512\" xmlns=\"http:\/\/www.w3.org\/2000\/svg\"><path d=\"M177 159.7l136 136c9.4 9.4 9.4 24.6 0 33.9l-22.6 22.6c-9.4 9.4-24.6 9.4-33.9 0L160 255.9l-96.4 96.4c-9.4 9.4-24.6 9.4-33.9 0L7 329.7c-9.4-9.4-9.4-24.6 0-33.9l136-136c9.4-9.5 24.6-9.5 34-.1z\"><\/path><\/svg><\/span>\n\t\t<\/span>\n\n\t\t\t\t\t\t<\/summary>\n\t\t\t\t<div role=\"region\" aria-labelledby=\"e-n-accordion-item-2131\" class=\"elementor-element elementor-element-7ca8e2c e-con-full e-flex e-con e-child\" data-id=\"7ca8e2c\" data-element_type=\"container\">\n\t\t\t\t<div class=\"elementor-element elementor-element-a934570 elementor-widget elementor-widget-text-editor\" data-id=\"a934570\" data-element_type=\"widget\" data-widget_type=\"text-editor.default\">\n\t\t\t\t\t\t\t\t\t<p>Nous disposons d\u2019une \u00e9quipe pluridisciplinaire compos\u00e9e d\u2019architectes, d\u2019ing\u00e9nieurs et de designers sp\u00e9cialis\u00e9s. Cette diversit\u00e9 professionnelle nous permet d\u2019aborder chaque projet sous diff\u00e9rents angles et de garantir des r\u00e9sultats optimaux.<\/p>\t\t\t\t\t\t\t\t<\/div>\n\t\t\t\t<\/div>\n\t\t\t\t\t<\/details>\n\t\t\t\t\t\t<details id=\"e-n-accordion-item-2132\" class=\"e-n-accordion-item\" >\n\t\t\t\t<summary class=\"e-n-accordion-item-title\" data-accordion-index=\"3\" tabindex=\"-1\" aria-expanded=\"false\" aria-controls=\"e-n-accordion-item-2132\" >\n\t\t\t\t\t<span class='e-n-accordion-item-title-header'><div class=\"e-n-accordion-item-title-text\"> Quelles technologies utilisez-vous dans vos projets ? <\/div><\/span>\n\t\t\t\t\t\t\t<span class='e-n-accordion-item-title-icon'>\n\t\t\t<span class='e-opened' ><svg aria-hidden=\"true\" class=\"e-font-icon-svg e-fas-angle-down\" viewbox=\"0 0 320 512\" xmlns=\"http:\/\/www.w3.org\/2000\/svg\"><path d=\"M143 352.3L7 216.3c-9.4-9.4-9.4-24.6 0-33.9l22.6-22.6c9.4-9.4 24.6-9.4 33.9 0l96.4 96.4 96.4-96.4c9.4-9.4 24.6-9.4 33.9 0l22.6 22.6c9.4 9.4 9.4 24.6 0 33.9l-136 136c-9.2 9.4-24.4 9.4-33.8 0z\"><\/path><\/svg><\/span>\n\t\t\t<span class='e-closed'><svg aria-hidden=\"true\" class=\"e-font-icon-svg e-fas-angle-up\" viewbox=\"0 0 320 512\" xmlns=\"http:\/\/www.w3.org\/2000\/svg\"><path d=\"M177 159.7l136 136c9.4 9.4 9.4 24.6 0 33.9l-22.6 22.6c-9.4 9.4-24.6 9.4-33.9 0L160 255.9l-96.4 96.4c-9.4 9.4-24.6 9.4-33.9 0L7 329.7c-9.4-9.4-9.4-24.6 0-33.9l136-136c9.4-9.5 24.6-9.5 34-.1z\"><\/path><\/svg><\/span>\n\t\t<\/span>\n\n\t\t\t\t\t\t<\/summary>\n\t\t\t\t<div role=\"region\" aria-labelledby=\"e-n-accordion-item-2132\" class=\"elementor-element elementor-element-ff6bd65 e-con-full e-flex e-con e-child\" data-id=\"ff6bd65\" data-element_type=\"container\">\n\t\t\t\t<div class=\"elementor-element elementor-element-642ba66 elementor-widget elementor-widget-text-editor\" data-id=\"642ba66\" data-element_type=\"widget\" data-widget_type=\"text-editor.default\">\n\t\t\t\t\t\t\t\t\t<p>Nous mettons en \u0153uvre des technologies de pointe et des mat\u00e9riaux de derni\u00e8re g\u00e9n\u00e9ration dans tous nos projets. Cela nous permet de cr\u00e9er des structures plus s\u00fbres, plus efficaces et plus durables.<\/p>\t\t\t\t\t\t\t\t<\/div>\n\t\t\t\t<\/div>\n\t\t\t\t\t<\/details>\n\t\t\t\t\t<\/div>\n\t\t\t\t\t\t<\/div>\n\t\t\t\t\t<\/div>\n\t\t\t\t<\/div>\n\t\t\t\t<\/div>","protected":false},"excerpt":{"rendered":"<p>Interiorismo Espacios con estilo, equilibrio y personalidad Interiorismo y Decoraci\u00f3n El interiorismo y la decoraci\u00f3n son clave para transformar un espacio en un ambiente funcional, c\u00f3modo y visualmente atractivo. En nuestro servicio de interiorismo, trabajamos de la mano con nuestros clientes para crear entornos \u00fanicos que reflejen su estilo y personalidad. Desde la selecci\u00f3n de [&hellip;]<\/p>","protected":false},"author":1,"featured_media":0,"parent":0,"menu_order":0,"comment_status":"closed","ping_status":"closed","template":"","meta":{"_acf_changed":false,"_seopress_robots_primary_cat":"","_seopress_titles_title":"","_seopress_titles_desc":"","_seopress_robots_index":"","footnotes":""},"class_list":["post-423","page","type-page","status-publish","hentry"],"acf":[],"_links":{"self":[{"href":"https:\/\/romainvest.es\/fr\/wp-json\/wp\/v2\/pages\/423","targetHints":{"allow":["GET"]}}],"collection":[{"href":"https:\/\/romainvest.es\/fr\/wp-json\/wp\/v2\/pages"}],"about":[{"href":"https:\/\/romainvest.es\/fr\/wp-json\/wp\/v2\/types\/page"}],"author":[{"embeddable":true,"href":"https:\/\/romainvest.es\/fr\/wp-json\/wp\/v2\/users\/1"}],"replies":[{"embeddable":true,"href":"https:\/\/romainvest.es\/fr\/wp-json\/wp\/v2\/comments?post=423"}],"version-history":[{"count":0,"href":"https:\/\/romainvest.es\/fr\/wp-json\/wp\/v2\/pages\/423\/revisions"}],"wp:attachment":[{"href":"https:\/\/romainvest.es\/fr\/wp-json\/wp\/v2\/media?parent=423"}],"curies":[{"name":"wp","href":"https:\/\/api.w.org\/{rel}","templated":true}]}}