{"id":44,"date":"2025-02-13T15:13:14","date_gmt":"2025-02-13T15:13:14","guid":{"rendered":"https:\/\/romainvest.es\/sobre-nosotros\/"},"modified":"2025-05-02T09:56:37","modified_gmt":"2025-05-02T09:56:37","slug":"sobre-nosotros","status":"publish","type":"page","link":"https:\/\/romainvest.es\/fr\/sobre-nosotros\/","title":{"rendered":"\u00c0 PROPOS"},"content":{"rendered":"<div data-elementor-type=\"wp-page\" data-elementor-id=\"44\" class=\"elementor elementor-44\" data-elementor-post-type=\"page\">\n\t\t\t\t<div class=\"elementor-element elementor-element-f5e1214 e-flex e-con-boxed e-con e-parent\" data-id=\"f5e1214\" data-element_type=\"container\" data-settings=\"{&quot;background_background&quot;:&quot;classic&quot;}\">\n\t\t\t\t\t<div class=\"e-con-inner\">\n\t\t\t\t<div class=\"elementor-element elementor-element-6a97a22 elementor-widget elementor-widget-heading\" data-id=\"6a97a22\" data-element_type=\"widget\" data-widget_type=\"heading.default\">\n\t\t\t\t\t<h1 class=\"elementor-heading-title elementor-size-default\">\u00c0 propos de nous<\/h1>\t\t\t\t<\/div>\n\t\t\t\t\t<\/div>\n\t\t\t\t<\/div>\n\t\t<div class=\"elementor-element elementor-element-745ff11 e-flex e-con-boxed e-con e-parent\" data-id=\"745ff11\" data-element_type=\"container\" data-settings=\"{&quot;background_background&quot;:&quot;classic&quot;}\">\n\t\t\t\t\t<div class=\"e-con-inner\">\n\t\t<div class=\"elementor-element elementor-element-8794b3b e-con-full e-flex e-con e-child\" data-id=\"8794b3b\" data-element_type=\"container\">\n\t\t<div class=\"elementor-element elementor-element-d534524 e-con-full e-flex e-con e-child\" data-id=\"d534524\" data-element_type=\"container\">\n\t\t\t\t<div class=\"elementor-element elementor-element-7833c25 elementor-widget elementor-widget-heading\" data-id=\"7833c25\" data-element_type=\"widget\" data-widget_type=\"heading.default\">\n\t\t\t\t\t<h3 class=\"elementor-heading-title elementor-size-default\">Engagement, Innovation et Qualit\u00e9<\/h3>\t\t\t\t<\/div>\n\t\t\t\t<div class=\"elementor-element elementor-element-9800bc6 elementor-widget elementor-widget-heading\" data-id=\"9800bc6\" data-element_type=\"widget\" data-widget_type=\"heading.default\">\n\t\t\t\t\t<h2 class=\"elementor-heading-title elementor-size-default\">NOTRE ESSENCE<\/h2>\t\t\t\t<\/div>\n\t\t\t\t<div class=\"elementor-element elementor-element-209d698 elementor-widget-divider--view-line elementor-widget elementor-widget-divider\" data-id=\"209d698\" data-element_type=\"widget\" data-widget_type=\"divider.default\">\n\t\t\t\t\t\t\t<div class=\"elementor-divider\">\n\t\t\t<span class=\"elementor-divider-separator\">\n\t\t\t\t\t\t<\/span>\n\t\t<\/div>\n\t\t\t\t\t\t<\/div>\n\t\t\t\t<\/div>\n\t\t\t\t<div class=\"elementor-element elementor-element-f703129 elementor-widget elementor-widget-text-editor\" data-id=\"f703129\" data-element_type=\"widget\" data-widget_type=\"text-editor.default\">\n\t\t\t\t\t\t\t\t\t<p class=\"my-0 translation-block\">Chez <strong data-start=\"117\" data-end=\"146\">Roma Invest Partners S.A.<\/strong>, nous concevons et g\u00e9rons des projets avec une vision innovante et un fort engagement envers la durabilit\u00e9. Nous croyons en la qualit\u00e9, la transparence et la satisfaction du client, des valeurs qui nous guident \u00e0 chaque \u00e9tape du processus. Notre objectif est de cr\u00e9er des espaces fonctionnels, esth\u00e9tiques et efficaces qui apportent de la valeur et am\u00e9liorent la qualit\u00e9 de vie. Plus que construire, nous transformons des id\u00e9es en r\u00e9alit\u00e9s durables.<\/p>\t\t\t\t\t\t\t\t<\/div>\n\t\t\t\t<\/div>\n\t\t<div class=\"elementor-element elementor-element-67bb61a e-con-full e-flex e-con e-child\" data-id=\"67bb61a\" data-element_type=\"container\" data-settings=\"{&quot;background_background&quot;:&quot;classic&quot;}\">\n\t\t\t\t<div class=\"elementor-element elementor-element-1ba5caa elementor-widget elementor-widget-image\" data-id=\"1ba5caa\" data-element_type=\"widget\" data-widget_type=\"image.default\">\n\t\t\t\t\t\t\t\t\t\t\t\t\t\t\t<img alt=\"\" fetchpriority=\"high\" decoding=\"async\" width=\"800\" height=\"533\" src=\"https:\/\/romainvest.es\/wp-content\/uploads\/2025\/04\/architecture-morocco-style-1.webp\" class=\"attachment-large size-large wp-image-541\" srcset=\"https:\/\/romainvest.es\/wp-content\/uploads\/2025\/04\/architecture-morocco-style-1.webp 900w, https:\/\/romainvest.es\/wp-content\/uploads\/2025\/04\/architecture-morocco-style-1-300x200.webp 300w, https:\/\/romainvest.es\/wp-content\/uploads\/2025\/04\/architecture-morocco-style-1-768x512.webp 768w\" sizes=\"(max-width: 800px) 100vw, 800px\" \/>\t\t\t\t\t\t\t\t\t\t\t\t\t\t\t<\/div>\n\t\t\t\t<\/div>\n\t\t\t\t\t<\/div>\n\t\t\t\t<\/div>\n\t\t<div class=\"elementor-element elementor-element-d074375 e-flex e-con-boxed e-con e-parent\" data-id=\"d074375\" data-element_type=\"container\" data-settings=\"{&quot;background_background&quot;:&quot;classic&quot;}\">\n\t\t\t\t\t<div class=\"e-con-inner\">\n\t\t<div class=\"elementor-element elementor-element-0e15994 e-con-full e-flex e-con e-child\" data-id=\"0e15994\" data-element_type=\"container\">\n\t\t<div class=\"elementor-element elementor-element-bcf8dcc e-con-full e-flex e-con e-child\" data-id=\"bcf8dcc\" data-element_type=\"container\">\n\t\t\t\t<div class=\"elementor-element elementor-element-f82f029 elementor-widget elementor-widget-heading\" data-id=\"f82f029\" data-element_type=\"widget\" data-widget_type=\"heading.default\">\n\t\t\t\t\t<h3 class=\"elementor-heading-title elementor-size-default\">Exp\u00e9rience Qui Nous Soutient<\/h3>\t\t\t\t<\/div>\n\t\t\t\t<div class=\"elementor-element elementor-element-10d35ea elementor-widget elementor-widget-heading\" data-id=\"10d35ea\" data-element_type=\"widget\" data-widget_type=\"heading.default\">\n\t\t\t\t\t<h2 class=\"elementor-heading-title elementor-size-default\">NOTRE TRAJECTOIRE<\/h2>\t\t\t\t<\/div>\n\t\t\t\t<div class=\"elementor-element elementor-element-a500ae9 elementor-widget-divider--view-line elementor-widget elementor-widget-divider\" data-id=\"a500ae9\" data-element_type=\"widget\" data-widget_type=\"divider.default\">\n\t\t\t\t\t\t\t<div class=\"elementor-divider\">\n\t\t\t<span class=\"elementor-divider-separator\">\n\t\t\t\t\t\t<\/span>\n\t\t<\/div>\n\t\t\t\t\t\t<\/div>\n\t\t\t\t<\/div>\n\t\t\t\t<div class=\"elementor-element elementor-element-71f2e78 elementor-widget elementor-widget-text-editor\" data-id=\"71f2e78\" data-element_type=\"widget\" data-widget_type=\"text-editor.default\">\n\t\t\t\t\t\t\t\t\t<p class=\"my-0 translation-block\">Avec <strong>+30\u00a0ans d'exp\u00e9rience<\/strong>, en <strong data-start=\"729\" data-end=\"758\">Roma Invest Partners S.A.<\/strong> nous avons d\u00e9velopp\u00e9 658 projets et travaill\u00e9 avec 349 clients, nous \u00e9tablissant comme r\u00e9f\u00e9rents en architecture, construction, gestion immobili\u00e8re, design d'int\u00e9rieur et tourisme. Notre \u00e9quipe d'experts apporte cr\u00e9ativit\u00e9 et efficacit\u00e9 \u00e0 chaque projet, en s'adaptant aux besoins de chaque client. Nous croyons \u00e0 l'am\u00e9lioration continue, \u00e0 l'innovation et \u00e0 l'engagement envers l'excellence, assurant des solutions int\u00e9grales et personnalis\u00e9es.Amb m\u00e9s de +30 anys d\u2019experi\u00e8ncia, a Roma Invest Partners S.A. hem desenvolupat 658 projectes i treballat amb 349 clients, consolidant-nos com a referents en arquitectura, construcci\u00f3, gesti\u00f3 immobili\u00e0ria, interiorisme i turisme.\nEl nostre equip d\u2019experts aporta creativitat i efici\u00e8ncia a cada projecte, adaptant-nos a les necessitats de cada client.\nCreiem en la millora cont\u00ednua, la innovaci\u00f3 i el comprom\u00eds amb l\u2019excel\u00b7l\u00e8ncia, assegurant solucions integrals i personalitzades.<\/p>\t\t\t\t\t\t\t\t<\/div>\n\t\t\t\t<\/div>\n\t\t<div class=\"elementor-element elementor-element-c782455 e-con-full e-flex e-con e-child\" data-id=\"c782455\" data-element_type=\"container\" data-settings=\"{&quot;background_background&quot;:&quot;classic&quot;}\">\n\t\t\t\t<div class=\"elementor-element elementor-element-b05dbb5 elementor-widget elementor-widget-image\" data-id=\"b05dbb5\" data-element_type=\"widget\" data-widget_type=\"image.default\">\n\t\t\t\t\t\t\t\t\t\t\t\t\t\t\t<img alt=\"\" decoding=\"async\" width=\"800\" height=\"534\" src=\"https:\/\/romainvest.es\/wp-content\/uploads\/2025\/04\/015.jpg\" class=\"attachment-large size-large wp-image-525\" srcset=\"https:\/\/romainvest.es\/wp-content\/uploads\/2025\/04\/015.jpg 1024w, https:\/\/romainvest.es\/wp-content\/uploads\/2025\/04\/015-300x200.jpg 300w, https:\/\/romainvest.es\/wp-content\/uploads\/2025\/04\/015-768x512.jpg 768w\" sizes=\"(max-width: 800px) 100vw, 800px\" \/>\t\t\t\t\t\t\t\t\t\t\t\t\t\t\t<\/div>\n\t\t\t\t<\/div>\n\t\t\t\t\t<\/div>\n\t\t\t\t<\/div>\n\t\t\t\t<\/div>","protected":false},"excerpt":{"rendered":"<p>Sobre nosotros Compromiso, Innovaci\u00f3n y Calidad Nuestra Esencia En Roma Invest Partners S.A., dise\u00f1amos y gestionamos proyectos con una visi\u00f3n innovadora y un fuerte compromiso con la sostenibilidad. Creemos en la calidad, la transparencia y la satisfacci\u00f3n del cliente, valores que nos gu\u00edan en cada paso del proceso. Nuestro objetivo es crear espacios funcionales, est\u00e9ticos [&hellip;]<\/p>","protected":false},"author":1,"featured_media":0,"parent":0,"menu_order":0,"comment_status":"closed","ping_status":"closed","template":"","meta":{"_acf_changed":false,"_seopress_robots_primary_cat":"","_seopress_titles_title":"","_seopress_titles_desc":"Contamos con m\u00e1s de 30 a\u00f1os de experiencia en arquitectura, construcci\u00f3n e inmobiliaria. Creamos espacios sostenibles, funcionales y a medida para cada cliente.","_seopress_robots_index":"","footnotes":""},"class_list":["post-44","page","type-page","status-publish","hentry"],"acf":[],"_links":{"self":[{"href":"https:\/\/romainvest.es\/fr\/wp-json\/wp\/v2\/pages\/44","targetHints":{"allow":["GET"]}}],"collection":[{"href":"https:\/\/romainvest.es\/fr\/wp-json\/wp\/v2\/pages"}],"about":[{"href":"https:\/\/romainvest.es\/fr\/wp-json\/wp\/v2\/types\/page"}],"author":[{"embeddable":true,"href":"https:\/\/romainvest.es\/fr\/wp-json\/wp\/v2\/users\/1"}],"replies":[{"embeddable":true,"href":"https:\/\/romainvest.es\/fr\/wp-json\/wp\/v2\/comments?post=44"}],"version-history":[{"count":0,"href":"https:\/\/romainvest.es\/fr\/wp-json\/wp\/v2\/pages\/44\/revisions"}],"wp:attachment":[{"href":"https:\/\/romainvest.es\/fr\/wp-json\/wp\/v2\/media?parent=44"}],"curies":[{"name":"wp","href":"https:\/\/api.w.org\/{rel}","templated":true}]}}