{"id":444,"date":"2025-02-17T08:53:30","date_gmt":"2025-02-17T08:53:30","guid":{"rendered":"https:\/\/romainvest.es\/?page_id=444"},"modified":"2025-05-02T09:26:38","modified_gmt":"2025-05-02T09:26:38","slug":"gestion-turistica","status":"publish","type":"page","link":"https:\/\/romainvest.es\/fr\/gestion-turistica\/","title":{"rendered":"Gestion du tourisme"},"content":{"rendered":"<div data-elementor-type=\"wp-page\" data-elementor-id=\"444\" class=\"elementor elementor-444\" data-elementor-post-type=\"page\">\n\t\t\t\t<div class=\"elementor-element elementor-element-f19cf0d e-flex e-con-boxed e-con e-parent\" data-id=\"f19cf0d\" data-element_type=\"container\" data-settings=\"{&quot;background_background&quot;:&quot;classic&quot;}\">\n\t\t\t\t\t<div class=\"e-con-inner\">\n\t\t\t\t<div class=\"elementor-element elementor-element-f2ae1b8 elementor-widget elementor-widget-heading\" data-id=\"f2ae1b8\" data-element_type=\"widget\" data-widget_type=\"heading.default\">\n\t\t\t\t\t<h1 class=\"elementor-heading-title elementor-size-default\">Gestion du tourisme<\/h1>\t\t\t\t<\/div>\n\t\t\t\t\t<\/div>\n\t\t\t\t<\/div>\n\t\t<div class=\"elementor-element elementor-element-fe8ee5a e-flex e-con-boxed e-con e-parent\" data-id=\"fe8ee5a\" data-element_type=\"container\" data-settings=\"{&quot;background_background&quot;:&quot;classic&quot;}\">\n\t\t\t\t\t<div class=\"e-con-inner\">\n\t\t<div class=\"elementor-element elementor-element-5a9b00f e-con-full e-flex e-con e-child\" data-id=\"5a9b00f\" data-element_type=\"container\">\n\t\t<div class=\"elementor-element elementor-element-3dc2d93 e-con-full e-flex e-con e-child\" data-id=\"3dc2d93\" data-element_type=\"container\">\n\t\t<div class=\"elementor-element elementor-element-30c222a e-con-full e-flex e-con e-child\" data-id=\"30c222a\" data-element_type=\"container\">\n\t\t<div class=\"elementor-element elementor-element-ea2f9bc e-con-full e-flex e-con e-child\" data-id=\"ea2f9bc\" data-element_type=\"container\">\n\t\t\t\t<div class=\"elementor-element elementor-element-de5fc20 elementor-widget elementor-widget-heading\" data-id=\"de5fc20\" data-element_type=\"widget\" data-widget_type=\"heading.default\">\n\t\t\t\t\t<h3 class=\"elementor-heading-title elementor-size-default\">Des solutions pour maximiser la performance des h\u00e9bergements touristiques<\/h3>\t\t\t\t<\/div>\n\t\t\t\t<div class=\"elementor-element elementor-element-9c4c795 elementor-widget elementor-widget-heading\" data-id=\"9c4c795\" data-element_type=\"widget\" data-widget_type=\"heading.default\">\n\t\t\t\t\t<h2 class=\"elementor-heading-title elementor-size-default\">Tourisme et gestion h\u00f4teli\u00e8re<\/h2>\t\t\t\t<\/div>\n\t\t\t\t<\/div>\n\t\t\t\t<div class=\"elementor-element elementor-element-4af6a41 elementor-widget elementor-widget-text-editor\" data-id=\"4af6a41\" data-element_type=\"widget\" data-widget_type=\"text-editor.default\">\n\t\t\t\t\t\t\t\t\t<p data-start=\"5786\" data-end=\"6006\">Nous offrons un service complet de gestion d'h\u00f4tels, d'auberges de jeunesse et d'appartements touristiques. Nous nous occupons du marketing, du service \u00e0 la client\u00e8le, de l'optimisation des prix et de l'am\u00e9lioration de l'exp\u00e9rience des clients.<\/p><p data-start=\"6008\" data-end=\"6265\">Nous mettons en \u0153uvre des strat\u00e9gies num\u00e9riques pour accro\u00eetre la visibilit\u00e9 sur les plateformes de r\u00e9servation et les r\u00e9seaux sociaux. Nous g\u00e9rons \u00e9galement l'entretien des installations et la qualit\u00e9 du service pour garantir des niveaux \u00e9lev\u00e9s de satisfaction et de fid\u00e9lit\u00e9.<\/p><p data-start=\"6267\" data-end=\"6446\">Notre approche est bas\u00e9e sur l'optimisation de la rentabilit\u00e9, l'utilisation d'outils de gestion des revenus et l'analyse du march\u00e9 afin de maximiser l'occupation et les revenus.<\/p>\t\t\t\t\t\t\t\t<\/div>\n\t\t\t\t<\/div>\n\t\t<div class=\"elementor-element elementor-element-2566e5e e-con-full e-flex e-con e-child\" data-id=\"2566e5e\" data-element_type=\"container\">\n\t\t\t\t<div class=\"elementor-element elementor-element-0f9ecac animated-fast elementor-invisible elementor-widget elementor-widget-image\" data-id=\"0f9ecac\" data-element_type=\"widget\" data-settings=\"{&quot;_animation&quot;:&quot;fadeInLeft&quot;}\" data-widget_type=\"image.default\">\n\t\t\t\t\t\t\t\t\t\t\t\t\t\t\t<img alt=\"\" fetchpriority=\"high\" decoding=\"async\" width=\"800\" height=\"534\" src=\"https:\/\/romainvest.es\/wp-content\/uploads\/2025\/04\/015.jpg\" class=\"attachment-large size-large wp-image-525\" srcset=\"https:\/\/romainvest.es\/wp-content\/uploads\/2025\/04\/015.jpg 1024w, https:\/\/romainvest.es\/wp-content\/uploads\/2025\/04\/015-300x200.jpg 300w, https:\/\/romainvest.es\/wp-content\/uploads\/2025\/04\/015-768x512.jpg 768w\" sizes=\"(max-width: 800px) 100vw, 800px\" \/>\t\t\t\t\t\t\t\t\t\t\t\t\t\t\t<\/div>\n\t\t\t\t<\/div>\n\t\t\t\t<\/div>\n\t\t\t\t<\/div>\n\t\t\t\t\t<\/div>\n\t\t\t\t<\/div>\n\t\t<div class=\"elementor-element elementor-element-9b4bcd7 e-flex e-con-boxed e-con e-parent\" data-id=\"9b4bcd7\" data-element_type=\"container\">\n\t\t\t\t\t<div class=\"e-con-inner\">\n\t\t\t\t<div class=\"elementor-element elementor-element-0cfaaf7 elementor-widget elementor-widget-n-accordion\" data-id=\"0cfaaf7\" data-element_type=\"widget\" data-settings=\"{&quot;default_state&quot;:&quot;expanded&quot;,&quot;max_items_expended&quot;:&quot;one&quot;,&quot;n_accordion_animation_duration&quot;:{&quot;unit&quot;:&quot;ms&quot;,&quot;size&quot;:400,&quot;sizes&quot;:[]}}\" data-widget_type=\"nested-accordion.default\">\n\t\t\t\t\t\t\t<div class=\"e-n-accordion\" aria-label=\"Accordion. Open links with Enter or Space, close with Escape, and navigate with Arrow Keys\">\n\t\t\t\t\t\t<details id=\"e-n-accordion-item-1360\" class=\"e-n-accordion-item\" open>\n\t\t\t\t<summary class=\"e-n-accordion-item-title\" data-accordion-index=\"1\" tabindex=\"0\" aria-expanded=\"true\" aria-controls=\"e-n-accordion-item-1360\" >\n\t\t\t\t\t<span class='e-n-accordion-item-title-header'><div class=\"e-n-accordion-item-title-text\"> Quel type de projets d\u00e9veloppez-vous ? <\/div><\/span>\n\t\t\t\t\t\t\t<span class='e-n-accordion-item-title-icon'>\n\t\t\t<span class='e-opened' ><svg aria-hidden=\"true\" class=\"e-font-icon-svg e-fas-angle-down\" viewbox=\"0 0 320 512\" xmlns=\"http:\/\/www.w3.org\/2000\/svg\"><path d=\"M143 352.3L7 216.3c-9.4-9.4-9.4-24.6 0-33.9l22.6-22.6c9.4-9.4 24.6-9.4 33.9 0l96.4 96.4 96.4-96.4c9.4-9.4 24.6-9.4 33.9 0l22.6 22.6c9.4 9.4 9.4 24.6 0 33.9l-136 136c-9.2 9.4-24.4 9.4-33.8 0z\"><\/path><\/svg><\/span>\n\t\t\t<span class='e-closed'><svg aria-hidden=\"true\" class=\"e-font-icon-svg e-fas-angle-up\" viewbox=\"0 0 320 512\" xmlns=\"http:\/\/www.w3.org\/2000\/svg\"><path d=\"M177 159.7l136 136c9.4 9.4 9.4 24.6 0 33.9l-22.6 22.6c-9.4 9.4-24.6 9.4-33.9 0L160 255.9l-96.4 96.4c-9.4 9.4-24.6 9.4-33.9 0L7 329.7c-9.4-9.4-9.4-24.6 0-33.9l136-136c9.4-9.5 24.6-9.5 34-.1z\"><\/path><\/svg><\/span>\n\t\t<\/span>\n\n\t\t\t\t\t\t<\/summary>\n\t\t\t\t<div role=\"region\" aria-labelledby=\"e-n-accordion-item-1360\" class=\"elementor-element elementor-element-d87e249 e-con-full e-flex e-con e-child\" data-id=\"d87e249\" data-element_type=\"container\">\n\t\t\t\t<div class=\"elementor-element elementor-element-a43fece elementor-widget elementor-widget-text-editor\" data-id=\"a43fece\" data-element_type=\"widget\" data-widget_type=\"text-editor.default\">\n\t\t\t\t\t\t\t\t\t<p>Nous d\u00e9veloppons une large gamme de projets, des r\u00e9sidences priv\u00e9es aux b\u00e2timents commerciaux et aux lotissements. Chaque projet est con\u00e7u et r\u00e9alis\u00e9 selon les besoins sp\u00e9cifiques du client, tout en maintenant les plus hauts standards de qualit\u00e9.<\/p>\t\t\t\t\t\t\t\t<\/div>\n\t\t\t\t<\/div>\n\t\t\t\t\t<\/details>\n\t\t\t\t\t\t<details id=\"e-n-accordion-item-1361\" class=\"e-n-accordion-item\" >\n\t\t\t\t<summary class=\"e-n-accordion-item-title\" data-accordion-index=\"2\" tabindex=\"-1\" aria-expanded=\"false\" aria-controls=\"e-n-accordion-item-1361\" >\n\t\t\t\t\t<span class='e-n-accordion-item-title-header'><div class=\"e-n-accordion-item-title-text\"> Comment est compos\u00e9e votre \u00e9quipe de travail ? <\/div><\/span>\n\t\t\t\t\t\t\t<span class='e-n-accordion-item-title-icon'>\n\t\t\t<span class='e-opened' ><svg aria-hidden=\"true\" class=\"e-font-icon-svg e-fas-angle-down\" viewbox=\"0 0 320 512\" xmlns=\"http:\/\/www.w3.org\/2000\/svg\"><path d=\"M143 352.3L7 216.3c-9.4-9.4-9.4-24.6 0-33.9l22.6-22.6c9.4-9.4 24.6-9.4 33.9 0l96.4 96.4 96.4-96.4c9.4-9.4 24.6-9.4 33.9 0l22.6 22.6c9.4 9.4 9.4 24.6 0 33.9l-136 136c-9.2 9.4-24.4 9.4-33.8 0z\"><\/path><\/svg><\/span>\n\t\t\t<span class='e-closed'><svg aria-hidden=\"true\" class=\"e-font-icon-svg e-fas-angle-up\" viewbox=\"0 0 320 512\" xmlns=\"http:\/\/www.w3.org\/2000\/svg\"><path d=\"M177 159.7l136 136c9.4 9.4 9.4 24.6 0 33.9l-22.6 22.6c-9.4 9.4-24.6 9.4-33.9 0L160 255.9l-96.4 96.4c-9.4 9.4-24.6 9.4-33.9 0L7 329.7c-9.4-9.4-9.4-24.6 0-33.9l136-136c9.4-9.5 24.6-9.5 34-.1z\"><\/path><\/svg><\/span>\n\t\t<\/span>\n\n\t\t\t\t\t\t<\/summary>\n\t\t\t\t<div role=\"region\" aria-labelledby=\"e-n-accordion-item-1361\" class=\"elementor-element elementor-element-7782961 e-con-full e-flex e-con e-child\" data-id=\"7782961\" data-element_type=\"container\">\n\t\t\t\t<div class=\"elementor-element elementor-element-17c4618 elementor-widget elementor-widget-text-editor\" data-id=\"17c4618\" data-element_type=\"widget\" data-widget_type=\"text-editor.default\">\n\t\t\t\t\t\t\t\t\t<p>Nous disposons d\u2019une \u00e9quipe pluridisciplinaire compos\u00e9e d\u2019architectes, d\u2019ing\u00e9nieurs et de designers sp\u00e9cialis\u00e9s. Cette diversit\u00e9 professionnelle nous permet d\u2019aborder chaque projet sous diff\u00e9rents angles et de garantir des r\u00e9sultats optimaux.<\/p>\t\t\t\t\t\t\t\t<\/div>\n\t\t\t\t<\/div>\n\t\t\t\t\t<\/details>\n\t\t\t\t\t\t<details id=\"e-n-accordion-item-1362\" class=\"e-n-accordion-item\" >\n\t\t\t\t<summary class=\"e-n-accordion-item-title\" data-accordion-index=\"3\" tabindex=\"-1\" aria-expanded=\"false\" aria-controls=\"e-n-accordion-item-1362\" >\n\t\t\t\t\t<span class='e-n-accordion-item-title-header'><div class=\"e-n-accordion-item-title-text\"> Quelles technologies utilisez-vous dans vos projets ? <\/div><\/span>\n\t\t\t\t\t\t\t<span class='e-n-accordion-item-title-icon'>\n\t\t\t<span class='e-opened' ><svg aria-hidden=\"true\" class=\"e-font-icon-svg e-fas-angle-down\" viewbox=\"0 0 320 512\" xmlns=\"http:\/\/www.w3.org\/2000\/svg\"><path d=\"M143 352.3L7 216.3c-9.4-9.4-9.4-24.6 0-33.9l22.6-22.6c9.4-9.4 24.6-9.4 33.9 0l96.4 96.4 96.4-96.4c9.4-9.4 24.6-9.4 33.9 0l22.6 22.6c9.4 9.4 9.4 24.6 0 33.9l-136 136c-9.2 9.4-24.4 9.4-33.8 0z\"><\/path><\/svg><\/span>\n\t\t\t<span class='e-closed'><svg aria-hidden=\"true\" class=\"e-font-icon-svg e-fas-angle-up\" viewbox=\"0 0 320 512\" xmlns=\"http:\/\/www.w3.org\/2000\/svg\"><path d=\"M177 159.7l136 136c9.4 9.4 9.4 24.6 0 33.9l-22.6 22.6c-9.4 9.4-24.6 9.4-33.9 0L160 255.9l-96.4 96.4c-9.4 9.4-24.6 9.4-33.9 0L7 329.7c-9.4-9.4-9.4-24.6 0-33.9l136-136c9.4-9.5 24.6-9.5 34-.1z\"><\/path><\/svg><\/span>\n\t\t<\/span>\n\n\t\t\t\t\t\t<\/summary>\n\t\t\t\t<div role=\"region\" aria-labelledby=\"e-n-accordion-item-1362\" class=\"elementor-element elementor-element-f61e372 e-con-full e-flex e-con e-child\" data-id=\"f61e372\" data-element_type=\"container\">\n\t\t\t\t<div class=\"elementor-element elementor-element-2792bf8 elementor-widget elementor-widget-text-editor\" data-id=\"2792bf8\" data-element_type=\"widget\" data-widget_type=\"text-editor.default\">\n\t\t\t\t\t\t\t\t\t<p>Nous mettons en \u0153uvre des technologies de pointe et des mat\u00e9riaux de derni\u00e8re g\u00e9n\u00e9ration dans tous nos projets. Cela nous permet de cr\u00e9er des structures plus s\u00fbres, plus efficaces et plus durables.<\/p>\t\t\t\t\t\t\t\t<\/div>\n\t\t\t\t<\/div>\n\t\t\t\t\t<\/details>\n\t\t\t\t\t<\/div>\n\t\t\t\t\t\t<\/div>\n\t\t\t\t\t<\/div>\n\t\t\t\t<\/div>\n\t\t\t\t<\/div>","protected":false},"excerpt":{"rendered":"<p>Gesti\u00f3n Tur\u00edstica Soluciones para maximizar el rendimiento de alojamientos tur\u00edsticos Gesti\u00f3n Tur\u00edstica y Hotelera Ofrecemos un servicio integral para la gesti\u00f3n de hoteles, hostales y apartamentos tur\u00edsticos. Nos encargamos de la comercializaci\u00f3n, atenci\u00f3n al cliente, optimizaci\u00f3n de precios y mejora de la experiencia del hu\u00e9sped. Implementamos estrategias digitales para aumentar la visibilidad en plataformas de [&hellip;]<\/p>","protected":false},"author":1,"featured_media":0,"parent":0,"menu_order":0,"comment_status":"closed","ping_status":"closed","template":"","meta":{"_acf_changed":false,"_seopress_robots_primary_cat":"","_seopress_titles_title":"","_seopress_titles_desc":"","_seopress_robots_index":"","footnotes":""},"class_list":["post-444","page","type-page","status-publish","hentry"],"acf":[],"_links":{"self":[{"href":"https:\/\/romainvest.es\/fr\/wp-json\/wp\/v2\/pages\/444","targetHints":{"allow":["GET"]}}],"collection":[{"href":"https:\/\/romainvest.es\/fr\/wp-json\/wp\/v2\/pages"}],"about":[{"href":"https:\/\/romainvest.es\/fr\/wp-json\/wp\/v2\/types\/page"}],"author":[{"embeddable":true,"href":"https:\/\/romainvest.es\/fr\/wp-json\/wp\/v2\/users\/1"}],"replies":[{"embeddable":true,"href":"https:\/\/romainvest.es\/fr\/wp-json\/wp\/v2\/comments?post=444"}],"version-history":[{"count":0,"href":"https:\/\/romainvest.es\/fr\/wp-json\/wp\/v2\/pages\/444\/revisions"}],"wp:attachment":[{"href":"https:\/\/romainvest.es\/fr\/wp-json\/wp\/v2\/media?parent=444"}],"curies":[{"name":"wp","href":"https:\/\/api.w.org\/{rel}","templated":true}]}}