{"id":454,"date":"2025-02-17T08:56:21","date_gmt":"2025-02-17T08:56:21","guid":{"rendered":"https:\/\/romainvest.es\/?page_id=454"},"modified":"2025-05-02T09:25:45","modified_gmt":"2025-05-02T09:25:45","slug":"marketing-digital","status":"publish","type":"page","link":"https:\/\/romainvest.es\/fr\/marketing-digital\/","title":{"rendered":"Marketing num\u00e9rique"},"content":{"rendered":"<div data-elementor-type=\"wp-page\" data-elementor-id=\"454\" class=\"elementor elementor-454\" data-elementor-post-type=\"page\">\n\t\t\t\t<div class=\"elementor-element elementor-element-3c0bcbb e-flex e-con-boxed e-con e-parent\" data-id=\"3c0bcbb\" data-element_type=\"container\" data-settings=\"{&quot;background_background&quot;:&quot;classic&quot;}\">\n\t\t\t\t\t<div class=\"e-con-inner\">\n\t\t\t\t<div class=\"elementor-element elementor-element-df893ba elementor-widget elementor-widget-heading\" data-id=\"df893ba\" data-element_type=\"widget\" data-widget_type=\"heading.default\">\n\t\t\t\t\t<h1 class=\"elementor-heading-title elementor-size-default\">Marketing num\u00e9rique<\/h1>\t\t\t\t<\/div>\n\t\t\t\t\t<\/div>\n\t\t\t\t<\/div>\n\t\t<div class=\"elementor-element elementor-element-d556929 e-flex e-con-boxed e-con e-parent\" data-id=\"d556929\" data-element_type=\"container\" data-settings=\"{&quot;background_background&quot;:&quot;classic&quot;}\">\n\t\t\t\t\t<div class=\"e-con-inner\">\n\t\t<div class=\"elementor-element elementor-element-dafc829 e-con-full e-flex e-con e-child\" data-id=\"dafc829\" data-element_type=\"container\">\n\t\t<div class=\"elementor-element elementor-element-c6e8019 e-con-full e-flex e-con e-child\" data-id=\"c6e8019\" data-element_type=\"container\">\n\t\t<div class=\"elementor-element elementor-element-8facd12 e-con-full e-flex e-con e-child\" data-id=\"8facd12\" data-element_type=\"container\">\n\t\t<div class=\"elementor-element elementor-element-fbf8e96 e-con-full e-flex e-con e-child\" data-id=\"fbf8e96\" data-element_type=\"container\">\n\t\t\t\t<div class=\"elementor-element elementor-element-b4a78b8 elementor-widget elementor-widget-heading\" data-id=\"b4a78b8\" data-element_type=\"widget\" data-widget_type=\"heading.default\">\n\t\t\t\t\t<h3 class=\"elementor-heading-title elementor-size-default\">Nous stimulons votre marque gr\u00e2ce \u00e0 des strat\u00e9gies efficaces<\/h3>\t\t\t\t<\/div>\n\t\t\t\t<div class=\"elementor-element elementor-element-c5c2b91 elementor-widget elementor-widget-heading\" data-id=\"c5c2b91\" data-element_type=\"widget\" data-widget_type=\"heading.default\">\n\t\t\t\t\t<h2 class=\"elementor-heading-title elementor-size-default\">Marketing num\u00e9rique<\/h2>\t\t\t\t<\/div>\n\t\t\t\t<\/div>\n\t\t\t\t<div class=\"elementor-element elementor-element-dc946d5 elementor-widget elementor-widget-text-editor\" data-id=\"dc946d5\" data-element_type=\"widget\" data-widget_type=\"text-editor.default\">\n\t\t\t\t\t\t\t\t\t<p data-start=\"7157\" data-end=\"7423\">Nous d\u00e9veloppons des strat\u00e9gies de marketing num\u00e9rique ax\u00e9es sur l'augmentation de la visibilit\u00e9 et la conversion des entreprises. Notre \u00e9quipe travaille sur le r\u00e9f\u00e9rencement, la publicit\u00e9 en ligne, les m\u00e9dias sociaux, l'email marketing et le branding, garantissant des r\u00e9sultats mesurables et durables dans le temps.<\/p><p data-start=\"7425\" data-end=\"7650\">Nous cr\u00e9ons des campagnes personnalis\u00e9es sur Google Ads et Facebook Ads, en optimisant les investissements pour attirer des clients potentiels. Nous g\u00e9rons \u00e9galement le contenu sur les r\u00e9seaux sociaux, ce qui permet d'augmenter l'interaction et le positionnement de la marque.<\/p>\t\t\t\t\t\t\t\t<\/div>\n\t\t\t\t<\/div>\n\t\t<div class=\"elementor-element elementor-element-685a7ae e-con-full e-flex e-con e-child\" data-id=\"685a7ae\" data-element_type=\"container\">\n\t\t\t\t<div class=\"elementor-element elementor-element-dfd5b6d animated-fast elementor-invisible elementor-widget elementor-widget-image\" data-id=\"dfd5b6d\" data-element_type=\"widget\" data-settings=\"{&quot;_animation&quot;:&quot;fadeInLeft&quot;}\" data-widget_type=\"image.default\">\n\t\t\t\t\t\t\t\t\t\t\t\t\t\t\t<img alt=\"\" fetchpriority=\"high\" decoding=\"async\" width=\"284\" height=\"336\" src=\"https:\/\/romainvest.es\/wp-content\/uploads\/2025\/02\/architect-smiling-while-posing-office-removebg-preview-1.png\" class=\"attachment-large size-large wp-image-224\" srcset=\"https:\/\/romainvest.es\/wp-content\/uploads\/2025\/02\/architect-smiling-while-posing-office-removebg-preview-1.png 284w, https:\/\/romainvest.es\/wp-content\/uploads\/2025\/02\/architect-smiling-while-posing-office-removebg-preview-1-254x300.png 254w\" sizes=\"(max-width: 284px) 100vw, 284px\" \/>\t\t\t\t\t\t\t\t\t\t\t\t\t\t\t<\/div>\n\t\t\t\t<\/div>\n\t\t\t\t<\/div>\n\t\t\t\t<\/div>\n\t\t\t\t\t<\/div>\n\t\t\t\t<\/div>\n\t\t<div class=\"elementor-element elementor-element-f3ade01 e-flex e-con-boxed e-con e-parent\" data-id=\"f3ade01\" data-element_type=\"container\">\n\t\t\t\t\t<div class=\"e-con-inner\">\n\t\t\t\t<div class=\"elementor-element elementor-element-691716f elementor-widget elementor-widget-n-accordion\" data-id=\"691716f\" data-element_type=\"widget\" data-settings=\"{&quot;default_state&quot;:&quot;expanded&quot;,&quot;max_items_expended&quot;:&quot;one&quot;,&quot;n_accordion_animation_duration&quot;:{&quot;unit&quot;:&quot;ms&quot;,&quot;size&quot;:400,&quot;sizes&quot;:[]}}\" data-widget_type=\"nested-accordion.default\">\n\t\t\t\t\t\t\t<div class=\"e-n-accordion\" aria-label=\"Accordion. Open links with Enter or Space, close with Escape, and navigate with Arrow Keys\">\n\t\t\t\t\t\t<details id=\"e-n-accordion-item-1100\" class=\"e-n-accordion-item\" open>\n\t\t\t\t<summary class=\"e-n-accordion-item-title\" data-accordion-index=\"1\" tabindex=\"0\" aria-expanded=\"true\" aria-controls=\"e-n-accordion-item-1100\" >\n\t\t\t\t\t<span class='e-n-accordion-item-title-header'><div class=\"e-n-accordion-item-title-text\"> Quel type de projets d\u00e9veloppez-vous ? <\/div><\/span>\n\t\t\t\t\t\t\t<span class='e-n-accordion-item-title-icon'>\n\t\t\t<span class='e-opened' ><svg aria-hidden=\"true\" class=\"e-font-icon-svg e-fas-angle-down\" viewbox=\"0 0 320 512\" xmlns=\"http:\/\/www.w3.org\/2000\/svg\"><path d=\"M143 352.3L7 216.3c-9.4-9.4-9.4-24.6 0-33.9l22.6-22.6c9.4-9.4 24.6-9.4 33.9 0l96.4 96.4 96.4-96.4c9.4-9.4 24.6-9.4 33.9 0l22.6 22.6c9.4 9.4 9.4 24.6 0 33.9l-136 136c-9.2 9.4-24.4 9.4-33.8 0z\"><\/path><\/svg><\/span>\n\t\t\t<span class='e-closed'><svg aria-hidden=\"true\" class=\"e-font-icon-svg e-fas-angle-up\" viewbox=\"0 0 320 512\" xmlns=\"http:\/\/www.w3.org\/2000\/svg\"><path d=\"M177 159.7l136 136c9.4 9.4 9.4 24.6 0 33.9l-22.6 22.6c-9.4 9.4-24.6 9.4-33.9 0L160 255.9l-96.4 96.4c-9.4 9.4-24.6 9.4-33.9 0L7 329.7c-9.4-9.4-9.4-24.6 0-33.9l136-136c9.4-9.5 24.6-9.5 34-.1z\"><\/path><\/svg><\/span>\n\t\t<\/span>\n\n\t\t\t\t\t\t<\/summary>\n\t\t\t\t<div role=\"region\" aria-labelledby=\"e-n-accordion-item-1100\" class=\"elementor-element elementor-element-efaeeee e-con-full e-flex e-con e-child\" data-id=\"efaeeee\" data-element_type=\"container\">\n\t\t\t\t<div class=\"elementor-element elementor-element-2e27515 elementor-widget elementor-widget-text-editor\" data-id=\"2e27515\" data-element_type=\"widget\" data-widget_type=\"text-editor.default\">\n\t\t\t\t\t\t\t\t\t<p>Nous d\u00e9veloppons une large gamme de projets, des r\u00e9sidences priv\u00e9es aux b\u00e2timents commerciaux et aux lotissements. Chaque projet est con\u00e7u et r\u00e9alis\u00e9 selon les besoins sp\u00e9cifiques du client, tout en maintenant les plus hauts standards de qualit\u00e9.<\/p>\t\t\t\t\t\t\t\t<\/div>\n\t\t\t\t<\/div>\n\t\t\t\t\t<\/details>\n\t\t\t\t\t\t<details id=\"e-n-accordion-item-1101\" class=\"e-n-accordion-item\" >\n\t\t\t\t<summary class=\"e-n-accordion-item-title\" data-accordion-index=\"2\" tabindex=\"-1\" aria-expanded=\"false\" aria-controls=\"e-n-accordion-item-1101\" >\n\t\t\t\t\t<span class='e-n-accordion-item-title-header'><div class=\"e-n-accordion-item-title-text\"> Comment est compos\u00e9e votre \u00e9quipe de travail ? <\/div><\/span>\n\t\t\t\t\t\t\t<span class='e-n-accordion-item-title-icon'>\n\t\t\t<span class='e-opened' ><svg aria-hidden=\"true\" class=\"e-font-icon-svg e-fas-angle-down\" viewbox=\"0 0 320 512\" xmlns=\"http:\/\/www.w3.org\/2000\/svg\"><path d=\"M143 352.3L7 216.3c-9.4-9.4-9.4-24.6 0-33.9l22.6-22.6c9.4-9.4 24.6-9.4 33.9 0l96.4 96.4 96.4-96.4c9.4-9.4 24.6-9.4 33.9 0l22.6 22.6c9.4 9.4 9.4 24.6 0 33.9l-136 136c-9.2 9.4-24.4 9.4-33.8 0z\"><\/path><\/svg><\/span>\n\t\t\t<span class='e-closed'><svg aria-hidden=\"true\" class=\"e-font-icon-svg e-fas-angle-up\" viewbox=\"0 0 320 512\" xmlns=\"http:\/\/www.w3.org\/2000\/svg\"><path d=\"M177 159.7l136 136c9.4 9.4 9.4 24.6 0 33.9l-22.6 22.6c-9.4 9.4-24.6 9.4-33.9 0L160 255.9l-96.4 96.4c-9.4 9.4-24.6 9.4-33.9 0L7 329.7c-9.4-9.4-9.4-24.6 0-33.9l136-136c9.4-9.5 24.6-9.5 34-.1z\"><\/path><\/svg><\/span>\n\t\t<\/span>\n\n\t\t\t\t\t\t<\/summary>\n\t\t\t\t<div role=\"region\" aria-labelledby=\"e-n-accordion-item-1101\" class=\"elementor-element elementor-element-56b3572 e-con-full e-flex e-con e-child\" data-id=\"56b3572\" data-element_type=\"container\">\n\t\t\t\t<div class=\"elementor-element elementor-element-3deeba8 elementor-widget elementor-widget-text-editor\" data-id=\"3deeba8\" data-element_type=\"widget\" data-widget_type=\"text-editor.default\">\n\t\t\t\t\t\t\t\t\t<p>Nous disposons d\u2019une \u00e9quipe pluridisciplinaire compos\u00e9e d\u2019architectes, d\u2019ing\u00e9nieurs et de designers sp\u00e9cialis\u00e9s. Cette diversit\u00e9 professionnelle nous permet d\u2019aborder chaque projet sous diff\u00e9rents angles et de garantir des r\u00e9sultats optimaux.<\/p>\t\t\t\t\t\t\t\t<\/div>\n\t\t\t\t<\/div>\n\t\t\t\t\t<\/details>\n\t\t\t\t\t\t<details id=\"e-n-accordion-item-1102\" class=\"e-n-accordion-item\" >\n\t\t\t\t<summary class=\"e-n-accordion-item-title\" data-accordion-index=\"3\" tabindex=\"-1\" aria-expanded=\"false\" aria-controls=\"e-n-accordion-item-1102\" >\n\t\t\t\t\t<span class='e-n-accordion-item-title-header'><div class=\"e-n-accordion-item-title-text\"> Quelles technologies utilisez-vous dans vos projets ? <\/div><\/span>\n\t\t\t\t\t\t\t<span class='e-n-accordion-item-title-icon'>\n\t\t\t<span class='e-opened' ><svg aria-hidden=\"true\" class=\"e-font-icon-svg e-fas-angle-down\" viewbox=\"0 0 320 512\" xmlns=\"http:\/\/www.w3.org\/2000\/svg\"><path d=\"M143 352.3L7 216.3c-9.4-9.4-9.4-24.6 0-33.9l22.6-22.6c9.4-9.4 24.6-9.4 33.9 0l96.4 96.4 96.4-96.4c9.4-9.4 24.6-9.4 33.9 0l22.6 22.6c9.4 9.4 9.4 24.6 0 33.9l-136 136c-9.2 9.4-24.4 9.4-33.8 0z\"><\/path><\/svg><\/span>\n\t\t\t<span class='e-closed'><svg aria-hidden=\"true\" class=\"e-font-icon-svg e-fas-angle-up\" viewbox=\"0 0 320 512\" xmlns=\"http:\/\/www.w3.org\/2000\/svg\"><path d=\"M177 159.7l136 136c9.4 9.4 9.4 24.6 0 33.9l-22.6 22.6c-9.4 9.4-24.6 9.4-33.9 0L160 255.9l-96.4 96.4c-9.4 9.4-24.6 9.4-33.9 0L7 329.7c-9.4-9.4-9.4-24.6 0-33.9l136-136c9.4-9.5 24.6-9.5 34-.1z\"><\/path><\/svg><\/span>\n\t\t<\/span>\n\n\t\t\t\t\t\t<\/summary>\n\t\t\t\t<div role=\"region\" aria-labelledby=\"e-n-accordion-item-1102\" class=\"elementor-element elementor-element-1b8bc6e e-con-full e-flex e-con e-child\" data-id=\"1b8bc6e\" data-element_type=\"container\">\n\t\t\t\t<div class=\"elementor-element elementor-element-212e1e0 elementor-widget elementor-widget-text-editor\" data-id=\"212e1e0\" data-element_type=\"widget\" data-widget_type=\"text-editor.default\">\n\t\t\t\t\t\t\t\t\t<p>Nous mettons en \u0153uvre des technologies de pointe et des mat\u00e9riaux de derni\u00e8re g\u00e9n\u00e9ration dans tous nos projets. Cela nous permet de cr\u00e9er des structures plus s\u00fbres, plus efficaces et plus durables.<\/p>\t\t\t\t\t\t\t\t<\/div>\n\t\t\t\t<\/div>\n\t\t\t\t\t<\/details>\n\t\t\t\t\t<\/div>\n\t\t\t\t\t\t<\/div>\n\t\t\t\t\t<\/div>\n\t\t\t\t<\/div>\n\t\t\t\t<\/div>","protected":false},"excerpt":{"rendered":"<p>Marketing Digital Impulsamos tu marca con estrategias efectivas Marketing Digital Desarrollamos estrategias de marketing digital enfocadas en aumentar la visibilidad y conversi\u00f3n de negocios. Nuestro equipo trabaja en SEO, publicidad online, redes sociales, email marketing y branding, garantizando resultados medibles y sostenibles en el tiempo. Creamos campa\u00f1as personalizadas en Google Ads y Facebook Ads, optimizando [&hellip;]<\/p>","protected":false},"author":1,"featured_media":0,"parent":0,"menu_order":0,"comment_status":"closed","ping_status":"closed","template":"","meta":{"_acf_changed":false,"_seopress_robots_primary_cat":"","_seopress_titles_title":"","_seopress_titles_desc":"","_seopress_robots_index":"","footnotes":""},"class_list":["post-454","page","type-page","status-publish","hentry"],"acf":[],"_links":{"self":[{"href":"https:\/\/romainvest.es\/fr\/wp-json\/wp\/v2\/pages\/454","targetHints":{"allow":["GET"]}}],"collection":[{"href":"https:\/\/romainvest.es\/fr\/wp-json\/wp\/v2\/pages"}],"about":[{"href":"https:\/\/romainvest.es\/fr\/wp-json\/wp\/v2\/types\/page"}],"author":[{"embeddable":true,"href":"https:\/\/romainvest.es\/fr\/wp-json\/wp\/v2\/users\/1"}],"replies":[{"embeddable":true,"href":"https:\/\/romainvest.es\/fr\/wp-json\/wp\/v2\/comments?post=454"}],"version-history":[{"count":0,"href":"https:\/\/romainvest.es\/fr\/wp-json\/wp\/v2\/pages\/454\/revisions"}],"wp:attachment":[{"href":"https:\/\/romainvest.es\/fr\/wp-json\/wp\/v2\/media?parent=454"}],"curies":[{"name":"wp","href":"https:\/\/api.w.org\/{rel}","templated":true}]}}