{"id":53,"date":"2025-02-13T15:13:15","date_gmt":"2025-02-13T15:13:15","guid":{"rendered":"https:\/\/romainvest.es\/aviso-legal\/"},"modified":"2025-02-17T08:14:11","modified_gmt":"2025-02-17T08:14:11","slug":"aviso-legal","status":"publish","type":"page","link":"https:\/\/romainvest.es\/fr\/aviso-legal\/","title":{"rendered":"Mentions l\u00e9gales"},"content":{"rendered":"<div data-elementor-type=\"wp-page\" data-elementor-id=\"53\" class=\"elementor elementor-53\" data-elementor-post-type=\"page\">\n\t\t\t\t\t\t<section class=\"elementor-section elementor-top-section elementor-element elementor-element-25cc1494 elementor-section-boxed elementor-section-height-default elementor-section-height-default\" data-id=\"25cc1494\" data-element_type=\"section\">\n\t\t\t\t\t\t<div class=\"elementor-container elementor-column-gap-default\">\n\t\t\t\t\t<div class=\"elementor-column elementor-col-100 elementor-top-column elementor-element elementor-element-711ca4d4\" data-id=\"711ca4d4\" data-element_type=\"column\">\n\t\t\t<div class=\"elementor-widget-wrap elementor-element-populated\">\n\t\t\t\t\t\t<div class=\"elementor-element elementor-element-28c70a39 elementor-widget elementor-widget-text-editor\" data-id=\"28c70a39\" data-element_type=\"widget\" data-widget_type=\"text-editor.default\">\n\t\t\t\t\t\t\t\t\t<h2 data-start=\"114\" data-end=\"155\"><strong data-start=\"117\" data-end=\"153\">AVIS JURIDIQUE ET CONDITIONS D'UTILISATION<\/strong><\/h2>\n<h3 data-start=\"157\" data-end=\"190\"><strong data-start=\"161\" data-end=\"188\">Conformit\u00e9 avec la LSSI<\/strong><\/h3>\n<p data-start=\"191\" data-end=\"499\">Conform\u00e9ment \u00e0 la loi 34\/2002 du 11 juillet sur les services de la soci\u00e9t\u00e9 de l'information et le commerce \u00e9lectronique (LSSICE), le responsable de ce site web met ce document \u00e0 la disposition des utilisateurs dans le but de les informer des conditions d'utilisation et du respect de la r\u00e9glementation.<\/p>\n<p data-start=\"501\" data-end=\"787\">En acc\u00e9dant \u00e0 ce site web et en y naviguant, l'utilisateur accepte les termes et conditions qui y sont \u00e9nonc\u00e9s, ainsi que toute autre r\u00e9glementation applicable. Le propri\u00e9taire du site se r\u00e9serve le droit de modifier l'information sans pr\u00e9avis, sa publication sur le site \u00e9tant consid\u00e9r\u00e9e comme suffisante.<\/p>\n<h3 data-start=\"789\" data-end=\"826\"><strong data-start=\"793\" data-end=\"824\">Informations sur le responsable<\/strong><\/h3>\n<ul data-start=\"827\" data-end=\"1121\">\n<li data-start=\"827\" data-end=\"871\"><strong data-start=\"829\" data-end=\"851\">Nom de domaine:<\/strong>&nbsp;romainvest.es<\/li>\n<li data-start=\"872\" data-end=\"902\"><strong data-start=\"874\" data-end=\"895\">Nom commercial:<\/strong> ROMA<\/li>\n<li data-start=\"903\" data-end=\"950\"><strong data-start=\"905\" data-end=\"922\">Nom de l'entreprise:<\/strong> ROMA INVEST PARTNERS S.A.<\/li>\n<li data-start=\"951\" data-end=\"972\"><strong data-start=\"953\" data-end=\"961\">CIF:<\/strong>&nbsp;A55368047<\/li>\n<li data-start=\"973\" data-end=\"1041\"><strong data-start=\"975\" data-end=\"996\">Si\u00e8ge social:<\/strong> Calle Nord n\u00fam. 1, (17490), Llan\u00e7\u00e0, Gerona<\/li>\n<li data-start=\"1042\" data-end=\"1069\"><strong data-start=\"1044\" data-end=\"1057\">T\u00e9l\u00e9phone<\/strong> 633106477<\/li>\n<li data-start=\"1070\" data-end=\"1121\"><strong data-start=\"1072\" data-end=\"1095\">Adresse \u00e9lectronique<\/strong> <a rel=\"noopener\" data-start=\"1096\" data-end=\"1119\">joan.romagosa@gmail.com<\/a><\/li>\n<\/ul>\n<h3 data-start=\"1123\" data-end=\"1167\"><strong data-start=\"1127\" data-end=\"1165\">Propri\u00e9t\u00e9 intellectuelle et industrielle<\/strong><\/h3>\n<p data-start=\"1168\" data-end=\"1494\">Tous les \u00e9l\u00e9ments de ce site web, y compris la conception, les logos, les textes, les images et le code source, sont la propri\u00e9t\u00e9 du propri\u00e9taire ou b\u00e9n\u00e9ficient de l'autorisation expresse de leurs propri\u00e9taires respectifs. La reproduction, la distribution, la modification ou l'utilisation \u00e0 des fins commerciales sont interdites sans l'autorisation expresse du propri\u00e9taire.<\/p>\n<p data-start=\"1496\" data-end=\"1782\">Tout contenu de tiers apparaissant sur ce site web appartient \u00e0 leurs propri\u00e9taires respectifs, qui sont responsables de toute controverse \u00e9ventuelle d\u00e9coulant de leur utilisation. La simple mention ou inclusion de ce contenu n'implique pas l'approbation, le parrainage ou l'association avec ces derniers.<\/p>\n<h3 data-start=\"1784\" data-end=\"1823\"><strong data-start=\"1788\" data-end=\"1821\">Responsabilit\u00e9 du contenu<\/strong><\/h3>\n<p data-start=\"1824\" data-end=\"1994\">Le propri\u00e9taire du site n'assume aucune responsabilit\u00e9 pour les informations publi\u00e9es par des tiers sur le site ou pour toute alt\u00e9ration du contenu effectu\u00e9e par des agents externes.<\/p>\n<p data-start=\"1996\" data-end=\"2261\">Tous les efforts sont faits pour que le site fonctionne correctement et reste accessible \u00e0 tout moment. Toutefois, nous ne pouvons pas garantir l'absence d'erreurs techniques, d'interruptions de service ou d'\u00e9v\u00e9nements de force majeure susceptibles d'affecter l'acc\u00e8s au site.<\/p>\n<h3 data-start=\"2263\" data-end=\"2287\"><strong data-start=\"2267\" data-end=\"2285\">Utilisation des cookies<\/strong><\/h3>\n<p data-start=\"2288\" data-end=\"2497\">Ce site web peut utiliser des cookies techniques pour am\u00e9liorer l'exp\u00e9rience de navigation et optimiser le fonctionnement du site. Ces cookies sont temporaires et ne stockent pas d'informations personnelles sur l'utilisateur.<\/p>\n<p data-start=\"2499\" data-end=\"2634\">Vous pouvez configurer votre navigateur pour bloquer ou supprimer les cookies, mais cela peut affecter la fonctionnalit\u00e9 du site web.<\/p>\n<h3 data-start=\"2636\" data-end=\"2665\"><strong data-start=\"2640\" data-end=\"2663\">Politique de liaison<\/strong><\/h3>\n<p data-start=\"2666\" data-end=\"2879\">\u00c0 partir de ce site web, vous pouvez \u00eatre redirig\u00e9 vers des sites de tiers. \u00c9tant donn\u00e9 que le propri\u00e9taire ne peut contr\u00f4ler le contenu de ces sites, il n'assume aucune responsabilit\u00e9 quant aux informations qu'ils peuvent contenir.<\/p>\n<h3 data-start=\"2881\" data-end=\"2917\"><strong data-start=\"2885\" data-end=\"2915\">Adresses IP et s\u00e9curit\u00e9<\/strong><\/h3>\n<p data-start=\"2918\" data-end=\"3173\">Les serveurs du site web peuvent enregistrer automatiquement l'adresse IP et d'autres donn\u00e9es techniques de l'utilisateur \u00e0 des fins statistiques et de s\u00e9curit\u00e9. Ces informations ne sont utilis\u00e9es que pour analyser le trafic et am\u00e9liorer l'exp\u00e9rience de l'utilisateur.<\/p>\n<h3 data-start=\"3175\" data-end=\"3221\"><strong data-start=\"3179\" data-end=\"3219\">Droit applicable et juridiction<\/strong><\/h3>\n<p data-start=\"3222\" data-end=\"3421\">Pour tout litige li\u00e9 au site web ou \u00e0 ses activit\u00e9s, la loi espagnole s'appliquera et les cours et tribunaux les plus proches du domicile du propri\u00e9taire seront comp\u00e9tents.<\/p>\t\t\t\t\t\t\t\t<\/div>\n\t\t\t\t\t<\/div>\n\t\t<\/div>\n\t\t\t\t\t<\/div>\n\t\t<\/section>\n\t\t\t\t<\/div>","protected":false},"excerpt":{"rendered":"<p>AVISO LEGAL Y CONDICIONES DE USO Cumplimiento de la LSSI En cumplimiento con la Ley 34\/2002 del 11 de julio, de Servicios de la Sociedad de la Informaci\u00f3n y de Comercio Electr\u00f3nico (LSSICE), el responsable de este sitio web pone a disposici\u00f3n de los usuarios el presente documento con el objetivo de informar sobre las [&hellip;]<\/p>","protected":false},"author":1,"featured_media":0,"parent":0,"menu_order":0,"comment_status":"closed","ping_status":"closed","template":"","meta":{"_acf_changed":false,"_seopress_robots_primary_cat":"","_seopress_titles_title":"","_seopress_titles_desc":"","_seopress_robots_index":"","footnotes":""},"class_list":["post-53","page","type-page","status-publish","hentry"],"acf":[],"_links":{"self":[{"href":"https:\/\/romainvest.es\/fr\/wp-json\/wp\/v2\/pages\/53","targetHints":{"allow":["GET"]}}],"collection":[{"href":"https:\/\/romainvest.es\/fr\/wp-json\/wp\/v2\/pages"}],"about":[{"href":"https:\/\/romainvest.es\/fr\/wp-json\/wp\/v2\/types\/page"}],"author":[{"embeddable":true,"href":"https:\/\/romainvest.es\/fr\/wp-json\/wp\/v2\/users\/1"}],"replies":[{"embeddable":true,"href":"https:\/\/romainvest.es\/fr\/wp-json\/wp\/v2\/comments?post=53"}],"version-history":[{"count":0,"href":"https:\/\/romainvest.es\/fr\/wp-json\/wp\/v2\/pages\/53\/revisions"}],"wp:attachment":[{"href":"https:\/\/romainvest.es\/fr\/wp-json\/wp\/v2\/media?parent=53"}],"curies":[{"name":"wp","href":"https:\/\/api.w.org\/{rel}","templated":true}]}}