{"id":56,"date":"2025-02-13T15:13:15","date_gmt":"2025-02-13T15:13:15","guid":{"rendered":"https:\/\/romainvest.es\/politica-de-cookies\/"},"modified":"2025-02-19T12:51:22","modified_gmt":"2025-02-19T12:51:22","slug":"politica-de-cookies","status":"publish","type":"page","link":"https:\/\/romainvest.es\/fr\/politica-de-cookies\/","title":{"rendered":"Politique de cookies"},"content":{"rendered":"<div data-elementor-type=\"wp-page\" data-elementor-id=\"56\" class=\"elementor elementor-56\" data-elementor-post-type=\"page\">\n\t\t\t\t\t\t<section class=\"elementor-section elementor-top-section elementor-element elementor-element-98a76e5 elementor-section-boxed elementor-section-height-default elementor-section-height-default\" data-id=\"98a76e5\" data-element_type=\"section\">\n\t\t\t\t\t\t<div class=\"elementor-container elementor-column-gap-default\">\n\t\t\t\t\t<div class=\"elementor-column elementor-col-100 elementor-top-column elementor-element elementor-element-6012dff1\" data-id=\"6012dff1\" data-element_type=\"column\">\n\t\t\t<div class=\"elementor-widget-wrap elementor-element-populated\">\n\t\t\t\t\t\t<div class=\"elementor-element elementor-element-16d934a9 elementor-widget elementor-widget-text-editor\" data-id=\"16d934a9\" data-element_type=\"widget\" data-widget_type=\"text-editor.default\">\n\t\t\t\t\t\t\t\t\t<h2 data-start=\"146\" data-end=\"170\"><strong data-start=\"149\" data-end=\"168\">1. INTRODUCTION<\/strong><\/h2><p data-start=\"172\" data-end=\"441\">Conform\u00e9ment \u00e0 la <strong data-start=\"195\" data-end=\"284\">Loi sur les services de la soci\u00e9t\u00e9 de l'information et le commerce \u00e9lectronique (LSSICE)<\/strong> et le <strong data-start=\"290\" data-end=\"314\">D\u00e9cret royal 13\/2012<\/strong>, ce site web demande le consentement explicite de l'utilisateur avant l'installation de cookies non essentiels sur l'appareil de l'utilisateur.<\/p><h2 data-start=\"443\" data-end=\"476\"><strong data-start=\"446\" data-end=\"474\">2. QU'EST-CE QU'UN COOKIES ?<\/strong><\/h2><p data-start=\"478\" data-end=\"726\">Les <strong data-start=\"482\" data-end=\"493\">cookies<\/strong> sont de petits fichiers texte qu'un site web stocke dans le navigateur de l'utilisateur. Ces fichiers sont utilis\u00e9s pour m\u00e9moriser les informations de navigation afin d'am\u00e9liorer l'exp\u00e9rience de l'utilisateur et de faciliter certaines fonctionnalit\u00e9s.<\/p><p data-start=\"728\" data-end=\"849\">Il existe des technologies similaires, telles que <strong data-start=\"764\" data-end=\"813\">p\u00edxeles, local shared objects o flash cookies<\/strong>, qui remplissent des fonctions similaires.<\/p><h2 data-start=\"851\" data-end=\"905\"><strong data-start=\"854\" data-end=\"903\">3. COOKIES SOUMIS \u00c0 R\u00c9GLEMENTATION ET EXCEPTIONS<\/strong><\/h2><p data-start=\"907\" data-end=\"1027\">Selon les r\u00e8glements de la <strong data-start=\"932\" data-end=\"949\">Union europ\u00e9enne<\/strong>, le consentement de l'utilisateur est requis <strong data-start=\"966\" data-end=\"996\">consentement de l'utilisateur<\/strong> pour les cookies suivants:<\/p><p data-start=\"1029\" data-end=\"1103\"><img decoding=\"async\" class=\"emoji\" role=\"img\" draggable=\"false\" src=\"https:\/\/s.w.org\/images\/core\/emoji\/15.0.3\/svg\/2714.svg\" alt=\"\u2714\" \/> <strong data-start=\"1031\" data-end=\"1055\">Cookies analytiques<\/strong><br data-start=\"1055\" data-end=\"1058\" \/><img decoding=\"async\" class=\"emoji\" role=\"img\" draggable=\"false\" src=\"https:\/\/s.w.org\/images\/core\/emoji\/15.0.3\/svg\/2714.svg\" alt=\"\u2714\" \/> <strong data-start=\"1060\" data-end=\"1101\">Cookies publicitaires et d'affiliation<\/strong><\/p><p data-start=\"1105\" data-end=\"1230\">Les cookies ne n\u00e9cessitent pas de consentement <strong data-start=\"1145\" data-end=\"1171\">techniques et fonctionnelles<\/strong>, car ils sont essentiels au fonctionnement du site web.<\/p><h2 data-start=\"1232\" data-end=\"1279\"><strong data-start=\"1235\" data-end=\"1277\">4. TYPES DE COOKIES EN FONCTION DE LEUR FINALIT\u00c9<\/strong><\/h2><table data-start=\"1281\" data-end=\"2064\"><thead data-start=\"1281\" data-end=\"1321\"><tr data-start=\"1281\" data-end=\"1321\"><th data-start=\"1281\" data-end=\"1302\"><strong data-start=\"1283\" data-end=\"1301\">Type de cookie<\/strong><\/th><th data-start=\"1302\" data-end=\"1321\"><strong data-start=\"1304\" data-end=\"1317\">Objectif<\/strong><\/th><\/tr><\/thead><tbody data-start=\"1400\" data-end=\"2064\"><tr data-start=\"1400\" data-end=\"1497\"><td><strong data-start=\"1402\" data-end=\"1428\">Technique et fonctionnel<\/strong><\/td><td>Ils permettent la navigation et l'utilisation des options du site.<\/td><\/tr><tr data-start=\"1498\" data-end=\"1586\"><td><strong data-start=\"1500\" data-end=\"1514\">Analyses<\/strong><\/td><td>Ils analysent le comportement des utilisateurs afin d'am\u00e9liorer le site web.<\/td><\/tr><tr data-start=\"1587\" data-end=\"1702\"><td><strong data-start=\"1589\" data-end=\"1606\">Publicit\u00e9<\/strong><\/td><td>G\u00e9rer la publicit\u00e9 sur le web en fonction du contenu ou de la fr\u00e9quence de consultation.<\/td><\/tr><tr data-start=\"1703\" data-end=\"1803\"><td><strong data-start=\"1705\" data-end=\"1734\">Publicit\u00e9 comportementale<\/strong><\/td><td>Ils personnalisent la publicit\u00e9 en fonction des pr\u00e9f\u00e9rences de l'utilisateur.<\/td><\/tr><tr data-start=\"1804\" data-end=\"1872\"><td><strong data-start=\"1806\" data-end=\"1818\">Sociales<\/strong><\/td><td>Ils permettent de partager du contenu sur les r\u00e9seaux sociaux.<\/td><\/tr><tr data-start=\"1873\" data-end=\"1969\"><td><strong data-start=\"1875\" data-end=\"1888\">Affili\u00e9s<\/strong><\/td><td>Suivi des visites d'autres sites avec lesquels il existe des accords d'affiliation.<\/td><\/tr><tr data-start=\"1970\" data-end=\"2064\"><td><strong data-start=\"1972\" data-end=\"1985\">S\u00e9curit\u00e9<\/strong><\/td><td>Ils prot\u00e8gent les donn\u00e9es stock\u00e9es dans les cookies contre les attaques malveillantes.<\/td><\/tr><\/tbody><\/table><h2 data-start=\"2066\" data-end=\"2113\"><strong data-start=\"2069\" data-end=\"2111\">5. TYPES DE COOKIES EN FONCTION DE LEUR PROPRI\u00c9T\u00c9<\/strong><\/h2><ul data-start=\"2115\" data-end=\"2257\"><li data-start=\"2115\" data-end=\"2184\"><strong data-start=\"2117\" data-end=\"2137\">Les propres cookies :<\/strong> G\u00e9r\u00e9 directement par ce site web.<\/li><li data-start=\"2185\" data-end=\"2257\"><strong data-start=\"2187\" data-end=\"2211\">Cookies de tiers :<\/strong> G\u00e9r\u00e9 par d'autres prestataires externes.<\/li><\/ul><h2 data-start=\"2259\" data-end=\"2294\"><strong data-start=\"2262\" data-end=\"2292\">6. DUR\u00c9E DES COOKIES<\/strong><\/h2><ul data-start=\"2296\" data-end=\"2468\"><li data-start=\"2296\" data-end=\"2358\"><strong data-start=\"2298\" data-end=\"2320\">Cookies de session :<\/strong> Ils sont supprim\u00e9s lorsque le navigateur est ferm\u00e9.<\/li><li data-start=\"2359\" data-end=\"2468\"><strong data-start=\"2361\" data-end=\"2386\">Cookies persistants :<\/strong> Ils restent sur l'appareil jusqu'\u00e0 leur date d'expiration ou jusqu'\u00e0 leur suppression manuelle.<\/li><\/ul><h2 data-start=\"2470\" data-end=\"2513\"><strong data-start=\"2473\" data-end=\"2511\">7. TRAITEMENT DES DONN\u00c9ES \u00c0 CARACT\u00c8RE PERSONNEL<\/strong><\/h2><p data-start=\"2515\" data-end=\"2591\">Le responsable du traitement des donn\u00e9es \u00e0 caract\u00e8re personnel est<\/p><ul data-start=\"2593\" data-end=\"2740\"><li data-start=\"2593\" data-end=\"2626\"><strong data-start=\"2595\" data-end=\"2624\">ROMA INVEST PARTNERS S.A.<\/strong><\/li><li data-start=\"2627\" data-end=\"2688\"><strong data-start=\"2629\" data-end=\"2643\">Adresse :<\/strong> Calle Nord n\u00fam. 1, (17490), Llan\u00e7\u00e0, Gerona<\/li><li data-start=\"2689\" data-end=\"2740\"><strong data-start=\"2691\" data-end=\"2714\">Adresse \u00e9lectronique<\/strong> <a rel=\"noopener\" data-start=\"2715\" data-end=\"2738\">joan.romagosa@gmail.com<\/a><\/li><\/ul><h3 data-start=\"2742\" data-end=\"2776\"><strong data-start=\"2746\" data-end=\"2774\">Objectif et l\u00e9gitimit\u00e9<\/strong><\/h3><p data-start=\"2778\" data-end=\"3031\"><img decoding=\"async\" class=\"emoji\" role=\"img\" draggable=\"false\" src=\"https:\/\/s.w.org\/images\/core\/emoji\/15.0.3\/svg\/2714.svg\" alt=\"\u2714\" \/> Le traitement est effectu\u00e9 sur la base de la <strong data-start=\"2821\" data-end=\"2851\">consentement de l'utilisateur<\/strong> (Art. 6.1 GDPR).<br data-start=\"2868\" data-end=\"2871\" \/><img decoding=\"async\" class=\"emoji\" role=\"img\" draggable=\"false\" src=\"https:\/\/s.w.org\/images\/core\/emoji\/15.0.3\/svg\/2714.svg\" alt=\"\u2714\" \/> Les donn\u00e9es collect\u00e9es seront conserv\u00e9es pendant la dur\u00e9e de chaque cookie.<br data-start=\"2941\" data-end=\"2944\" \/><img decoding=\"async\" class=\"emoji\" role=\"img\" draggable=\"false\" src=\"https:\/\/s.w.org\/images\/core\/emoji\/15.0.3\/svg\/2714.svg\" alt=\"\u2714\" \/> Aucune donn\u00e9e n'est transmise \u00e0 des tiers, sauf dans le cadre de cookies de tiers ou par obligation l\u00e9gale.<\/p><h3 data-start=\"3033\" data-end=\"3063\"><strong data-start=\"3037\" data-end=\"3061\">Droits de l'utilisateur<\/strong><\/h3><p data-start=\"3065\" data-end=\"3094\">L'utilisateur a le droit de :<\/p><p data-start=\"3096\" data-end=\"3337\"><img decoding=\"async\" class=\"emoji\" role=\"img\" draggable=\"false\" src=\"https:\/\/s.w.org\/images\/core\/emoji\/15.0.3\/svg\/2705.svg\" alt=\"\u2705\" \/> d'acc\u00e9der \u00e0 leurs donn\u00e9es, de les rectifier, de les porter et de les effacer.<br data-start=\"3147\" data-end=\"3150\" \/><img decoding=\"async\" class=\"emoji\" role=\"img\" draggable=\"false\" src=\"https:\/\/s.w.org\/images\/core\/emoji\/15.0.3\/svg\/2705.svg\" alt=\"\u2705\" \/> Limiter le traitement ou s'y opposer.<br data-start=\"3186\" data-end=\"3189\" \/><img decoding=\"async\" class=\"emoji\" role=\"img\" draggable=\"false\" src=\"https:\/\/s.w.org\/images\/core\/emoji\/15.0.3\/svg\/2705.svg\" alt=\"\u2705\" \/> Retirer son consentement \u00e0 tout moment.<br data-start=\"3238\" data-end=\"3241\" \/><img decoding=\"async\" class=\"emoji\" role=\"img\" draggable=\"false\" src=\"https:\/\/s.w.org\/images\/core\/emoji\/15.0.3\/svg\/2705.svg\" alt=\"\u2705\" \/> D\u00e9poser une plainte aupr\u00e8s de l'Agence espagnole de protection des donn\u00e9es (<strong data-start=\"3318\" data-end=\"3333\"><a href=\"http:\/\/www.aepd.es\" target=\"_new\" rel=\"noopener\" data-start=\"3320\" data-end=\"3331\">www.aepd.es<\/a><\/strong>).<\/p><p data-start=\"3339\" data-end=\"3416\">Pour exercer ces droits, vous pouvez \u00e9crire \u00e0 : <strong data-start=\"3386\" data-end=\"3413\"><a rel=\"noopener\" data-start=\"3388\" data-end=\"3411\">joan.romagosa@gmail.com<\/a><\/strong>.<\/p><h2 data-start=\"3418\" data-end=\"3466\"><strong data-start=\"3421\" data-end=\"3464\">8. COOKIES UTILIS\u00c9S SUR CE SITE WEB<\/strong><\/h2><p data-start=\"3468\" data-end=\"3629\">\u00c0 partir de ce panneau, les utilisateurs peuvent configurer les cookies qu'ils sont autoris\u00e9s \u00e0 installer sur leur navigateur, \u00e0 l'exception des cookies techniques indispensables \u00e0 la navigation.<\/p><h3 data-start=\"3631\" data-end=\"3684\"><strong data-start=\"3635\" data-end=\"3682\">Cookies de premi\u00e8re partie (contr\u00f4l\u00e9s par l'\u00e9diteur)<\/strong><\/h3><table data-start=\"3686\" data-end=\"3990\"><thead data-start=\"3686\" data-end=\"3749\"><tr data-start=\"3686\" data-end=\"3749\"><th data-start=\"3686\" data-end=\"3702\"><strong data-start=\"3688\" data-end=\"3701\">Propri\u00e9t\u00e9<\/strong><\/th><th data-start=\"3702\" data-end=\"3715\"><strong data-start=\"3704\" data-end=\"3714\">Cookie<\/strong><\/th><th data-start=\"3715\" data-end=\"3731\"><strong data-start=\"3717\" data-end=\"3730\">Objectif<\/strong><\/th><th data-start=\"3731\" data-end=\"3749\"><strong data-start=\"3733\" data-end=\"3745\">La dur\u00e9e<\/strong><\/th><\/tr><\/thead><tbody data-start=\"3809\" data-end=\"3990\"><tr data-start=\"3809\" data-end=\"3911\"><td>romainvest.es<\/td><td>wp_woocommerce_session_[ID]<\/td><td>N\u00e9cessaire pour les fonctions web<\/td><td>2 jours<\/td><\/tr><tr data-start=\"3912\" data-end=\"3990\"><td>gstatic.com<\/td><td>CONSENT<\/td><td>Traceur de consentement Google<\/td><td>17 a\u00f1os<\/td><\/tr><\/tbody><\/table><h3 data-start=\"3992\" data-end=\"4021\"><strong data-start=\"3996\" data-end=\"4019\">Cookies de tiers<\/strong><\/h3><p data-start=\"4023\" data-end=\"4200\">Les fournisseurs de services peuvent modifier leurs politiques \u00e0 tout moment. Les principaux fournisseurs tiers utilis\u00e9s sur ce site web sont \u00e9num\u00e9r\u00e9s ci-dessous :<\/p><table data-start=\"4202\" data-end=\"4395\"><thead data-start=\"4202\" data-end=\"4250\"><tr data-start=\"4202\" data-end=\"4250\"><th data-start=\"4202\" data-end=\"4218\"><strong data-start=\"4204\" data-end=\"4217\">Fournisseur<\/strong><\/th><th data-start=\"4218\" data-end=\"4250\"><strong data-start=\"4220\" data-end=\"4246\">Politique de confidentialit\u00e9<\/strong><\/th><\/tr><\/thead><tbody data-start=\"4297\" data-end=\"4395\"><tr data-start=\"4297\" data-end=\"4395\"><td><strong data-start=\"4299\" data-end=\"4309\">Google<\/strong><\/td><td><a href=\"https:\/\/privacy.google.com\/take-control.html\" target=\"_new\" rel=\"noopener\" data-start=\"4312\" data-end=\"4391\">Vie priv\u00e9e et contr\u00f4le des cookies<\/a><\/td><\/tr><\/tbody><\/table><h2 data-start=\"4397\" data-end=\"4443\"><strong data-start=\"4400\" data-end=\"4441\">9. GESTION DES COOKIES DU NAVIGATEUR<\/strong><\/h2><h3 data-start=\"4445\" data-end=\"4475\"><strong data-start=\"4449\" data-end=\"4473\">Options disponibles<\/strong><\/h3><p data-start=\"4477\" data-end=\"4734\"><img decoding=\"async\" class=\"emoji\" role=\"img\" draggable=\"false\" src=\"https:\/\/s.w.org\/images\/core\/emoji\/15.0.3\/svg\/1f539.svg\" alt=\"\ud83d\udd39\" \/> <strong data-start=\"4480\" data-end=\"4500\">Supprimer les cookies<\/strong>: Ils peuvent \u00eatre supprim\u00e9s dans les param\u00e8tres du navigateur.<br data-start=\"4556\" data-end=\"4559\" \/><img decoding=\"async\" class=\"emoji\" role=\"img\" draggable=\"false\" src=\"https:\/\/s.w.org\/images\/core\/emoji\/15.0.3\/svg\/1f539.svg\" alt=\"\ud83d\udd39\" \/> <strong data-start=\"4562\" data-end=\"4595\">G\u00e9rer des cookies sp\u00e9cifiques<\/strong>: D\u00e9finir les pr\u00e9f\u00e9rences de chaque site web.<br data-start=\"4642\" data-end=\"4645\" \/><img decoding=\"async\" class=\"emoji\" role=\"img\" draggable=\"false\" src=\"https:\/\/s.w.org\/images\/core\/emoji\/15.0.3\/svg\/1f539.svg\" alt=\"\ud83d\udd39\" \/> <strong data-start=\"4648\" data-end=\"4668\">Bloquer les cookies<\/strong>: Peut affecter le bon fonctionnement de certains services.<\/p><h3 data-start=\"4736\" data-end=\"4797\"><strong data-start=\"4740\" data-end=\"4795\">Comment supprimer les cookies dans les navigateurs les plus utilis\u00e9s ?<\/strong><\/h3><ul data-start=\"4799\" data-end=\"5371\"><li data-start=\"4799\" data-end=\"4896\"><strong data-start=\"4801\" data-end=\"4812\">Chrome:<\/strong> <a href=\"http:\/\/support.google.com\/chrome\/answer\/95647?hl=es\" target=\"_new\" rel=\"noopener\" data-start=\"4813\" data-end=\"4894\">Supprimer les cookies dans Chrome<\/a><\/li><li data-start=\"4897\" data-end=\"5045\"><strong data-start=\"4899\" data-end=\"4921\">Internet Explorer:<\/strong> <a href=\"https:\/\/support.microsoft.com\/es-es\/help\/278835\/how-to-delete-cookie-files-in-internet-explorer\" target=\"_new\" rel=\"noopener\" data-start=\"4922\" data-end=\"5043\">Supprimer les cookies dans IE<\/a><\/li><li data-start=\"5046\" data-end=\"5149\"><strong data-start=\"5048\" data-end=\"5060\">Firefox:<\/strong> <a href=\"https:\/\/www.mozilla.org\/es-ES\/privacy\/websites\/#cookies\" target=\"_new\" rel=\"noopener\" data-start=\"5061\" data-end=\"5147\">Supprimer les cookies dans FIREFOX<\/a><\/li><li data-start=\"5150\" data-end=\"5254\"><strong data-start=\"5152\" data-end=\"5163\">Safari:<\/strong> <a href=\"https:\/\/support.apple.com\/es-es\/guide\/safari\/sfri11471\/mac\" target=\"_new\" rel=\"noopener\" data-start=\"5164\" data-end=\"5252\">Supprimer les cookies dans Safari<\/a><\/li><li data-start=\"5255\" data-end=\"5371\"><strong data-start=\"5257\" data-end=\"5267\">Opera:<\/strong> <a href=\"https:\/\/help.opera.com\/en\/latest\/security-and-privacy\/#clearBrowsingData\" target=\"_new\" rel=\"noopener\" data-start=\"5268\" data-end=\"5369\">Supprimer les cookies dans Opera<\/a><\/li><\/ul>\t\t\t\t\t\t\t\t<\/div>\n\t\t\t\t\t<\/div>\n\t\t<\/div>\n\t\t\t\t\t<\/div>\n\t\t<\/section>\n\t\t\t\t<\/div>","protected":false},"excerpt":{"rendered":"<p>1. INTRODUCCI\u00d3N En cumplimiento con la Ley de Servicios de la Sociedad de la Informaci\u00f3n y del Comercio Electr\u00f3nico (LSSICE) y el Real Decreto 13\/2012, esta web solicita el consentimiento expreso del usuario antes de la instalaci\u00f3n de cookies no esenciales en su dispositivo. 2. \u00bfQU\u00c9 SON LAS COOKIES? Las cookies son peque\u00f1os archivos de [&hellip;]<\/p>","protected":false},"author":1,"featured_media":0,"parent":0,"menu_order":0,"comment_status":"closed","ping_status":"closed","template":"","meta":{"_acf_changed":false,"_seopress_robots_primary_cat":"","_seopress_titles_title":"","_seopress_titles_desc":"","_seopress_robots_index":"","footnotes":""},"class_list":["post-56","page","type-page","status-publish","hentry"],"acf":[],"_links":{"self":[{"href":"https:\/\/romainvest.es\/fr\/wp-json\/wp\/v2\/pages\/56","targetHints":{"allow":["GET"]}}],"collection":[{"href":"https:\/\/romainvest.es\/fr\/wp-json\/wp\/v2\/pages"}],"about":[{"href":"https:\/\/romainvest.es\/fr\/wp-json\/wp\/v2\/types\/page"}],"author":[{"embeddable":true,"href":"https:\/\/romainvest.es\/fr\/wp-json\/wp\/v2\/users\/1"}],"replies":[{"embeddable":true,"href":"https:\/\/romainvest.es\/fr\/wp-json\/wp\/v2\/comments?post=56"}],"version-history":[{"count":0,"href":"https:\/\/romainvest.es\/fr\/wp-json\/wp\/v2\/pages\/56\/revisions"}],"wp:attachment":[{"href":"https:\/\/romainvest.es\/fr\/wp-json\/wp\/v2\/media?parent=56"}],"curies":[{"name":"wp","href":"https:\/\/api.w.org\/{rel}","templated":true}]}}