{"id":66,"date":"2025-02-13T15:13:18","date_gmt":"2025-02-13T15:13:18","guid":{"rendered":"https:\/\/romainvest.es\/politica-de-privacidad\/"},"modified":"2025-02-17T08:15:25","modified_gmt":"2025-02-17T08:15:25","slug":"politica-de-privacidad","status":"publish","type":"page","link":"https:\/\/romainvest.es\/fr\/politica-de-privacidad\/","title":{"rendered":"Politique de confidentialit\u00e9"},"content":{"rendered":"<div data-elementor-type=\"wp-page\" data-elementor-id=\"66\" class=\"elementor elementor-66\" data-elementor-post-type=\"page\">\n\t\t\t\t\t\t<section class=\"elementor-section elementor-top-section elementor-element elementor-element-6d77be0c elementor-section-boxed elementor-section-height-default elementor-section-height-default\" data-id=\"6d77be0c\" data-element_type=\"section\">\n\t\t\t\t\t\t<div class=\"elementor-container elementor-column-gap-default\">\n\t\t\t\t\t<div class=\"elementor-column elementor-col-100 elementor-top-column elementor-element elementor-element-5ad964c0\" data-id=\"5ad964c0\" data-element_type=\"column\">\n\t\t\t<div class=\"elementor-widget-wrap elementor-element-populated\">\n\t\t\t\t\t\t<div class=\"elementor-element elementor-element-7fcc4237 elementor-widget elementor-widget-text-editor\" data-id=\"7fcc4237\" data-element_type=\"widget\" data-widget_type=\"text-editor.default\">\n\t\t\t\t\t\t\t\t\t<h2 data-start=\"148\" data-end=\"182\"><strong data-start=\"151\" data-end=\"180\">1. INFORMATIONS SUR L'UTILISATEUR<\/strong><\/h2>\n<h3 data-start=\"184\" data-end=\"259\"><strong data-start=\"188\" data-end=\"257\">Qui est responsable du traitement de vos donn\u00e9es personnelles ?<\/strong><\/h3>\n<p data-start=\"260\" data-end=\"515\">Le responsable du traitement des donn\u00e9es \u00e0 caract\u00e8re personnel est <strong data-start=\"318\" data-end=\"347\">ROMA INVEST PARTNERS S.A.<\/strong> (ci-apr\u00e8s, \u00ab la PARTIE RESPONSABLE \u00bb), qui garantit que les donn\u00e9es seront trait\u00e9es conform\u00e9ment \u00e0 la <strong data-start=\"438\" data-end=\"466\">R\u00e8glement (UE) 2016\/679<\/strong> (GDPR) y la <strong data-start=\"479\" data-end=\"502\">Loi organique 3\/2018<\/strong> (LOPDGDD).<\/p>\n<ul data-start=\"517\" data-end=\"705\">\n<li data-start=\"517\" data-end=\"563\"><strong data-start=\"519\" data-end=\"535\">Responsable:<\/strong> ROMA INVEST PARTNERS S.A.<\/li>\n<li data-start=\"564\" data-end=\"625\"><strong data-start=\"566\" data-end=\"580\">Adresse :<\/strong> Calle Nord n\u00fam. 1, (17490), Llan\u00e7\u00e0, Gerona<\/li>\n<li data-start=\"626\" data-end=\"653\"><strong data-start=\"628\" data-end=\"641\">T\u00e9l\u00e9phone<\/strong> 633106477<\/li>\n<li data-start=\"654\" data-end=\"705\"><strong data-start=\"656\" data-end=\"679\">Adresse \u00e9lectronique<\/strong> <a rel=\"noopener\" data-start=\"680\" data-end=\"703\">joan.romagosa@gmail.com<\/a><\/li>\n<\/ul>\n<h2 data-start=\"707\" data-end=\"753\"><strong data-start=\"710\" data-end=\"751\">2. LA FINALIT\u00c9 DU TRAITEMENT DES DONN\u00c9ES<\/strong><\/h2>\n<p data-start=\"755\" data-end=\"830\">Les donn\u00e9es personnelles de l'utilisateur seront trait\u00e9es aux fins suivantes :<\/p>\n<ul data-start=\"832\" data-end=\"1511\">\n<li data-start=\"832\" data-end=\"933\"><strong data-start=\"834\" data-end=\"857\">Relations d'affaires :<\/strong> G\u00e9rer la relation avec l'utilisateur et fournir les services demand\u00e9s.<\/li>\n<li data-start=\"934\" data-end=\"1203\"><strong data-start=\"936\" data-end=\"967\">Communications commerciales:<\/strong> Envoi de publicit\u00e9 et de promotions par courrier \u00e9lectronique, SMS, r\u00e9seaux sociaux ou autres supports num\u00e9riques ou physiques. Ces communications \u00e9maneront exclusivement du RESPONSABLE ou de ses collaborateurs, sans que des tiers n'acc\u00e8dent aux donn\u00e9es.<\/li>\n<li data-start=\"1204\" data-end=\"1256\"><strong data-start=\"1206\" data-end=\"1254\">\u00c9tudes de march\u00e9 et analyses statistiques.<\/strong><\/li>\n<li data-start=\"1257\" data-end=\"1393\"><strong data-start=\"1259\" data-end=\"1298\">Gestion des demandes de renseignements et des requ\u00eates:<\/strong> R\u00e9pondre aux demandes des utilisateurs par le biais des moyens de contact disponibles sur le site web.<\/li>\n<li data-start=\"1394\" data-end=\"1511\"><strong data-start=\"1396\" data-end=\"1420\">Bulletin d'information:<\/strong> Envoi de nouvelles, d'offres et de promotions li\u00e9es \u00e0 l'activit\u00e9 du RESPONSABLE.<\/li>\n<\/ul>\n<h2 data-start=\"1513\" data-end=\"1557\"><strong data-start=\"1516\" data-end=\"1555\">3. L\u00c9GITIMIT\u00c9 DU TRAITEMENT<\/strong><\/h2>\n<p data-start=\"1559\" data-end=\"1623\">Le traitement des donn\u00e9es est bas\u00e9 sur l'article 6 du GDPR :<\/p>\n<ul data-start=\"1625\" data-end=\"1872\">\n<li data-start=\"1625\" data-end=\"1730\"><strong data-start=\"1627\" data-end=\"1658\">Consentement de l'utilisateur :<\/strong> Pour l'envoi de communications commerciales et de la lettre d'information.<\/li>\n<li data-start=\"1731\" data-end=\"1872\"><strong data-start=\"1733\" data-end=\"1770\">Int\u00e9r\u00eat l\u00e9gitime du RESPONDANT :<\/strong> Pour des \u00e9tudes de march\u00e9, des analyses statistiques et la gestion des demandes formul\u00e9es par l'utilisateur.<\/li>\n<\/ul>\n<h2 data-start=\"1874\" data-end=\"1911\"><strong data-start=\"1877\" data-end=\"1909\">4. CONSERVATION DES DONN\u00c9ES<\/strong><\/h2>\n<p data-start=\"1913\" data-end=\"2160\">Les donn\u00e9es \u00e0 caract\u00e8re personnel sont conserv\u00e9es pendant la dur\u00e9e n\u00e9cessaire \u00e0 la r\u00e9alisation de la finalit\u00e9 du traitement. Une fois cette finalit\u00e9 atteinte, elles seront supprim\u00e9es en appliquant des mesures de s\u00e9curit\u00e9 qui garantissent leur anonymisation ou leur destruction totale.<\/p>\n<h2 data-start=\"2162\" data-end=\"2200\"><strong data-start=\"2165\" data-end=\"2198\">5. DESTINATAIRES DES DONN\u00c9ES<\/strong><\/h2>\n<p data-start=\"2202\" data-end=\"2459\">Le transfert de donn\u00e9es \u00e0 caract\u00e8re personnel \u00e0 des tiers n'est pas envisag\u00e9, sauf s'il est n\u00e9cessaire pour la fourniture de services sp\u00e9cifiques. Dans ce cas, les fournisseurs seront soumis \u00e0 des contrats de confidentialit\u00e9 et de traitement des donn\u00e9es conform\u00e9ment \u00e0 la r\u00e9glementation en vigueur.<\/p>\n<h2 data-start=\"2461\" data-end=\"2493\"><strong data-start=\"2464\" data-end=\"2491\">6. DROITS DE L'UTILISATEUR<\/strong><\/h2>\n<p data-start=\"2495\" data-end=\"2524\">L'utilisateur a le droit de :<\/p>\n<ul data-start=\"2526\" data-end=\"2849\">\n<li data-start=\"2526\" data-end=\"2581\"><strong data-start=\"2528\" data-end=\"2557\">Retirer son consentement<\/strong> \u00e0 tout moment.<\/li>\n<li data-start=\"2582\" data-end=\"2639\"><strong data-start=\"2584\" data-end=\"2637\">d'acc\u00e9der \u00e0 leurs donn\u00e9es, de les rectifier, de les porter et de les effacer.<\/strong><\/li>\n<li data-start=\"2640\" data-end=\"2699\"><strong data-start=\"2642\" data-end=\"2697\">Demander la limitation du traitement ou s'y opposer.<\/strong><\/li>\n<li data-start=\"2700\" data-end=\"2849\"><strong data-start=\"2702\" data-end=\"2793\">D\u00e9poser une plainte aupr\u00e8s de l'Agence espagnole de protection des donn\u00e9es (<a href=\"http:\/\/www.aepd.es\" target=\"_new\" rel=\"noopener\" data-start=\"2779\" data-end=\"2790\">www.aepd.es<\/a>)<\/strong> si vous estimez que vos droits n'ont pas \u00e9t\u00e9 respect\u00e9s.<\/li>\n<\/ul>\n<p data-start=\"2851\" data-end=\"2973\">Pour exercer ces droits, vous pouvez contacter la PARTIE RESPONSABLE par courrier \u00e9lectronique : <strong data-start=\"2944\" data-end=\"2971\"><a rel=\"noopener\" data-start=\"2946\" data-end=\"2969\">joan.romagosa@gmail.com<\/a><\/strong><\/p>\n<h2 data-start=\"2975\" data-end=\"3036\"><strong data-start=\"2978\" data-end=\"3034\">7. CARACT\u00c8RE OBLIGATOIRE DES INFORMATIONS FOURNIES<\/strong><\/h2>\n<p data-start=\"3038\" data-end=\"3285\">Les donn\u00e9es marqu\u00e9es d'un <strong data-start=\"3064\" data-end=\"3081\">ast\u00e9risque (*)<\/strong> dans les formulaires du site web sont obligatoires afin de pouvoir traiter correctement les demandes. La non-fourniture de ces donn\u00e9es peut emp\u00eacher la fourniture de services ou l'acc\u00e8s \u00e0 certaines fonctionnalit\u00e9s.<\/p>\n<p data-start=\"3287\" data-end=\"3377\">L'utilisateur est responsable de l'exactitude des informations qu'il fournit et de leur mise \u00e0 jour.<\/p>\n<h2 data-start=\"3379\" data-end=\"3411\"><strong data-start=\"3382\" data-end=\"3409\">8. MESURES DE S\u00c9CURIT\u00c9<\/strong><\/h2>\n<p data-start=\"3413\" data-end=\"3634\">Le RESPONSABLE garantit l'application de toutes les mesures techniques et organisationnelles n\u00e9cessaires pour se conformer au GDPR et \u00e0 la LOPDGDD, en assurant la confidentialit\u00e9, l'int\u00e9grit\u00e9 et la disponibilit\u00e9 des donn\u00e9es personnelles.<\/p>\n<p data-start=\"3636\" data-end=\"3788\">Pour toute question ou information compl\u00e9mentaire sur la protection des donn\u00e9es, vous pouvez contacter la personne responsable \u00e0 l'adresse \u00e9lectronique suivante <strong data-start=\"3758\" data-end=\"3785\"><a rel=\"noopener\" data-start=\"3760\" data-end=\"3783\">joan.romagosa@gmail.com<\/a><\/strong>.<\/p>\t\t\t\t\t\t\t\t<\/div>\n\t\t\t\t\t<\/div>\n\t\t<\/div>\n\t\t\t\t\t<\/div>\n\t\t<\/section>\n\t\t\t\t<\/div>","protected":false},"excerpt":{"rendered":"<p>1. INFORMACI\u00d3N AL USUARIO \u00bfQui\u00e9n es el responsable del tratamiento de tus datos personales? El responsable del tratamiento de los datos personales es ROMA INVEST PARTNERS S.A. (en adelante, \u00abel RESPONSABLE\u00bb), quien garantiza que los datos ser\u00e1n tratados conforme al Reglamento (UE) 2016\/679 (GDPR) y la Ley Org\u00e1nica 3\/2018 (LOPDGDD). Responsable: ROMA INVEST PARTNERS S.A. [&hellip;]<\/p>","protected":false},"author":1,"featured_media":0,"parent":0,"menu_order":0,"comment_status":"closed","ping_status":"closed","template":"","meta":{"_acf_changed":false,"_seopress_robots_primary_cat":"","_seopress_titles_title":"","_seopress_titles_desc":"","_seopress_robots_index":"","footnotes":""},"class_list":["post-66","page","type-page","status-publish","hentry"],"acf":[],"_links":{"self":[{"href":"https:\/\/romainvest.es\/fr\/wp-json\/wp\/v2\/pages\/66","targetHints":{"allow":["GET"]}}],"collection":[{"href":"https:\/\/romainvest.es\/fr\/wp-json\/wp\/v2\/pages"}],"about":[{"href":"https:\/\/romainvest.es\/fr\/wp-json\/wp\/v2\/types\/page"}],"author":[{"embeddable":true,"href":"https:\/\/romainvest.es\/fr\/wp-json\/wp\/v2\/users\/1"}],"replies":[{"embeddable":true,"href":"https:\/\/romainvest.es\/fr\/wp-json\/wp\/v2\/comments?post=66"}],"version-history":[{"count":0,"href":"https:\/\/romainvest.es\/fr\/wp-json\/wp\/v2\/pages\/66\/revisions"}],"wp:attachment":[{"href":"https:\/\/romainvest.es\/fr\/wp-json\/wp\/v2\/media?parent=66"}],"curies":[{"name":"wp","href":"https:\/\/api.w.org\/{rel}","templated":true}]}}