{"id":688,"date":"2025-04-30T07:42:27","date_gmt":"2025-04-30T07:42:27","guid":{"rendered":"https:\/\/romainvest.es\/?page_id=688"},"modified":"2025-05-02T10:14:04","modified_gmt":"2025-05-02T10:14:04","slug":"arquitectura-en-la-costa-brava","status":"publish","type":"page","link":"https:\/\/romainvest.es\/fr\/arquitectura-en-la-costa-brava\/","title":{"rendered":"Architecture sur la Costa Brava"},"content":{"rendered":"<div data-elementor-type=\"wp-page\" data-elementor-id=\"688\" class=\"elementor elementor-688\" data-elementor-post-type=\"page\">\n\t\t\t\t<div class=\"elementor-element elementor-element-d57a247 e-flex e-con-boxed e-con e-parent\" data-id=\"d57a247\" data-element_type=\"container\" data-settings=\"{&quot;background_background&quot;:&quot;classic&quot;}\">\n\t\t\t\t\t<div class=\"e-con-inner\">\n\t\t\t\t<div class=\"elementor-element elementor-element-cc7945e elementor-widget elementor-widget-heading\" data-id=\"cc7945e\" data-element_type=\"widget\" data-widget_type=\"heading.default\">\n\t\t\t\t\t<h1 class=\"elementor-heading-title elementor-size-default\">Architecture sur la Costa Brava<\/h1>\t\t\t\t<\/div>\n\t\t\t\t\t<\/div>\n\t\t\t\t<\/div>\n\t\t<div class=\"elementor-element elementor-element-96ede06 e-flex e-con-boxed e-con e-child\" data-id=\"96ede06\" data-element_type=\"container\">\n\t\t\t\t\t<div class=\"e-con-inner\">\n\t\t\t\t<div class=\"elementor-element elementor-element-b8e2768 elementor-widget elementor-widget-heading\" data-id=\"b8e2768\" data-element_type=\"widget\" data-widget_type=\"heading.default\">\n\t\t\t\t\t<h3 class=\"elementor-heading-title elementor-size-default\">Projets architecturaux con\u00e7us pour s\u2019int\u00e9grer \u00e0 l\u2019environnement c\u00f4tier<\/h3>\t\t\t\t<\/div>\n\t\t\t\t<div class=\"elementor-element elementor-element-b301e13 elementor-widget elementor-widget-heading\" data-id=\"b301e13\" data-element_type=\"widget\" data-widget_type=\"heading.default\">\n\t\t\t\t\t<h2 class=\"elementor-heading-title elementor-size-default\">DES MAISONS EN BORD DE MER CON\u00c7UES POUR HABITER LA LUMI\u00c8RE\n\n\n<\/h2>\t\t\t\t<\/div>\n\t\t\t\t<div class=\"elementor-element elementor-element-9dc7bd2 elementor-widget-divider--view-line elementor-widget elementor-widget-divider\" data-id=\"9dc7bd2\" data-element_type=\"widget\" data-widget_type=\"divider.default\">\n\t\t\t\t\t\t\t<div class=\"elementor-divider\">\n\t\t\t<span class=\"elementor-divider-separator\">\n\t\t\t\t\t\t<\/span>\n\t\t<\/div>\n\t\t\t\t\t\t<\/div>\n\t\t\t\t<div class=\"elementor-element elementor-element-c807a7c elementor-widget elementor-widget-text-editor\" data-id=\"c807a7c\" data-element_type=\"widget\" data-widget_type=\"text-editor.default\">\n\t\t\t\t\t\t\t\t\t<p class=\"\" data-start=\"728\" data-end=\"1145\">Sur la Costa Brava, nous concevons des maisons ouvertes sur la mer, le vent et la lumi\u00e8re. Une architecture pens\u00e9e pour suivre la pente, profiter des vues panoramiques et fusionner l\u2019int\u00e9rieur et l\u2019ext\u00e9rieur avec des mat\u00e9riaux nobles, des terrasses en gradins et des solutions bioclimatiques. Nos projets capturent le caract\u00e8re c\u00f4tier sans perdre en fonctionnalit\u00e9 ni en \u00e9l\u00e9gance contemporaine.<\/p>\t\t\t\t\t\t\t\t<\/div>\n\t\t\t\t\t<\/div>\n\t\t\t\t<\/div>\n\t\t<div class=\"elementor-element elementor-element-772ccc3 e-con-full e-flex e-con e-child\" data-id=\"772ccc3\" data-element_type=\"container\">\n\t\t<div class=\"elementor-element elementor-element-97592c8 e-con-full e-flex e-con e-child\" data-id=\"97592c8\" data-element_type=\"container\">\n\t\t<div class=\"elementor-element elementor-element-3f4949b e-con-full e-flex e-con e-child\" data-id=\"3f4949b\" data-element_type=\"container\">\n\t\t\t\t<div class=\"elementor-element elementor-element-64e9cf9 marquee-animation elementor-widget elementor-widget-image-carousel\" data-id=\"64e9cf9\" data-element_type=\"widget\" data-settings=\"{&quot;slides_to_show&quot;:&quot;3&quot;,&quot;navigation&quot;:&quot;none&quot;,&quot;autoplay_speed&quot;:0,&quot;speed&quot;:8000,&quot;slides_to_show_tablet&quot;:&quot;2&quot;,&quot;autoplay&quot;:&quot;yes&quot;,&quot;infinite&quot;:&quot;yes&quot;,&quot;image_spacing_custom&quot;:{&quot;unit&quot;:&quot;px&quot;,&quot;size&quot;:20,&quot;sizes&quot;:[]},&quot;image_spacing_custom_tablet&quot;:{&quot;unit&quot;:&quot;px&quot;,&quot;size&quot;:&quot;&quot;,&quot;sizes&quot;:[]},&quot;image_spacing_custom_mobile&quot;:{&quot;unit&quot;:&quot;px&quot;,&quot;size&quot;:&quot;&quot;,&quot;sizes&quot;:[]}}\" data-widget_type=\"image-carousel.default\">\n\t\t\t\t\t\t\t<div class=\"elementor-image-carousel-wrapper swiper\" role=\"region\" aria-roledescription=\"carousel\" aria-label=\"Image Carousel\" dir=\"ltr\">\n\t\t\t<div class=\"elementor-image-carousel swiper-wrapper\" aria-live=\"off\">\n\t\t\t\t\t\t\t\t<div class=\"swiper-slide\" role=\"group\" aria-roledescription=\"slide\" aria-label=\"1 de 7\"><figure class=\"swiper-slide-inner\"><img decoding=\"async\" class=\"swiper-slide-image\" src=\"https:\/\/romainvest.es\/wp-content\/uploads\/2025\/04\/casa-en-la-costa-brava-pepe-gascon-arquitectura-img0cd17c0a066855ef_4-1400-1-55b58ba.jpg\" alt=\"casa-en-la-costa-brava-pepe-gascon-arquitectura-img~0cd17c0a066855ef_4-1400-1-55b58ba\" \/><\/figure><\/div><div class=\"swiper-slide\" role=\"group\" aria-roledescription=\"slide\" aria-label=\"2 de 7\"><figure class=\"swiper-slide-inner\"><img decoding=\"async\" class=\"swiper-slide-image\" src=\"https:\/\/romainvest.es\/wp-content\/uploads\/2025\/04\/015.jpg\" alt=\"015\" \/><\/figure><\/div><div class=\"swiper-slide\" role=\"group\" aria-roledescription=\"slide\" aria-label=\"3 de 7\"><figure class=\"swiper-slide-inner\"><img decoding=\"async\" class=\"swiper-slide-image\" src=\"https:\/\/romainvest.es\/wp-content\/uploads\/2025\/04\/saul-brotheridge-OcVR2AWPmwY-unsplash.webp\" alt=\"saul-brotheridge-OcVR2AWPmwY-unsplash\" \/><\/figure><\/div><div class=\"swiper-slide\" role=\"group\" aria-roledescription=\"slide\" aria-label=\"4 de 7\"><figure class=\"swiper-slide-inner\"><img decoding=\"async\" class=\"swiper-slide-image\" src=\"https:\/\/romainvest.es\/wp-content\/uploads\/2025\/04\/old-buildings-port-evening.webp\" alt=\"old-buildings-port-evening\" \/><\/figure><\/div><div class=\"swiper-slide\" role=\"group\" aria-roledescription=\"slide\" aria-label=\"5 de 7\"><figure class=\"swiper-slide-inner\"><img decoding=\"async\" class=\"swiper-slide-image\" src=\"https:\/\/romainvest.es\/wp-content\/uploads\/2025\/04\/contemporary-house-interior-design.webp\" alt=\"contemporary-house-interior-design\" \/><\/figure><\/div><div class=\"swiper-slide\" role=\"group\" aria-roledescription=\"slide\" aria-label=\"6 de 7\"><figure class=\"swiper-slide-inner\"><img decoding=\"async\" class=\"swiper-slide-image\" src=\"https:\/\/romainvest.es\/wp-content\/uploads\/2025\/04\/ChatGPT-Image-30-abr-2025-08_58_32.webp\" alt=\"ChatGPT Image 30 abr 2025, 08_58_32\" \/><\/figure><\/div><div class=\"swiper-slide\" role=\"group\" aria-roledescription=\"slide\" aria-label=\"7 de 7\"><figure class=\"swiper-slide-inner\"><img decoding=\"async\" class=\"swiper-slide-image\" src=\"https:\/\/romainvest.es\/wp-content\/uploads\/2025\/04\/view-cala-s-almunia-mallorca-spain.webp\" alt=\"view-cala-s-almunia-mallorca-spain\" \/><\/figure><\/div>\t\t\t<\/div>\n\t\t\t\t\t\t\t\n\t\t\t\t\t\t\t\t\t<\/div>\n\t\t\t\t\t\t<\/div>\n\t\t\t\t<\/div>\n\t\t\t\t<\/div>\n\t\t\t\t<\/div>\n\t\t\t\t<\/div>","protected":false},"excerpt":{"rendered":"<p>Arquitectura en la Costa Brava Proyectos arquitect\u00f3nicos pensados para integrarse con el entorno costero Viviendas frente al mar, dise\u00f1adas para habitar la luz En la Costa Brava dise\u00f1amos viviendas que abren sus espacios al mar, al viento y a la luz. Arquitectura pensada para fluir con la pendiente, aprovechar vistas panor\u00e1micas y fusionar interior y [&hellip;]<\/p>","protected":false},"author":1,"featured_media":0,"parent":0,"menu_order":0,"comment_status":"closed","ping_status":"closed","template":"","meta":{"_acf_changed":false,"_seopress_robots_primary_cat":"","_seopress_titles_title":"%%post_title%% %%sep%% %%sitetitle%%","_seopress_titles_desc":"Viviendas pensadas para integrarse con el paisaje costero: espacios frente al mar que combinan luz natural, materiales nobles y soluciones bioclim\u00e1ticas.","_seopress_robots_index":"","footnotes":""},"class_list":["post-688","page","type-page","status-publish","hentry"],"acf":[],"_links":{"self":[{"href":"https:\/\/romainvest.es\/fr\/wp-json\/wp\/v2\/pages\/688","targetHints":{"allow":["GET"]}}],"collection":[{"href":"https:\/\/romainvest.es\/fr\/wp-json\/wp\/v2\/pages"}],"about":[{"href":"https:\/\/romainvest.es\/fr\/wp-json\/wp\/v2\/types\/page"}],"author":[{"embeddable":true,"href":"https:\/\/romainvest.es\/fr\/wp-json\/wp\/v2\/users\/1"}],"replies":[{"embeddable":true,"href":"https:\/\/romainvest.es\/fr\/wp-json\/wp\/v2\/comments?post=688"}],"version-history":[{"count":0,"href":"https:\/\/romainvest.es\/fr\/wp-json\/wp\/v2\/pages\/688\/revisions"}],"wp:attachment":[{"href":"https:\/\/romainvest.es\/fr\/wp-json\/wp\/v2\/media?parent=688"}],"curies":[{"name":"wp","href":"https:\/\/api.w.org\/{rel}","templated":true}]}}